{"id":4105,"date":"2025-05-16T10:32:58","date_gmt":"2025-05-16T08:32:58","guid":{"rendered":"https:\/\/konpart.de\/product\/kolbenschmidt\/"},"modified":"2025-10-14T13:46:23","modified_gmt":"2025-10-14T11:46:23","slug":"kolbenschmidt","status":"publish","type":"product","link":"https:\/\/konpart.de\/fr\/product\/kolbenschmidt\/","title":{"rendered":"Kolbenschmidt"},"excerpt":{"rendered":"<p>Kolbenschmidt, \u00e9galement connu sous le nom de KS, est une marque mondialement connue dans l&rsquo;industrie automobile, reconnue pour ses composants de moteur haute performance et son ing\u00e9nierie de pr\u00e9cision fabriqu\u00e9s en Allemagne. En tant qu&rsquo;exportateur allemand de confiance de pi\u00e8ces de rechange et de qualit\u00e9 d&rsquo;origine, nous sommes fiers d&rsquo;offrir la gamme compl\u00e8te des produits KS pour une distribution mondiale. <\/p>\n","protected":false},"featured_media":3613,"template":"","meta":{"_acf_changed":false},"product-type":[],"class_list":["post-4105","product","type-product","status-publish","has-post-thumbnail","hentry"],"acf":{"product-claim":"Kolbenschmidt - Composants de moteur de premi\u00e8re qualit\u00e9 en provenance d'Allemagne","product-description":"<strong>Votre source de confiance pour les produits Kolbenschmidt d'origine et les pi\u00e8ces de rechange de qualit\u00e9 OE<\/strong>\n\nKolbenschmidt, \u00e9galement connu sous le nom de KS, est une marque mondialement connue dans l'industrie automobile, reconnue pour ses composants de moteur haute performance et son ing\u00e9nierie de pr\u00e9cision fabriqu\u00e9s en Allemagne. En tant qu'exportateur allemand de confiance de pi\u00e8ces de rechange et de qualit\u00e9 d'origine, nous sommes fiers d'offrir la gamme compl\u00e8te des produits KS pour une distribution mondiale. \n\nQu'il s'agisse de pistons, de segments de pistons, de coussinets, de chemises de cylindres ou de blocs moteurs, Kolbenschmidt offre une qualit\u00e9 et une long\u00e9vit\u00e9 exceptionnelles qui correspondent ou d\u00e9passent les normes de l'\u00e9quipement d'origine (OE). Les pi\u00e8ces de rechange Kolbenschmidt sont con\u00e7ues pour les v\u00e9hicules de tourisme et les v\u00e9hicules utilitaires et sont le premier choix des m\u00e9caniciens professionnels et des reconstructeurs de moteurs dans le monde entier. \n\n<strong>Pourquoi choisir Kolbenschmidt ?<\/strong>\n<ul>\n \t<li><strong>Qualit\u00e9 OE :<\/strong> Kolbenschmidt fabrique des pi\u00e8ces de rechange qui correspondent aux sp\u00e9cifications des principaux constructeurs automobiles.<\/li>\n \t<li><strong>Qualit\u00e9 Made in Germany :<\/strong> Tous les produits Kolbenschmidt refl\u00e8tent l'excellence de l'ing\u00e9nierie allemande, garantissant une performance et une fiabilit\u00e9 durables.<\/li>\n \t<li><strong>Large gamme de produits :<\/strong> Nous exportons des pi\u00e8ces de moteur Kolbenschmidt pour diverses marques de v\u00e9hicules europ\u00e9ens, asiatiques et am\u00e9ricains.<\/li>\n \t<li><strong>L'excellence du march\u00e9 de la rechange :<\/strong> Parfait pour les ateliers et les distributeurs \u00e0 la recherche de solutions fiables pour le march\u00e9 de l'apr\u00e8s-vente avec une qualit\u00e9 de niveau OE.<\/li>\n<\/ul>\nEn tant qu'exportateur allemand sp\u00e9cialis\u00e9, nous assurons l'exp\u00e9dition internationale rapide et efficace des produits Kolbenschmidt. Que vous ayez besoin de petits lots ou d'exp\u00e9ditions en vrac, nous offrons des solutions d'exportation flexibles adapt\u00e9es \u00e0 vos besoins. Nos clients nous font confiance pour notre connaissance approfondie du march\u00e9 allemand des pi\u00e8ces d\u00e9tach\u00e9es et notre engagement \u00e0 fournir des composants authentiques et de haute qualit\u00e9.  \n\n<strong>Exportez les produits Kolbenschmidt en toute confiance<\/strong>\n\nAvec plus de trois d\u00e9cennies d'exp\u00e9rience dans l'exportation de pi\u00e8ces d\u00e9tach\u00e9es allemandes, nous nous assurons que nos clients re\u00e7oivent des produits Kolbenschmidt originaux directement d'Allemagne. Notre r\u00e9seau logistique permet une livraison rapide sur nos march\u00e9s d'exportation. \n\nVous cherchez un fournisseur fiable de composants de moteurs Kolbenschmidt ? Contactez-nous pour en savoir plus sur la disponibilit\u00e9 de nos produits, les conditions d'exportation et les devis personnalis\u00e9s. \n\n<strong>Kolbenschmidt - Con\u00e7u en Allemagne. Confiance dans le monde entier. <\/strong>","catalog":null,"logo-reihenfolge":6,"spare-part-table":""},"_links":{"self":[{"href":"https:\/\/konpart.de\/fr\/wp-json\/wp\/v2\/product\/4105","targetHints":{"allow":["GET"]}}],"collection":[{"href":"https:\/\/konpart.de\/fr\/wp-json\/wp\/v2\/product"}],"about":[{"href":"https:\/\/konpart.de\/fr\/wp-json\/wp\/v2\/types\/product"}],"wp:featuredmedia":[{"embeddable":true,"href":"https:\/\/konpart.de\/fr\/wp-json\/wp\/v2\/media\/3613"}],"wp:attachment":[{"href":"https:\/\/konpart.de\/fr\/wp-json\/wp\/v2\/media?parent=4105"}],"wp:term":[{"taxonomy":"product-type","embeddable":true,"href":"https:\/\/konpart.de\/fr\/wp-json\/wp\/v2\/product-type?post=4105"}],"curies":[{"name":"wp","href":"https:\/\/api.w.org\/{rel}","templated":true}]}}