{"id":4106,"date":"2025-05-16T10:29:02","date_gmt":"2025-05-16T08:29:02","guid":{"rendered":"https:\/\/konpart.de\/product\/contitech\/"},"modified":"2025-10-14T13:46:26","modified_gmt":"2025-10-14T11:46:26","slug":"contitech","status":"publish","type":"product","link":"https:\/\/konpart.de\/fr\/product\/contitech\/","title":{"rendered":"ContiTech"},"excerpt":{"rendered":"<p>En tant qu&rsquo;exportateur allemand fiable de pi\u00e8ces d\u00e9tach\u00e9es, nous sommes fiers d&rsquo;offrir \u00e0 nos clients du monde entier l&rsquo;acc\u00e8s aux produits ContiTech d&rsquo;origine &#8211; une r\u00e9f\u00e9rence mondiale en mati\u00e8re de qualit\u00e9, de performance et d&rsquo;excellence de l&rsquo;ing\u00e9nierie allemande.<\/p>\n","protected":false},"featured_media":3557,"template":"","meta":{"_acf_changed":false},"product-type":[],"class_list":["post-4106","product","type-product","status-publish","has-post-thumbnail","hentry"],"acf":{"product-claim":"Premium Engineering Made in Germany - Pi\u00e8ces d\u00e9tach\u00e9es de qualit\u00e9 OE d'un exportateur allemand de confiance","product-description":"En tant qu'exportateur allemand fiable de pi\u00e8ces d\u00e9tach\u00e9es, nous sommes fiers d'offrir \u00e0 nos clients du monde entier l'acc\u00e8s aux produits ContiTech d'origine - une r\u00e9f\u00e9rence mondiale en mati\u00e8re de qualit\u00e9, de performance et d'excellence de l'ing\u00e9nierie allemande.\n\nContiTech, une marque cl\u00e9 du groupe Continental, est sp\u00e9cialis\u00e9e dans les composants en caoutchouc et en plastique de haute performance pour l'automobile et l'industrie. Fabriqu\u00e9s en Allemagne et con\u00e7us selon les normes de l'\u00e9quipement d'origine (OE), les articles ContiTech garantissent une longue dur\u00e9e de vie, un ajustement pr\u00e9cis et une efficacit\u00e9 maximale, tant pour les \u00e9quipementiers que pour le secteur de l'apr\u00e8s-vente. \n<h3>Qu'est-ce qui distingue les produits ContiTech ?<\/h3>\n<ul>\n \t<li>Garantie de qualit\u00e9 OE\nTous les produits ContiTech sont fabriqu\u00e9s selon des sp\u00e9cifications OE strictes, garantissant la compatibilit\u00e9, la durabilit\u00e9 et les meilleures performances dans des conditions r\u00e9elles.<\/li>\n \t<li>Large gamme de produits\nDes courroies de distribution, courroies d'entra\u00eenement, ressorts pneumatiques et supports de moteur aux tuyaux du syst\u00e8me de refroidissement et aux pi\u00e8ces de contr\u00f4le des vibrations, ContiTech couvre un large \u00e9ventail d'applications pour les voitures particuli\u00e8res et les v\u00e9hicules utilitaires.<\/li>\n \t<li>Made in Germany\nCon\u00e7us et fabriqu\u00e9s en Allemagne, les produits ContiTech refl\u00e8tent l'innovation, la pr\u00e9cision et la fiabilit\u00e9 qui d\u00e9finissent l'industrie automobile allemande.<\/li>\n \t<li>Pr\u00eat pour le march\u00e9 de l'apr\u00e8s-vente\nId\u00e9al pour les ateliers, les distributeurs et les centres de r\u00e9paration qui recherchent des pi\u00e8ces de rechange fiables pour le march\u00e9 de l'apr\u00e8s-vente avec des performances de niveau OEM.<\/li>\n<\/ul>\n<h3>Exportation de pi\u00e8ces d\u00e9tach\u00e9es d'origine ContiTech<\/h3>\nNous sommes votre partenaire d'exportation pour les pi\u00e8ces d\u00e9tach\u00e9es ContiTech :\n<ul>\n \t<li>Approvisionnement direct en Allemagne<\/li>\n \t<li>Exp\u00e9dition mondiale rapide et s\u00e9curis\u00e9e<\/li>\n \t<li>Service client\u00e8le multilingue<\/li>\n \t<li>Documentation d'exportation personnalis\u00e9e<\/li>\n<\/ul>\nQue vous soyez un distributeur, un fournisseur de pi\u00e8ces ou un op\u00e9rateur de flotte, nous vous aidons \u00e0 acc\u00e9der rapidement et efficacement \u00e0 des pi\u00e8ces de rechange allemandes de premi\u00e8re qualit\u00e9, o\u00f9 que vous soyez.\n<h3>Choisissez ContiTech - Choisissez la qualit\u00e9<\/h3>\nLorsque vous choisissez ContiTech, vous optez pour l'excellence en mati\u00e8re d'ing\u00e9nierie, une fiabilit\u00e9 \u00e9prouv\u00e9e et l'assurance de pi\u00e8ces de rechange de qualit\u00e9 premi\u00e8re monte fabriqu\u00e9es en Allemagne. En tant qu'exportateur allemand exp\u00e9riment\u00e9, nous veillons \u00e0 ce que ces pi\u00e8ces de haute performance parviennent \u00e0 votre entreprise avec rapidit\u00e9, soin et une assistance compl\u00e8te. ","catalog":null,"logo-reihenfolge":2,"spare-part-table":""},"_links":{"self":[{"href":"https:\/\/konpart.de\/fr\/wp-json\/wp\/v2\/product\/4106","targetHints":{"allow":["GET"]}}],"collection":[{"href":"https:\/\/konpart.de\/fr\/wp-json\/wp\/v2\/product"}],"about":[{"href":"https:\/\/konpart.de\/fr\/wp-json\/wp\/v2\/types\/product"}],"wp:featuredmedia":[{"embeddable":true,"href":"https:\/\/konpart.de\/fr\/wp-json\/wp\/v2\/media\/3557"}],"wp:attachment":[{"href":"https:\/\/konpart.de\/fr\/wp-json\/wp\/v2\/media?parent=4106"}],"wp:term":[{"taxonomy":"product-type","embeddable":true,"href":"https:\/\/konpart.de\/fr\/wp-json\/wp\/v2\/product-type?post=4106"}],"curies":[{"name":"wp","href":"https:\/\/api.w.org\/{rel}","templated":true}]}}