{"id":4107,"date":"2024-11-22T12:15:30","date_gmt":"2024-11-22T11:15:30","guid":{"rendered":"https:\/\/konpart.de\/product\/wahler\/"},"modified":"2025-10-14T13:46:29","modified_gmt":"2025-10-14T11:46:29","slug":"wahler","status":"publish","type":"product","link":"https:\/\/konpart.de\/fr\/product\/wahler\/","title":{"rendered":"Wahler"},"excerpt":{"rendered":"<p>Wahler, fond\u00e9e en 1902 en Allemagne et faisant partie depuis 2014 du groupe BorgWarner, est un \u00e9quipementier r\u00e9put\u00e9 pour les pi\u00e8ces de moteurs \u00e0 combustion telles que les vannes EGR et les thermostats.<\/p>\n","protected":false},"featured_media":3709,"template":"","meta":{"_acf_changed":false},"product-type":[],"class_list":["post-4107","product","type-product","status-publish","has-post-thumbnail","hentry"],"acf":{"product-claim":"Vannes EGR et thermostats OEM pour le march\u00e9 de la rechange","product-description":"Wahler, fond\u00e9e en 1902 en Allemagne et faisant partie depuis 2014 du groupe BorgWarner, est un \u00e9quipementier r\u00e9put\u00e9 pour les pi\u00e8ces de moteurs \u00e0 combustion telles que les vannes EGR et les thermostats.\n<h3>Technologie d'\u00e9mission de qualit\u00e9 OE couvrant une large gamme de produits<\/h3>\nWahler propose au march\u00e9 de la rechange automobile une large gamme de composants de moteur de qualit\u00e9 sup\u00e9rieure, de la m\u00eame qualit\u00e9 que les pi\u00e8ces d'origine utilis\u00e9es par les constructeurs automobiles. Les pi\u00e8ces de rechange Wahler sont disponibles pour une large gamme de v\u00e9hicules et garantissent les m\u00eames performances, la m\u00eame qualit\u00e9 et la m\u00eame fiabilit\u00e9 que les produits d'origine. \n\nAujourd'hui, Wahler poss\u00e8de des divisions technologiques, des usines de production et des unit\u00e9s de distribution en Europe, en Asie, ainsi qu'en Am\u00e9rique du Nord et du Sud.\n\n\u00a0\n\n<strong>Pi\u00e8ces de rechange Wahler<\/strong>\n\n[table id=\"12\" \/]","catalog":null,"logo-reihenfolge":"","spare-part-table":"[table id=\"12\" \/]"},"_links":{"self":[{"href":"https:\/\/konpart.de\/fr\/wp-json\/wp\/v2\/product\/4107","targetHints":{"allow":["GET"]}}],"collection":[{"href":"https:\/\/konpart.de\/fr\/wp-json\/wp\/v2\/product"}],"about":[{"href":"https:\/\/konpart.de\/fr\/wp-json\/wp\/v2\/types\/product"}],"wp:featuredmedia":[{"embeddable":true,"href":"https:\/\/konpart.de\/fr\/wp-json\/wp\/v2\/media\/3709"}],"wp:attachment":[{"href":"https:\/\/konpart.de\/fr\/wp-json\/wp\/v2\/media?parent=4107"}],"wp:term":[{"taxonomy":"product-type","embeddable":true,"href":"https:\/\/konpart.de\/fr\/wp-json\/wp\/v2\/product-type?post=4107"}],"curies":[{"name":"wp","href":"https:\/\/api.w.org\/{rel}","templated":true}]}}