{"id":4109,"date":"2024-11-22T12:17:30","date_gmt":"2024-11-22T11:17:30","guid":{"rendered":"https:\/\/konpart.de\/product\/zf\/"},"modified":"2025-10-14T13:46:33","modified_gmt":"2025-10-14T11:46:33","slug":"zf","status":"publish","type":"product","link":"https:\/\/konpart.de\/fr\/product\/zf\/","title":{"rendered":"ZF"},"excerpt":{"rendered":"<p>La marque ZF, qui fait partie du deuxi\u00e8me fournisseur mondial de pi\u00e8ces d\u00e9tach\u00e9es automobiles ZF Friedrichshafen, est un leader mondial dans le domaine de la technologie des cha\u00eenes cin\u00e9matiques et des ch\u00e2ssis. ZF Friedrichshafen exploite environ 230 sites dans 40 pays, ainsi que plus de 70 centres de service propres. <\/p>\n","protected":false},"featured_media":3713,"template":"","meta":{"_acf_changed":false},"product-type":[],"class_list":["post-4109","product","type-product","status-publish","has-post-thumbnail","hentry"],"acf":{"product-claim":"Bo\u00eetes de vitesses, essieux et pi\u00e8ces d\u00e9tach\u00e9es de qualit\u00e9 OE pour le march\u00e9 de la rechange","product-description":"La marque ZF, qui fait partie du deuxi\u00e8me fournisseur mondial de pi\u00e8ces d\u00e9tach\u00e9es automobiles ZF Friedrichshafen, est un leader mondial dans le domaine de la technologie des cha\u00eenes cin\u00e9matiques et des ch\u00e2ssis. ZF Friedrichshafen exploite environ 230 sites dans 40 pays, ainsi que plus de 70 centres de service propres. \n\nL'expertise de ZF en mati\u00e8re d'\u00e9quipement d'origine est transf\u00e9r\u00e9e dans ses activit\u00e9s de march\u00e9 secondaire, en offrant des composants complets et des pi\u00e8ces d\u00e9tach\u00e9es de qualit\u00e9 OE pour les voitures, les camions, les autobus et les v\u00e9hicules hors route sur le march\u00e9 secondaire. La qualit\u00e9 maximale et l'expertise technologique de la fabrication des \u00e9quipements d'origine sont d\u00e9montr\u00e9es avec succ\u00e8s dans les activit\u00e9s de pi\u00e8ces d\u00e9tach\u00e9es du march\u00e9 secondaire de ZF. Gr\u00e2ce \u00e0 son portefeuille complet de produits, la marque ZF garantit la performance et l'efficacit\u00e9 des v\u00e9hicules tout au long de leur cycle de vie.  \n\nLes professionnels s'appuient sur les composants complets et les pi\u00e8ces de rechange du march\u00e9 de l'apr\u00e8s-vente en qualit\u00e9 OE de ZF. KonPart Import-Export GmbH propose les gammes compl\u00e8tes de pi\u00e8ces d\u00e9tach\u00e9es de transmission et d'essieu de ZF pour les camions, les bus et les voitures qui conviennent aux composants ZF. \n\nKonPart Import-Export GmbH fournit les lignes compl\u00e8tes ZF suivantes (composants complets et pi\u00e8ces d\u00e9tach\u00e9es) :\n<ul>\n \t<li>Transmission ZF pour v\u00e9hicules utilitaires et voitures particuli\u00e8res<\/li>\n \t<li>Essieu ZF pour v\u00e9hicules utilitaires et voitures particuli\u00e8res<\/li>\n<\/ul>\nEn tant qu'exportateur agr\u00e9\u00e9 de bo\u00eetes de vitesses, d'essieux et de pi\u00e8ces d\u00e9tach\u00e9es ZF, n'h\u00e9sitez pas \u00e0 nous contacter en cas de demande.\n<h3>Bo\u00eetes de vitesses et pi\u00e8ces d\u00e9tach\u00e9es de transmission d'origine ZF pour camions, bus et voitures<\/h3>\nZF vous offre tout ce dont vous avez besoin en mati\u00e8re de transmissions : Bo\u00eetes de vitesses d'origine neuves ou d'\u00e9change, pi\u00e8ces de rechange ou kits de r\u00e9paration.\n\nZF garde en stock dans ses centres logistiques sa gamme compl\u00e8te de plus de 100 000 pi\u00e8ces d\u00e9tach\u00e9es de transmission pour tous les types de camions et d'autobus. Les pi\u00e8ces de rechange ZF sont soumises aux m\u00eames processus de qualit\u00e9 et d'inspection que les composants produits en s\u00e9rie par ZF, de sorte que toutes les pi\u00e8ces fournies sont d'une qualit\u00e9 OE \u00e9prouv\u00e9e. Fiabilit\u00e9 \u00e0 long terme, car ZF garantit la fourniture de pi\u00e8ces de rechange jusqu'\u00e0 15 ans apr\u00e8s l'arr\u00eat de la production en s\u00e9rie, et m\u00eame plus longtemps pour les voitures anciennes. ZF fournit \u00e9galement des huiles de transmission ZF de qualit\u00e9 premi\u00e8re monte au march\u00e9 ind\u00e9pendant des pi\u00e8ces de rechange.   \n\nLa qualit\u00e9, la technologie et les garanties de premier ordre de la production en s\u00e9rie de ZF sont \u00e9galement disponibles sur le march\u00e9 des pi\u00e8ces de rechange :\n<ul>\n \t<li>Bo\u00eetes de vitesses compl\u00e8tes d'origine<\/li>\n \t<li>Pi\u00e8ces de rechange de qualit\u00e9 OE<\/li>\n \t<li>Gamme compl\u00e8te de produits<\/li>\n \t<li>Plus de 100 000 pi\u00e8ces de transmission toujours en stock<\/li>\n<\/ul>\n<img class=\"alignnone size-full wp-image-1741\" src=\"https:\/\/konpart.de\/wp-content\/uploads\/2024\/11\/ZF-EcoLife_small.webp\" alt=\"\" width=\"700\" height=\"478\">\n<h4>Bo\u00eetes de vitesses ZF pour camions :<\/h4>\n<ul>\n \t<li>AS Tronic<\/li>\n \t<li>AS Tronic Lite<\/li>\n \t<li>AS Tronic Mid<\/li>\n \t<li>Ecolite pour les camions l\u00e9gers<\/li>\n \t<li>Ecomid<\/li>\n \t<li>Ecosplit<\/li>\n \t<li>EcoTronic Mid<\/li>\n<\/ul>\n<h4>Bo\u00eetes de vitesses ZF pour autobus :<\/h4>\n<ul>\n \t<li>AS Tronic<\/li>\n \t<li>Entra\u00eeneurs AS Tronic Lite<\/li>\n \t<li>EcoLife City et Intercity Bus<\/li>\n \t<li>Coach EcoLife<\/li>\n \t<li>TraXon<\/li>\n<\/ul>\n<h4>Bo\u00eetes de vitesses ZF pour voitures :<\/h4>\n<ul>\n \t<li>Transmission automatique \u00e0 6 vitesses<\/li>\n \t<li>Bo\u00eete de vitesses manuelle \u00e0 6 rapports<\/li>\n \t<li>Transmission \u00e0 double embrayage \u00e0 7 vitesses<\/li>\n \t<li>Bo\u00eete de vitesses manuelle \u00e0 7 rapports<\/li>\n \t<li>Transmission automatique \u00e0 8 vitesses<\/li>\n \t<li>Bo\u00eete de vitesses \u00e0 double embrayage \u00e0 8 rapports<\/li>\n \t<li>Transmission hybride \u00e0 8 vitesses<\/li>\n \t<li>Transmission hybride rechargeable \u00e0 8 vitesses<\/li>\n \t<li>Bo\u00eete de vitesses automatique \u00e0 9 rapports<\/li>\n \t<li>Convertisseur Transmission hybride<\/li>\n \t<li>Ecolite pour les ramassages<\/li>\n<\/ul>\n<h3>  Essieux et pi\u00e8ces d\u00e9tach\u00e9es d'origine ZF pour camions, bus et voitures<\/h3>\nZF propose des syst\u00e8mes complets d'essieux avant et arri\u00e8re de camions, y compris des suspensions de roues, des suspensions, des amortisseurs et des freins utilis\u00e9s par les constructeurs automobiles du monde entier. Sur le march\u00e9 des pi\u00e8ces de rechange, ZF fournit des pi\u00e8ces d'origine compatibles pour la r\u00e9paration et l'entretien des essieux de camions, d'autobus et de voitures particuli\u00e8res. \n<h4>Essieux neufs et de remplacement ZF pour camions, bus, voitures et v\u00e9hicules utilitaires l\u00e9gers<\/h4>\nZF fournit des essieux neufs et de rechange. Un essieu de remplacement pour les camions, les bus ou les voitures est une alternative rapide, peu co\u00fbteuse et \u00e9cologique aux r\u00e9parations conventionnelles. Les essieux de rechange ZF r\u00e9pondent aux m\u00eames normes de qualit\u00e9 que les essieux produits en grande s\u00e9rie. Les clients b\u00e9n\u00e9ficient \u00e9galement des progr\u00e8s techniques r\u00e9alis\u00e9s sur les essieux produits en grande s\u00e9rie, car ZF les int\u00e8gre dans le processus de refabrication. Les essieux de rechange ZF sont garantis un an.    \n\n<img class=\"alignnone size-full wp-image-1737\" src=\"https:\/\/konpart.de\/wp-content\/uploads\/2024\/11\/ZF-AVE-130_small.webp\" alt=\"\" width=\"700\" height=\"478\">\n<h5>Essieux ZF pour camions :<\/h5>\n<ul>\n \t<li>AVE 130<\/li>\n \t<li>Essieu directeur plan\u00e9taire APL 90<\/li>\n \t<li>Suspension arri\u00e8re \u00e0 double essieu<\/li>\n<\/ul>\n<h5>Essieux ZF pour autobus :<\/h5>\n<ul>\n \t<li>AV110 Essieu portique pour bus midi<\/li>\n \t<li>Syst\u00e8me AVE 130<\/li>\n \t<li>Syst\u00e8me d'essieu arri\u00e8re A 132<\/li>\n \t<li>Syst\u00e8me d'essieu arri\u00e8re AV 133<\/li>\n<\/ul>\n<h5>Essieux ZF pour voitures :<\/h5>\n<ul>\n \t<li>Essieu \u00e0 poutre massive entra\u00een\u00e9e<\/li>\n \t<li>Prise de force \u00e0 1 \u00e9tage<\/li>\n \t<li>Prise de force \u00e0 2 \u00e9tages<\/li>\n \t<li>Entra\u00eenement de l'essieu avant li\u00e9 au moteur<\/li>\n \t<li>Entra\u00eenement de l'essieu avant li\u00e9 au ch\u00e2ssis<\/li>\n \t<li>Entra\u00eenement de l'essieu arri\u00e8re HAG<\/li>\n \t<li>Entra\u00eenement vectoriel<\/li>\n<\/ul>\n<h4>ZF Genuine Axle Spare Parts for Trucks, Buses & Passanger Cars<\/h4>\nZF stocke plus de 100 000 pi\u00e8ces d\u00e9tach\u00e9es pour tous les types d'essieux de camions, d'autobus et de voitures particuli\u00e8res. Toutes les pi\u00e8ces de rechange ZF sont produites selon les m\u00eames processus de fabrication que les composants produits en s\u00e9rie et sont soumises aux m\u00eames processus de qualit\u00e9 et d'inspection. ZF offre des garanties allant jusqu'\u00e0 10 ans apr\u00e8s l'arr\u00eat de la production en s\u00e9rie, et m\u00eame plus longtemps pour les essieux ZF sp\u00e9cifiques.  ","catalog":null,"logo-reihenfolge":1,"spare-part-table":""},"_links":{"self":[{"href":"https:\/\/konpart.de\/fr\/wp-json\/wp\/v2\/product\/4109","targetHints":{"allow":["GET"]}}],"collection":[{"href":"https:\/\/konpart.de\/fr\/wp-json\/wp\/v2\/product"}],"about":[{"href":"https:\/\/konpart.de\/fr\/wp-json\/wp\/v2\/types\/product"}],"wp:featuredmedia":[{"embeddable":true,"href":"https:\/\/konpart.de\/fr\/wp-json\/wp\/v2\/media\/3713"}],"wp:attachment":[{"href":"https:\/\/konpart.de\/fr\/wp-json\/wp\/v2\/media?parent=4109"}],"wp:term":[{"taxonomy":"product-type","embeddable":true,"href":"https:\/\/konpart.de\/fr\/wp-json\/wp\/v2\/product-type?post=4109"}],"curies":[{"name":"wp","href":"https:\/\/api.w.org\/{rel}","templated":true}]}}