{"id":4111,"date":"2024-11-22T12:13:52","date_gmt":"2024-11-22T11:13:52","guid":{"rendered":"https:\/\/konpart.de\/product\/vemo\/"},"modified":"2025-10-14T13:46:36","modified_gmt":"2025-10-14T11:46:36","slug":"vemo","status":"publish","type":"product","link":"https:\/\/konpart.de\/fr\/product\/vemo\/","title":{"rendered":"Vemo"},"excerpt":{"rendered":"<p>Dans quelques ann\u00e9es seulement, la valeur des pi\u00e8ces \u00e9lectroniques d&rsquo;une voiture repr\u00e9sentera plus de 60 % du total. Un chiffre qui met clairement en \u00e9vidence le potentiel du secteur d&rsquo;activit\u00e9 VEMO. <\/p>\n","protected":false},"featured_media":3701,"template":"","meta":{"_acf_changed":false},"product-type":[],"class_list":["post-4111","product","type-product","status-publish","has-post-thumbnail","hentry"],"acf":{"product-claim":"Produits Vemo","product-description":"Dans quelques ann\u00e9es seulement, la valeur des pi\u00e8ces \u00e9lectroniques d'une voiture repr\u00e9sentera plus de 60 % du total. Un chiffre qui met clairement en \u00e9vidence le potentiel du secteur d'activit\u00e9 VEMO. \n\nMais il n'est pas le seul : VEMO fournit plus de 4000 articles pour les secteurs de la climatisation, de l'\u00e9lectricit\u00e9 et de l'\u00e9lectronique dans 125 pays, avec environ 1000 nouveaux produits chaque ann\u00e9e. Le nombre de clients de VEMO est \u00e9galement en constante augmentation. Cela est d\u00fb en partie \u00e0 notre service de livraison rapide, \u00e0 nos gammes de produits attrayantes et \u00e0 nos syst\u00e8mes informatiques efficaces, sans oublier notre approche coop\u00e9rative constante.  ","catalog":null,"logo-reihenfolge":"","spare-part-table":""},"_links":{"self":[{"href":"https:\/\/konpart.de\/fr\/wp-json\/wp\/v2\/product\/4111","targetHints":{"allow":["GET"]}}],"collection":[{"href":"https:\/\/konpart.de\/fr\/wp-json\/wp\/v2\/product"}],"about":[{"href":"https:\/\/konpart.de\/fr\/wp-json\/wp\/v2\/types\/product"}],"wp:featuredmedia":[{"embeddable":true,"href":"https:\/\/konpart.de\/fr\/wp-json\/wp\/v2\/media\/3701"}],"wp:attachment":[{"href":"https:\/\/konpart.de\/fr\/wp-json\/wp\/v2\/media?parent=4111"}],"wp:term":[{"taxonomy":"product-type","embeddable":true,"href":"https:\/\/konpart.de\/fr\/wp-json\/wp\/v2\/product-type?post=4111"}],"curies":[{"name":"wp","href":"https:\/\/api.w.org\/{rel}","templated":true}]}}