{"id":4112,"date":"2024-11-22T12:12:35","date_gmt":"2024-11-22T11:12:35","guid":{"rendered":"https:\/\/konpart.de\/product\/vaico\/"},"modified":"2025-10-14T13:46:41","modified_gmt":"2025-10-14T11:46:41","slug":"vaico","status":"publish","type":"product","link":"https:\/\/konpart.de\/fr\/product\/vaico\/","title":{"rendered":"Vaico"},"excerpt":{"rendered":"<p>\u00ab\u00a0Fournir rapidement la meilleure qualit\u00e9 &#8211; au co\u00fbt le plus bas possible et avec une valeur ajout\u00e9e cruciale\u00a0\u00bb. Une formule br\u00e8ve pour une activit\u00e9 complexe aux exigences \u00e9lev\u00e9es. VAICO r\u00e9pond \u00e0 ces exigences \u00e0 tous \u00e9gards, dans le monde entier. Avec des pi\u00e8ces de qualit\u00e9 OEM \u00ab\u00a0Made in Germany\u00a0\u00bb.<\/p>\n","protected":false},"featured_media":3697,"template":"","meta":{"_acf_changed":false},"product-type":[],"class_list":["post-4112","product","type-product","status-publish","has-post-thumbnail","hentry"],"acf":{"product-claim":"Produits Vaico","product-description":"\"Fournir rapidement la meilleure qualit\u00e9 - au co\u00fbt le plus bas possible et avec une valeur ajout\u00e9e cruciale\". Une formule br\u00e8ve pour une activit\u00e9 complexe aux exigences \u00e9lev\u00e9es. VAICO r\u00e9pond \u00e0 ces exigences \u00e0 tous \u00e9gards, dans le monde entier. Avec des pi\u00e8ces de qualit\u00e9 OEM \"Made in Germany\".\n\nLe nouveau label de qualit\u00e9 Q+ est synonyme d'une production conforme aux sp\u00e9cifications les plus strictes des principaux constructeurs automobiles allemands.","catalog":null,"logo-reihenfolge":"","spare-part-table":""},"_links":{"self":[{"href":"https:\/\/konpart.de\/fr\/wp-json\/wp\/v2\/product\/4112","targetHints":{"allow":["GET"]}}],"collection":[{"href":"https:\/\/konpart.de\/fr\/wp-json\/wp\/v2\/product"}],"about":[{"href":"https:\/\/konpart.de\/fr\/wp-json\/wp\/v2\/types\/product"}],"wp:featuredmedia":[{"embeddable":true,"href":"https:\/\/konpart.de\/fr\/wp-json\/wp\/v2\/media\/3697"}],"wp:attachment":[{"href":"https:\/\/konpart.de\/fr\/wp-json\/wp\/v2\/media?parent=4112"}],"wp:term":[{"taxonomy":"product-type","embeddable":true,"href":"https:\/\/konpart.de\/fr\/wp-json\/wp\/v2\/product-type?post=4112"}],"curies":[{"name":"wp","href":"https:\/\/api.w.org\/{rel}","templated":true}]}}