{"id":4114,"date":"2024-11-22T10:53:03","date_gmt":"2024-11-22T09:53:03","guid":{"rendered":"https:\/\/konpart.de\/product\/ne\/"},"modified":"2025-10-14T13:46:52","modified_gmt":"2025-10-14T11:46:52","slug":"ne","status":"publish","type":"product","link":"https:\/\/konpart.de\/fr\/product\/ne\/","title":{"rendered":"NE"},"excerpt":{"rendered":"<p>Les pi\u00e8ces d\u00e9tach\u00e9es NE de la soci\u00e9t\u00e9 NPR of Europe GmbH, filiale du fabricant japonais de pi\u00e8ces de moteur NPR &#8211; Nippon Piston Ring Co. Ltd. <\/p>\n","protected":false},"featured_media":3641,"template":"","meta":{"_acf_changed":false},"product-type":[],"class_list":["post-4114","product","type-product","status-publish","has-post-thumbnail","hentry"],"acf":{"product-claim":"NE - Produits de la NPR de l'Europe","product-description":"Les pi\u00e8ces d\u00e9tach\u00e9es NE de la soci\u00e9t\u00e9 NPR of Europe GmbH, filiale du fabricant japonais de pi\u00e8ces de moteur NPR - Nippon Piston Ring Co. Ltd. \n\n[ws-catalog]\n<h3>Comment remplacer les anciens num\u00e9ros de poste NE par de nouveaux num\u00e9ros de poste NE ?<\/h3>\nLe premier chiffre identifie l'emballage (\u00e0 partir de 8 - ensemble 1 cylindre \/ \u00e0 partir de 7 - ensemble moteur). Toutefois, les jeux de moteurs ne sont disponibles que pour les moteurs asiatiques. Les chiffres 3 \u00e0 6 d\u00e9finissent le fabricant du moteur et le jeu de bagues, les chiffres 7 et 8 indiquent si le jeu de bagues est standard ou surdimensionn\u00e9. Les deux derniers chiffres sont r\u00e9serv\u00e9s aux besoins internes de NE.   \n\nExemple : Comment remplacer les anciens num\u00e9ros d'articles NE par de nouveaux num\u00e9ros d'articles NE :\n[table id=\"15\" \/]\n<h3>Regarder de plus pr\u00e8s le NE - NPR of Europe<\/h3>\nAvec plus de 30 ans d'exp\u00e9rience dans la production de segments de piston, de jeux de segments, de pi\u00e8ces de commande de soupapes, de roulements et de chemises de cylindres pour les moteurs automobiles, marins, industriels et agricoles, la marque NE est connue pour ses normes de qualit\u00e9 \u00e9lev\u00e9es, son d\u00e9veloppement continu et la fiabilit\u00e9 de ses approvisionnements.\n\nAujourd'hui, NPR of Europe fournit de nombreux fabricants d'\u00e9quipements d'origine renomm\u00e9s pour la production en s\u00e9rie, ainsi que des pi\u00e8ces d\u00e9tach\u00e9es pour le march\u00e9 de l'apr\u00e8s-vente.\n\nNPR of Europe fournit les fabricants de pistons et de moteurs suivants :\n<ul>\n \t<li>Audi<\/li>\n \t<li>Asso Werke<\/li>\n \t<li>Bitzer K\u00fchlmaschinenbau<\/li>\n \t<li>BMW<\/li>\n \t<li>BRP-Rotax<\/li>\n \t<li>Capricorne<\/li>\n \t<li>Copeland<\/li>\n \t<li>Delmag<\/li>\n \t<li>Deutz<\/li>\n \t<li>Ducati<\/li>\n \t<li>Duraldur<\/li>\n \t<li>F\u00e9d\u00e9ral-Mogul<\/li>\n \t<li>Ferrari<\/li>\n \t<li>Fiat<\/li>\n \t<li>Ford<\/li>\n \t<li>Kolbenschmidt Pierburg<\/li>\n \t<li>Mahle<\/li>\n \t<li>Groupe automobile Mercedes-Benz<\/li>\n \t<li>Camion Mercedes-Benz<\/li>\n \t<li>Mercedes-AMG<\/li>\n \t<li>Motorenfabrik Hatz<\/li>\n \t<li>MTU<\/li>\n \t<li>Renault<\/li>\n \t<li>Sisu<\/li>\n \t<li>Motos Triumph<\/li>\n \t<li>Sommet<\/li>\n \t<li>Yamaha Motor France (MBK)<\/li>\n \t<li>Volvo<\/li>\n \t<li>VM<\/li>\n \t<li>VW<\/li>\n<\/ul>\nSur le march\u00e9 de l'apr\u00e8s-vente, NPR of Europe fournit des pi\u00e8ces de moteur pour les marques suivantes :\n<ul>\n \t<li>Alfa Romeo<\/li>\n \t<li>Audi<\/li>\n \t<li>Austin<\/li>\n \t<li>Autobianchi<\/li>\n \t<li>Avia-Daewoo<\/li>\n \t<li>Baudouin<\/li>\n \t<li>Bedford<\/li>\n \t<li>Berliet<\/li>\n \t<li>BLMC<\/li>\n \t<li>BMW<\/li>\n \t<li>BMW Motorrad<\/li>\n \t<li>Bosch<\/li>\n \t<li>Case IH<\/li>\n \t<li>Caterpillar<\/li>\n \t<li>Chrysler<\/li>\n \t<li>Citro\u00ebn<\/li>\n \t<li>Cummins<\/li>\n \t<li>Dacia<\/li>\n \t<li>Daewoo - Chevrolet (GM)<\/li>\n \t<li>Daf<\/li>\n \t<li>Daihatsu<\/li>\n \t<li>Mercedes-Benz<\/li>\n \t<li>David Brown<\/li>\n \t<li>Deutz<\/li>\n \t<li>Eicher<\/li>\n \t<li>Fap-Famos<\/li>\n \t<li>FIAT<\/li>\n \t<li>FIAT-Iveco<\/li>\n \t<li>Ford<\/li>\n \t<li>Fordson<\/li>\n \t<li>GA3-Wolga<\/li>\n \t<li>Guascor<\/li>\n \t<li>G\u00fcldner<\/li>\n \t<li>Hanomag<\/li>\n \t<li>Hatz<\/li>\n \t<li>Henschel<\/li>\n \t<li>Hino<\/li>\n \t<li>Honda<\/li>\n \t<li>Hyundai<\/li>\n \t<li>IFA<\/li>\n \t<li>IHC - Case IH<\/li>\n \t<li>Indenor<\/li>\n \t<li>Isuzu<\/li>\n \t<li>Iveco<\/li>\n \t<li>Jaguar<\/li>\n \t<li>John Deere<\/li>\n \t<li>Kama3<\/li>\n \t<li>KHD<\/li>\n \t<li>Kia<\/li>\n \t<li>Komatsu<\/li>\n \t<li>Lada<\/li>\n \t<li>Lamborghini<\/li>\n \t<li>Lancia<\/li>\n \t<li>Land Rover<\/li>\n \t<li>Leyland<\/li>\n \t<li>Liaz<\/li>\n \t<li>Liebherr<\/li>\n \t<li>Lister<\/li>\n \t<li>Lombardini<\/li>\n \t<li>Lotus<\/li>\n \t<li>MAN<\/li>\n \t<li>Magirus-Deutz<\/li>\n \t<li>Malcotsis<\/li>\n \t<li>Massey-Ferguson<\/li>\n \t<li>Mazda<\/li>\n \t<li>MCC - Smart<\/li>\n \t<li>Mercedes-Benz<\/li>\n \t<li>Mini<\/li>\n \t<li>Mitsubishi<\/li>\n \t<li>MMZ Minsk<\/li>\n \t<li>Morris<\/li>\n \t<li>Moskvitch<\/li>\n \t<li>MWM<\/li>\n \t<li>New Holland<\/li>\n \t<li>Nissan<\/li>\n \t<li>NSU<\/li>\n \t<li>Opel<\/li>\n \t<li>Pegaso<\/li>\n \t<li>Perkins<\/li>\n \t<li>Petter<\/li>\n \t<li>Peugeot<\/li>\n \t<li>Peykan<\/li>\n \t<li>Polski-FIAT<\/li>\n \t<li>Porsche<\/li>\n \t<li>Porsche Diesel Traktor<\/li>\n \t<li>Raba Hongrie<\/li>\n \t<li>Renault<\/li>\n \t<li>Tracteur Renault<\/li>\n \t<li>Camion Renault<\/li>\n \t<li>Romain<\/li>\n \t<li>Roumanie<\/li>\n \t<li>Rover<\/li>\n \t<li>Ruggerini<\/li>\n \t<li>RVI<\/li>\n \t<li>Saab<\/li>\n \t<li>Idem<\/li>\n \t<li>Saviem<\/li>\n \t<li>Scania<\/li>\n \t<li>SEAT<\/li>\n \t<li>Simca<\/li>\n \t<li>Skoda<\/li>\n \t<li>Slanzi<\/li>\n \t<li>Intelligent<\/li>\n \t<li>Ssang Yong<\/li>\n \t<li>Steyr<\/li>\n \t<li>Subaru<\/li>\n \t<li>Suzuki<\/li>\n \t<li>Talbot<\/li>\n \t<li>Tatra<\/li>\n \t<li>Toyota<\/li>\n \t<li>UAZ<\/li>\n \t<li>Ursus<\/li>\n \t<li>UTB<\/li>\n \t<li>Vauxhall<\/li>\n \t<li>VM<\/li>\n \t<li>Volkswagen<\/li>\n \t<li>Volvo<\/li>\n \t<li>Volvo-BM<\/li>\n \t<li>Volvo-Penta<\/li>\n \t<li>Westinghouse<\/li>\n \t<li>Wolga<\/li>\n \t<li>Zetor<\/li>\n<\/ul>\nLa gamme de produits NE comprend des segments pour moteurs ainsi que des bagues d'\u00e9tanch\u00e9it\u00e9 pour compresseurs de refroidissement et des applications dans le domaine des pompes et de la m\u00e9canique g\u00e9n\u00e9rale. L'accent est mis sur les segments de piston fabriqu\u00e9s \u00e0 partir de divers alliages d'acier. \n\nGamme de produits des segments de piston NE :\n<ul>\n \t<li>anneaux en fonte anneaux en acier<\/li>\n \t<li>Anneaux de contr\u00f4le de l'huile en 2 et 3 pi\u00e8ces<\/li>\n \t<li>anneaux axialement minces<\/li>\n \t<li>anneaux nitrur\u00e9s<\/li>\n \t<li>divers galvaniques ou autres<\/li>\n \t<li>traitements de surface<\/li>\n \t<li>chromage<\/li>\n \t<li>Rev\u00eatement PVD<\/li>\n \t<li>Rev\u00eatement DLC<\/li>\n<\/ul>\nAnneaux de si\u00e8ge de soupape NE pour :\n<ul>\n \t<li>applications des carburants alternatifs<\/li>\n \t<li>Applications FlexFuel<\/li>\n \t<li>Applications GPL \/ GNC<\/li>\n \t<li>mat\u00e9riaux fritt\u00e9s \u00e0 simple et double coucheproduits forg\u00e9s \u00e0 l'arc pour les exigences les plus \u00e9lev\u00e9es (p. ex. applications pour camions)<\/li>\n<\/ul>\nGamme de produits des roulements NE :\n<ul>\n \t<li>Roulements \u00e0 2 et 3 couches<\/li>\n \t<li>mat\u00e9riaux pour roulements sans plomb<\/li>\n \t<li>r\u00e9duction des pertes par frottement<\/li>\n<\/ul>\nLes produits et services de NPR of Europe GmbH sont certifi\u00e9s selon les normes ISO\/TS 16949:2008 et ISO 9001:2008 \/ JIS Q 9001:2008.","catalog":[{"catalog-name":"Catalogue 2014 des segments de piston NE","catalog-description":"Catalogue 2014 des jeux de segments de piston NE pour les machines automobiles, marines, industrielles et agricoles courantes. Le catalogue est command\u00e9 par les fabricants d'\u00e9quipement d'origine, y compris les applications de moteur et les applications de v\u00e9hicule. En outre, le catalogue offre des informations suppl\u00e9mentaires telles que les tables de conversion, les relations de surdimensionnement des num\u00e9ros d'articles NE et les instructions sur la fa\u00e7on d'interchanger les anciens num\u00e9ros d'articles NE avec les nouveaux num\u00e9ros d'articles NE. Multilingue : allemand, anglais, fran\u00e7ais, espagnol, italien, etc.   ","katalog-cover":1331,"katalog-file":1319},{"catalog-name":"Catalogue NE Bearings 2014","catalog-description":"Le catalogue 2014 des roulements NE couvre les roulements principaux, les paliers de bielle, les rondelles de but\u00e9e, les roulements d'arbre \u00e0 cames et les bagues de petit diam\u00e8tre pour les voitures, les camions et d'autres applications. Command\u00e9s par les fabricants d'\u00e9quipements d'origine. Informations compl\u00e9mentaires sur les surdimensions, les mat\u00e9riaux et les dimensions. Liste de r\u00e9f\u00e9rences crois\u00e9es avec GLYCO, VANDERVELL, AE, MAHLE KS et MIBA. Liste d'\u00e9change OE \u00e0 la fin du catalogue. Multilingue : allemand, anglais, fran\u00e7ais.     ","katalog-cover":1323,"katalog-file":1311},{"catalog-name":"Catalogue NE Piston 2014","catalog-description":"","katalog-cover":1327,"katalog-file":1315}],"logo-reihenfolge":"","spare-part-table":""},"_links":{"self":[{"href":"https:\/\/konpart.de\/fr\/wp-json\/wp\/v2\/product\/4114","targetHints":{"allow":["GET"]}}],"collection":[{"href":"https:\/\/konpart.de\/fr\/wp-json\/wp\/v2\/product"}],"about":[{"href":"https:\/\/konpart.de\/fr\/wp-json\/wp\/v2\/types\/product"}],"wp:featuredmedia":[{"embeddable":true,"href":"https:\/\/konpart.de\/fr\/wp-json\/wp\/v2\/media\/3641"}],"wp:attachment":[{"href":"https:\/\/konpart.de\/fr\/wp-json\/wp\/v2\/media?parent=4114"}],"wp:term":[{"taxonomy":"product-type","embeddable":true,"href":"https:\/\/konpart.de\/fr\/wp-json\/wp\/v2\/product-type?post=4114"}],"curies":[{"name":"wp","href":"https:\/\/api.w.org\/{rel}","templated":true}]}}