{"id":4120,"date":"2024-11-22T12:00:25","date_gmt":"2024-11-22T11:00:25","guid":{"rendered":"https:\/\/konpart.de\/product\/trucktec\/"},"modified":"2025-10-14T13:47:09","modified_gmt":"2025-10-14T11:47:09","slug":"trucktec","status":"publish","type":"product","link":"https:\/\/konpart.de\/fr\/product\/trucktec\/","title":{"rendered":"Trucktec"},"excerpt":{"rendered":"<p>TRUCKTEC est une marque allemande de pi\u00e8ces d\u00e9tach\u00e9es de haute qualit\u00e9 pour les principaux constructeurs automobiles europ\u00e9ens.<\/p>\n","protected":false},"featured_media":3689,"template":"","meta":{"_acf_changed":false},"product-type":[],"class_list":["post-4120","product","type-product","status-publish","has-post-thumbnail","hentry"],"acf":{"product-claim":"La qualit\u00e9 sans compromis","product-description":"TRUCKTEC est une marque allemande de pi\u00e8ces d\u00e9tach\u00e9es de haute qualit\u00e9 pour les principaux constructeurs automobiles europ\u00e9ens.\n<h3>L'approche globale<\/h3>\nLa gamme de produits TRUCKTEC comprend aujourd'hui plus de 15 000 articles et ne cesse de s'\u00e9largir. TRUCKTEC suit une approche de gamme compl\u00e8te pour ses marques d'application principales, en offrant une gamme de produits presque compl\u00e8te, telle que : \n\nCulasses, pi\u00e8ces mobiles, pi\u00e8ces de synchronisation du moteur, pi\u00e8ces du syst\u00e8me d'injection, filtres \u00e0 air et turbocompresseurs, compresseurs d'air, collecteurs d'admission et d'\u00e9chappement, pi\u00e8ces d'\u00e9quipement \u00e9lectrique, pi\u00e8ces du syst\u00e8me de refroidissement du moteur, pi\u00e8ces de suspension du moteur, pi\u00e8ces d'embrayage, pi\u00e8ces de transmission manuelle, ressorts et pi\u00e8ces de suspension, pi\u00e8ces d'essieu, arbres de transmission, pi\u00e8ces de frein, pi\u00e8ces de direction, pi\u00e8ces du syst\u00e8me d'alimentation en carburant, pi\u00e8ces du syst\u00e8me d'\u00e9chappement, radiateurs, pi\u00e8ces du syst\u00e8me hydraulique, pi\u00e8ces du syst\u00e8me de chauffage et de ventilation, etc.\n\n[ws-catalog]\n<h3>Principales applications europ\u00e9ennes<\/h3>\nAyant d\u00e9but\u00e9 en 1980 avec les pi\u00e8ces d\u00e9tach\u00e9es pour camions MERCEDES-BENZ, TRUCKTEC propose aujourd'hui un tr\u00e8s grand nombre de pi\u00e8ces d\u00e9tach\u00e9es pour voitures, v\u00e9hicules utilitaires l\u00e9gers, camions et autobus de nombreux fabricants. Pr\u00e8s de la moiti\u00e9 de la gamme de pi\u00e8ces d\u00e9tach\u00e9es de TRUCKTEC sont des pi\u00e8ces pour camions ou autobus. \n\nLes principales marques d'application de TRUCKTEC :\n<ul>\n \t<li>\n<h4>Voitures<\/h4>\n<ul>\n \t<li>MERCEDES-BENZ<\/li>\n \t<li>AUDI<\/li>\n \t<li>BMW<\/li>\n<\/ul>\n<\/li>\n \t<li>\n<h4>V\u00e9hicules utilitaires l\u00e9gers<\/h4>\n<ul>\n \t<li>MERCEDES-BENZ<\/li>\n \t<li>VW<\/li>\n<\/ul>\n<\/li>\n \t<li>\n<h4>Camions et bus<\/h4>\n<ul>\n \t<li>MERCEDES-BENZ<\/li>\n \t<li>MAN<\/li>\n \t<li>VOLVO<\/li>\n \t<li>SCANIA<\/li>\n<\/ul>\n<\/li>\n<\/ul>\n<h3>La qualit\u00e9 sans compromis<\/h3>\nToutes les pi\u00e8ces TRUCKTEC sont fabriqu\u00e9es selon les normes de qualit\u00e9 les plus strictes, approuv\u00e9es et contr\u00f4l\u00e9es en permanence en Allemagne. La majorit\u00e9 des pi\u00e8ces TRUCKTEC proviennent de fournisseurs renomm\u00e9s, dont certains sont des fabricants OE de premier plan. Tous les fournisseurs sont certifi\u00e9s selon la norme TS 16949 ou une norme similaire.  ","catalog":[{"catalog-name":"TRUCKTEC MERCEDES-BENZ Catalogue des pi\u00e8ces d\u00e9tach\u00e9es 2013","catalog-description":"Catalogue complet de pi\u00e8ces d\u00e9tach\u00e9es TRUCKTEC pour les voitures de tourisme MERCEDES-BENZ. 430 pages, y compris les r\u00e9f\u00e9rences OE \u00e0 la fin. Anglais, allemand.  ","katalog-cover":1669,"katalog-file":1689},{"catalog-name":"TRUCKTEC MERCEDES-BENZ LCV Catalogue des pi\u00e8ces d\u00e9tach\u00e9es 2013","catalog-description":"Catalogue complet de pi\u00e8ces d\u00e9tach\u00e9es TRUCKTEC pour les v\u00e9hicules utilitaires l\u00e9gers MERCEDES-BENZ comme le MB Sprinter. 314 pages, y compris les \u00e9changes OE \u00e0 la fin. Anglais, allemand.  ","katalog-cover":1673,"katalog-file":1693},{"catalog-name":"TRUCKTEC VOLKSWAGEN LCV Catalogue des pi\u00e8ces d\u00e9tach\u00e9es 2013","catalog-description":"Catalogue de pi\u00e8ces d\u00e9tach\u00e9es TRUCKTEC pour les v\u00e9hicules utilitaires l\u00e9gers VOLKSWAGEN tels que VW LT, T2, T3, T4 etc. 78 pages, y compris les \u00e9changes OE \u00e0 la fin. Anglais, allemand. ","katalog-cover":1673,"katalog-file":1705},{"catalog-name":"TRUCKTEC MERCEDES-BENZ ACTROS AXOR ATEGO Catalogue des pi\u00e8ces d\u00e9tach\u00e9es 2014","catalog-description":"Catalogue complet de TRUCKTEC pour les pi\u00e8ces d\u00e9tach\u00e9es MERCEDES-BENZ ACTROS, AXOR, ATEGO. Ann\u00e9e 2014, 238 pages incluant les \u00e9changes OE \u00e0 la fin. Anglais, fran\u00e7ais, allemand.  ","katalog-cover":1677,"katalog-file":1685},{"catalog-name":"TRUCKTEC MERCEDES-BENZ OM300 \/ OM400 Catalogue des pi\u00e8ces d\u00e9tach\u00e9es 2012","catalog-description":"Catalogue complet de pi\u00e8ces d\u00e9tach\u00e9es TRUCKTEC pour les anciennes applications MERCEDES-BENZ OM300 et OM 400. 560 pages, y compris les \u00e9changes OE \u00e0 la fin. Anglais, allemand.  ","katalog-cover":1677,"katalog-file":1697},{"catalog-name":"Catalogue de pi\u00e8ces d\u00e9tach\u00e9es TRUCKTEC MAN 2013","catalog-description":"Catalogue TRUCKTEC 2013 pour les applications MAN, couverture compl\u00e8te de la gamme. 282 pages incluant les \u00e9changes OE. Anglais, allemand.  ","katalog-cover":1677,"katalog-file":1681},{"catalog-name":"TRUCKTEC VOLVO Truck Parts Catalog 2014","catalog-description":"Le catalogue VOLVO 2014 de TRUCKTEC, qui couvre un grand nombre d'articles pour de nombreux mod\u00e8les VOLVO. 198 pages incluant les \u00e9changes de num\u00e9ros OE VOLVO. Anglais, allemand.  ","katalog-cover":1677,"katalog-file":1709},{"catalog-name":"TRUCKTEC SCANIA & VOLVO Catalogue des pi\u00e8ces d\u00e9tach\u00e9es 2011","catalog-description":"Catalogue complet de la gamme SCANIA et VOLVO 2011 de TRUCKTEC (pour les pi\u00e8ces VOLVO, veuillez vous r\u00e9f\u00e9rer au catalogue VOLVO 2014 de TRUCKTEC). 288 pages avec les num\u00e9ros de r\u00e9f\u00e9rence OE SCANIA et VOLVO \u00e0 la fin. Anglais, fran\u00e7ais, allemand.  ","katalog-cover":1677,"katalog-file":1701}],"logo-reihenfolge":"","spare-part-table":""},"_links":{"self":[{"href":"https:\/\/konpart.de\/fr\/wp-json\/wp\/v2\/product\/4120","targetHints":{"allow":["GET"]}}],"collection":[{"href":"https:\/\/konpart.de\/fr\/wp-json\/wp\/v2\/product"}],"about":[{"href":"https:\/\/konpart.de\/fr\/wp-json\/wp\/v2\/types\/product"}],"wp:featuredmedia":[{"embeddable":true,"href":"https:\/\/konpart.de\/fr\/wp-json\/wp\/v2\/media\/3689"}],"wp:attachment":[{"href":"https:\/\/konpart.de\/fr\/wp-json\/wp\/v2\/media?parent=4120"}],"wp:term":[{"taxonomy":"product-type","embeddable":true,"href":"https:\/\/konpart.de\/fr\/wp-json\/wp\/v2\/product-type?post=4120"}],"curies":[{"name":"wp","href":"https:\/\/api.w.org\/{rel}","templated":true}]}}