{"id":4121,"date":"2025-05-16T11:40:24","date_gmt":"2025-05-16T09:40:24","guid":{"rendered":"https:\/\/konpart.de\/product\/wabco\/"},"modified":"2025-10-14T13:47:06","modified_gmt":"2025-10-14T11:47:06","slug":"wabco","status":"publish","type":"product","link":"https:\/\/konpart.de\/fr\/product\/wabco\/","title":{"rendered":"Wabco"},"excerpt":{"rendered":"<p>WABCO est une marque mondialement reconnue, sp\u00e9cialis\u00e9e dans les syst\u00e8mes avanc\u00e9s de freinage, de stabilit\u00e9, de suspension et d&rsquo;automatisation de la transmission pour les v\u00e9hicules commerciaux. Reconnus pour leur innovation et leur pr\u00e9cision, les produits WABCO b\u00e9n\u00e9ficient de la confiance des op\u00e9rateurs de flottes et des constructeurs du monde entier. En tant qu&rsquo;exportateur allemand de pi\u00e8ces d\u00e9tach\u00e9es automobiles de haute qualit\u00e9, nous sommes fiers d&rsquo;offrir la gamme compl\u00e8te des composants d&rsquo;origine WABCO aux march\u00e9s d&rsquo;exportation.  <\/p>\n","protected":false},"featured_media":3705,"template":"","meta":{"_acf_changed":false},"product-type":[],"class_list":["post-4121","product","type-product","status-publish","has-post-thumbnail","hentry"],"acf":{"product-claim":"WABCO - Syst\u00e8mes intelligents de contr\u00f4le des v\u00e9hicules en Allemagne","product-description":"<strong>Votre partenaire de confiance pour l'exportation de produits WABCO d'origine et de pi\u00e8ces de rechange de qualit\u00e9 OE<\/strong>\n\nWABCO est une marque mondialement reconnue, sp\u00e9cialis\u00e9e dans les syst\u00e8mes avanc\u00e9s de freinage, de stabilit\u00e9, de suspension et d'automatisation de la transmission pour les v\u00e9hicules commerciaux. Connus pour leur innovation et leur pr\u00e9cision, les produits WABCO b\u00e9n\u00e9ficient de la confiance des op\u00e9rateurs de flottes et des constructeurs du monde entier. En tant qu'exportateur allemand de pi\u00e8ces d\u00e9tach\u00e9es automobiles de haute qualit\u00e9, nous sommes fiers d'offrir la gamme compl\u00e8te des composants d'origine WABCO aux march\u00e9s d'exportation.  \n\nDes compresseurs d'air, vannes, actionneurs et s\u00e9cheurs d'air aux syst\u00e8mes ABS\/EBS et aux commandes de suspension, les pi\u00e8ces WABCO sont con\u00e7ues pour la durabilit\u00e9, la s\u00e9curit\u00e9 et un contr\u00f4le sup\u00e9rieur du v\u00e9hicule. Que vous recherchiez des pi\u00e8ces pour les camions, les bus ou les remorques, WABCO fournit des performances de niveau OE, soutenues par des d\u00e9cennies d'excellence en ing\u00e9nierie en Allemagne. \n\n<strong>Pourquoi choisir les produits WABCO ?<\/strong>\n<ul>\n \t<li><strong>Qualit\u00e9 et fiabilit\u00e9 de l'\u00e9quipement d'origine :<\/strong> Tous les composants WABCO r\u00e9pondent aux normes strictes des fabricants d'\u00e9quipements d'origine.<\/li>\n \t<li><strong>L'excellence de l'ing\u00e9nierie allemande :<\/strong> D\u00e9velopp\u00e9s en Allemagne, les produits WABCO sont \u00e0 la pointe de la technologie automobile.<\/li>\n \t<li><strong>Gamme compl\u00e8te de produits :<\/strong> Nous exportons une gamme compl\u00e8te de pi\u00e8ces WABCO pour les marques de v\u00e9hicules utilitaires europ\u00e9ennes, asiatiques et am\u00e9ricaines.<\/li>\n \t<li><strong>Id\u00e9al pour le march\u00e9 des pi\u00e8ces de rechange :<\/strong> Parfait pour les ateliers, les distributeurs et les centres de r\u00e9paration qui recherchent des pi\u00e8ces de rechange fiables avec des r\u00e9f\u00e9rences OE.<\/li>\n<\/ul>\nEn tant qu'<strong>exportateur allemand<\/strong> sp\u00e9cialis\u00e9, nous soutenons nos clients avec des exp\u00e9ditions internationales fiables, des prix comp\u00e9titifs et des solutions d'exportation sur mesure. Gr\u00e2ce \u00e0 notre solide r\u00e9seau logistique, nous nous assurons que vos commandes de produits WABCO arrivent rapidement et en toute s\u00e9curit\u00e9, o\u00f9 que vous soyez. \n\n<strong>Exportation de pi\u00e8ces d\u00e9tach\u00e9es WABCO directement depuis l'Allemagne<\/strong>\n\nAvec une grande expertise dans l'exportation de pi\u00e8ces d\u00e9tach\u00e9es allemandes, nous nous assurons que chaque produit WABCO que vous recevez est 100% authentique et conforme aux normes internationales. Nous travaillons en \u00e9troite collaboration avec nos clients pour remplir les commandes d'exportation - en fournissant la qualit\u00e9, la pr\u00e9cision et la performance \u00e0 chaque fois. \n\nVous recherchez une source fiable de produits WABCO ? Faites appel \u00e0 nous pour un service d'exportation efficace et comp\u00e9tent depuis l'Allemagne. \n\n<strong>WABCO - Syst\u00e8mes intelligents. Pr\u00e9cision allemande.   <\/strong>","catalog":null,"logo-reihenfolge":13,"spare-part-table":""},"_links":{"self":[{"href":"https:\/\/konpart.de\/fr\/wp-json\/wp\/v2\/product\/4121","targetHints":{"allow":["GET"]}}],"collection":[{"href":"https:\/\/konpart.de\/fr\/wp-json\/wp\/v2\/product"}],"about":[{"href":"https:\/\/konpart.de\/fr\/wp-json\/wp\/v2\/types\/product"}],"wp:featuredmedia":[{"embeddable":true,"href":"https:\/\/konpart.de\/fr\/wp-json\/wp\/v2\/media\/3705"}],"wp:attachment":[{"href":"https:\/\/konpart.de\/fr\/wp-json\/wp\/v2\/media?parent=4121"}],"wp:term":[{"taxonomy":"product-type","embeddable":true,"href":"https:\/\/konpart.de\/fr\/wp-json\/wp\/v2\/product-type?post=4121"}],"curies":[{"name":"wp","href":"https:\/\/api.w.org\/{rel}","templated":true}]}}