{"id":4123,"date":"2024-11-22T11:26:18","date_gmt":"2024-11-22T10:26:18","guid":{"rendered":"https:\/\/konpart.de\/product\/victor-reinz\/"},"modified":"2025-10-14T13:47:16","modified_gmt":"2025-10-14T11:47:16","slug":"victor-reinz","status":"publish","type":"product","link":"https:\/\/konpart.de\/fr\/product\/victor-reinz\/","title":{"rendered":"Victor Reinz"},"excerpt":{"rendered":"<p>VICTOR REINZ &#8211; En tant que membre du groupe DANA, VICTOR REINZ est l&rsquo;un des principaux fabricants mondiaux de produits d&rsquo;\u00e9tanch\u00e9it\u00e9 pour l&rsquo;industrie automobile, tant en premi\u00e8re qu&rsquo;en deuxi\u00e8me monte.<\/p>\n","protected":false},"featured_media":3673,"template":"","meta":{"_acf_changed":false},"product-type":[],"class_list":["post-4123","product","type-product","status-publish","has-post-thumbnail","hentry"],"acf":{"product-claim":"En tant que membre du groupe DANA, VICTOR REINZ est l'un des principaux fabricants mondiaux de produits d'\u00e9tanch\u00e9it\u00e9 pour l'industrie automobile, tant en premi\u00e8re qu'en deuxi\u00e8me monte.","product-description":"VICTOR REINZ - En tant que membre du groupe DANA, VICTOR REINZ est l'un des principaux fabricants mondiaux de produits d'\u00e9tanch\u00e9it\u00e9 pour l'industrie automobile, tant en premi\u00e8re qu'en deuxi\u00e8me monte.\n\nGr\u00e2ce \u00e0 son exp\u00e9rience de plus de 90 ans en mati\u00e8re de technologies de joints innovantes et \u00e0 ses normes de qualit\u00e9 les plus \u00e9lev\u00e9es, les produits VICTOR REINZ sont int\u00e9gr\u00e9s dans presque tous les mod\u00e8les des constructeurs automobiles du monde entier.\n\n[ws-catalog]\n\nEn tant que fabricant d'\u00e9quipements d'origine, VICTOR REINZ propose une large gamme de pi\u00e8ces de rechange r\u00e9pondant aux normes de qualit\u00e9 les plus strictes des fabricants d'\u00e9quipements d'origine. Les pi\u00e8ces de rechange VICTOR REINZ s'appliquent \u00e0 : \n<ul>\n \t<li>Voitures : Alfa Romeo, Asia, Audi, Austin, BMW, Chrysler, Citro\u00ebn, Dacia, Daewoo-Chevrolet, Daihatsu, Fiat, Ford, Honda, Hyundai, Isuzu, Jeep, Kia, Lada, Lancia, Land Rover, Lexus, Mazda, Mercedes-Benz, Mini, Mitsubishi, Nissan, Opel, Peugeot, Porsche, Renault, Rover, Saab, Seat, Skoda, Smart-MCC, Ssang Yong, Subaru, Suzuki, Toyota, Volkswagen, Volvo.<\/li>\n \t<li>Camions : DAF, Deutz, Iveco, MAN, Mercedes-Benz, Renault RVI, Scania, Volvo, Volvo Penta.<\/li>\n \t<li>Machines agricoles, de construction et d'exploitation mini\u00e8re : Allis Chalmers, Belarus, Caterpillar, Cummins, David Brown, Deutz, Ebro, Fendt, Fiat, Ford, Gueldner, IHC Case, John Deere, MWM, New Holland, Perkins, Porsche Diesel, Renault, RVI, Same, Valmet, Zetor.<\/li>\n<\/ul>\nEn tant que grossiste autoris\u00e9 de VICTOR REINZ, KonPart Import-Export GmbH exporte la gamme compl\u00e8te des produits VICTOR REINZ, comme par exemple :\n<ul>\n \t<li>REINZ Jeux de joints \/ Kits de r\u00e9vision<\/li>\n \t<li>REINZ Joint de culasse \/ joints sup\u00e9rieurs<\/li>\n \t<li>Boulons de culasse REINZ<\/li>\n \t<li>Joints de couvre-culasse REINZ<\/li>\n \t<li>Joints de tige de soupape REINZ \/ Joints de soupape<\/li>\n \t<li>Joint d'admission REINZ<\/li>\n \t<li>Joint d'\u00e9chappement REINZ<\/li>\n \t<li>Joint de carter d'huile REINZ<\/li>\n \t<li>Joints d'huile REINZ<\/li>\n \t<li>Produits d'\u00e9tanch\u00e9it\u00e9 et d\u00e9capants pour joints REINZ<\/li>\n \t<li>Kits de turbocompresseurs REINZ<\/li>\n<\/ul>\n<h3>Jeux de joints REINZ et joints de culasse REINZ<\/h3>\nVICTOR REINZ propose l'une des gammes les plus compl\u00e8tes de jeux de joints complets et de joints de culasse pour toutes les voitures et tous les camions europ\u00e9ens, avec des d\u00e9lais de livraison courts. Outre les kits de r\u00e9vision REINZ et les joints sup\u00e9rieurs REINZ pour les mod\u00e8les europ\u00e9ens, VICTOR REINZ propose une large gamme de pi\u00e8ces de rechange pour les v\u00e9hicules asiatiques. \n<h3>Sets sp\u00e9ciaux REINZ<\/h3>\nVICTOR REINZ propose une gamme compl\u00e8te de jeux de joints sp\u00e9ciaux de qualit\u00e9 OEM pour la r\u00e9vision des carters, des carters d'huile, des \u00e9chappements, des tiges de soupapes et des refroidisseurs d'huile.\n<h3>Produits d'\u00e9tanch\u00e9it\u00e9 et d\u00e9capants pour joints REINZ<\/h3>\nAvec les masses d'\u00e9tanch\u00e9it\u00e9 VICTOR REINZ, il suffit de deux types pour couvrir toutes les applications sur un moteur, un syst\u00e8me d'\u00e9chappement, un groupe motopropulseur ou une carrosserie, au lieu de quatre, six ou m\u00eame huit masses d'\u00e9tanch\u00e9it\u00e9 diff\u00e9rentes :\n<ul>\n \t<li>REINZOSIL<\/li>\n \t<li>REINZOPLAST<\/li>\n<\/ul>\nVICTOR REINZ propose le REINZ Re-Move comme produit d'\u00e9limination des joints.\n<h3>Kits de montage de turbocompresseurs REINZ<\/h3>\nLes kits de montage de turbocompresseurs VICTOR REINZ constituent des ensembles efficaces pour les revendeurs et les ateliers, permettant de remplacer et d'installer des turbocompresseurs ultramodernes de mani\u00e8re s\u00fbre, rapide et \u00e9conomique. Les kits de montage de turbocompresseur REINZ sont la solution parfaite pour le remplacement des turbocompresseurs. \n\nLes kits de turbocompresseurs VICTOR REINZ contiennent tous les joints et pi\u00e8ces de rechange n\u00e9cessaires pour garantir un r\u00e9sultat efficace et professionnel :\n<ul>\n \t<li>Joints de collecteur d'\u00e9chappement<\/li>\n \t<li>Boucliers thermiques<\/li>\n \t<li>Clips de maintien de l'\u00e9chappement<\/li>\n \t<li>Colliers d'\u00e9chappement avec boulons<\/li>\n \t<li>Joints toriques<\/li>\n \t<li>Anneaux en caoutchouc moul\u00e9<\/li>\n \t<li>Rondelles m\u00e9talliques<\/li>\n \t<li>Joints secondaires tr\u00e8s r\u00e9sistants \u00e0 la chaleur<\/li>\n \t<li>Goujons pour le joint du collecteur d'\u00e9chappement<\/li>\n \t<li>Connexions et \u00e9crous \u00e0 goujons hautement r\u00e9sistants \u00e0 la chaleur<\/li>\n \t<li>Joints du turbocompresseur (extr\u00e9mit\u00e9s d'admission et d'\u00e9chappement)<\/li>\n<\/ul>","catalog":[{"catalog-name":"VICTOR REINZ Joints d'\u00e9tanch\u00e9it\u00e9 Catalogue voitures 2015-2016","catalog-description":"Le catalogue de joints VICTOR REINZ couvre les jeux de joints complets, les joints de culasse, les joints d'huile, les cache-culbuteurs, etc. pour toutes les voitures courantes, en indiquant les num\u00e9ros de r\u00e9f\u00e9rence, le moteur et les applications du v\u00e9hicule. Recherchez par fabricant OE ou utilisez la liste de r\u00e9f\u00e9rences crois\u00e9es \u00e0 la fin du catalogue. Multilingue : anglais, espagnol, fran\u00e7ais, portugais, etc.  ","katalog-cover":1489,"katalog-file":1505},{"catalog-name":"VICTOR REINZ Gaskets & Seals Trucks & Busses Catalog 2015-2016","catalog-description":"Le catalogue de joints VICTOR REINZ pour tous les camions, bus et remorques courants couvre les jeux de joints complets, les joints de culasse, les joints d'huile, les cache-culbuteurs, etc. Recherchez par fabricant d'\u00e9quipement d'origine ou utilisez la liste de r\u00e9f\u00e9rences crois\u00e9es \u00e0 la fin du catalogue. Multilingue : anglais, espagnol, fran\u00e7ais, portugais, etc.  ","katalog-cover":1493,"katalog-file":1509},{"catalog-name":"VICTOR REINZ Gaskets & Seals Construction & Agricultural Machinery Catalog 2015-2016","catalog-description":"Le catalogue de joints VICTOR REINZ pour les machines de construction et agricoles courantes \/ tracteurs couvre les jeux de joints complets, les joints de culasse, les kits de boulons, les joints d'huile, etc. Recherchez par fabricant d'\u00e9quipement d'origine ou utilisez la liste de r\u00e9f\u00e9rences crois\u00e9es \u00e0 la fin du catalogue. Multilingue : anglais, espagnol, fran\u00e7ais, portugais, etc.  ","katalog-cover":1485,"katalog-file":1501},{"catalog-name":"VICTOR REINZ Kits Turbo Charger Catalogue 2015-2016","catalog-description":"Catalogue de kits de turbocompresseurs VICTOR REINZ pour les voitures particuli\u00e8res, les camions, les autobus et les machines agricoles. Illustrations d\u00e9taill\u00e9es de tous les joints et pi\u00e8ces de rechange fournis avec chaque kit. Recherchez par fabricant d'\u00e9quipement d'origine ou utilisez la liste de r\u00e9f\u00e9rences crois\u00e9es \u00e0 la fin du catalogue. Multilingue : anglais, espagnol, fran\u00e7ais, portugais, etc.   ","katalog-cover":1497,"katalog-file":1513}],"logo-reihenfolge":5,"spare-part-table":""},"_links":{"self":[{"href":"https:\/\/konpart.de\/fr\/wp-json\/wp\/v2\/product\/4123","targetHints":{"allow":["GET"]}}],"collection":[{"href":"https:\/\/konpart.de\/fr\/wp-json\/wp\/v2\/product"}],"about":[{"href":"https:\/\/konpart.de\/fr\/wp-json\/wp\/v2\/types\/product"}],"wp:featuredmedia":[{"embeddable":true,"href":"https:\/\/konpart.de\/fr\/wp-json\/wp\/v2\/media\/3673"}],"wp:attachment":[{"href":"https:\/\/konpart.de\/fr\/wp-json\/wp\/v2\/media?parent=4123"}],"wp:term":[{"taxonomy":"product-type","embeddable":true,"href":"https:\/\/konpart.de\/fr\/wp-json\/wp\/v2\/product-type?post=4123"}],"curies":[{"name":"wp","href":"https:\/\/api.w.org\/{rel}","templated":true}]}}