{"id":4124,"date":"2024-11-22T11:16:03","date_gmt":"2024-11-22T10:16:03","guid":{"rendered":"https:\/\/konpart.de\/product\/payen\/"},"modified":"2025-10-14T13:47:12","modified_gmt":"2025-10-14T11:47:12","slug":"payen","status":"publish","type":"product","link":"https:\/\/konpart.de\/fr\/product\/payen\/","title":{"rendered":"Payen"},"excerpt":{"rendered":"<p>Federal-Mogul est un leader mondial en mati\u00e8re de technologie d&rsquo;\u00e9tanch\u00e9it\u00e9, qui se consacre \u00e0 la production de solutions d&rsquo;\u00e9tanch\u00e9it\u00e9 de classe mondiale depuis plus d&rsquo;un si\u00e8cle. Aucun autre fabricant ne recherche et n&rsquo;utilise une gamme aussi large de mat\u00e9riaux avanc\u00e9s pour vous garantir une \u00e9tanch\u00e9it\u00e9 parfaite pour chaque application. <\/p>\n","protected":false},"featured_media":3661,"template":"","meta":{"_acf_changed":false},"product-type":[],"class_list":["post-4124","product","type-product","status-publish","has-post-thumbnail","hentry"],"acf":{"product-claim":"Produits Payen","product-description":"<h3>Le joint Payen parfait pour chaque application<\/h3>\nFederal-Mogul est un leader mondial dans le domaine des technologies d'\u00e9tanch\u00e9it\u00e9, qui se consacre \u00e0 la production de solutions d'\u00e9tanch\u00e9it\u00e9 de classe mondiale depuis plus d'un si\u00e8cle. Aucun autre fabricant ne recherche et n'utilise une gamme aussi large de mat\u00e9riaux avanc\u00e9s pour vous garantir une \u00e9tanch\u00e9it\u00e9 parfaite pour chaque application. \n\nNotre marque Payen de joints d'\u00e9tanch\u00e9it\u00e9, de joints \u00e0 l'huile et de boulons de culasse repr\u00e9sente une technologie de conception innovante et des normes de fabrication strictes - des qualit\u00e9s qui soutiennent notre r\u00e9putation de fabricant de confiance sur le march\u00e9 des pi\u00e8ces d\u00e9tach\u00e9es automobiles.\n\nParce que nous sommes un producteur mondial de moteurs et de produits d'\u00e9tanch\u00e9it\u00e9, nos clients du march\u00e9 de la rechange b\u00e9n\u00e9ficient de l'expertise \u00e9prouv\u00e9e de Federal-Mogul en mati\u00e8re d'ing\u00e9nierie et de fabrication de composants et de sous-syst\u00e8mes d'\u00e9quipement d'origine pour les principaux constructeurs automobiles mondiaux. Notre vaste exp\u00e9rience sur le terrain nous permet de comprendre les changements attendus dans les composants des moteurs au fil du temps. Nous concevons nos pi\u00e8ces d'\u00e9tanch\u00e9it\u00e9 pour le march\u00e9 de la rechange afin de r\u00e9pondre \u00e0 vos besoins sp\u00e9cifiques dans l'environnement de remplacement.  \n\nS\u00e9lectionnez une ligne de produits pour en savoir plus sur la fa\u00e7on dont les solutions d'\u00e9tanch\u00e9it\u00e9 de Payen peuvent b\u00e9n\u00e9ficier \u00e0 vos programmes de r\u00e9paration.\n\n[ws-catalog]","catalog":[{"catalog-name":"PAYEN Gaskets, Oil Seals & Cylinder Head Bolts Cars Catalog 2014-2015","catalog-description":"","katalog-cover":1459,"katalog-file":1467},{"catalog-name":"PAYEN Joints d'\u00e9tanch\u00e9it\u00e9 et boulons de culasse Catalogue Trucks 2012-2013","catalog-description":"","katalog-cover":1463,"katalog-file":1471}],"logo-reihenfolge":9,"spare-part-table":""},"_links":{"self":[{"href":"https:\/\/konpart.de\/fr\/wp-json\/wp\/v2\/product\/4124","targetHints":{"allow":["GET"]}}],"collection":[{"href":"https:\/\/konpart.de\/fr\/wp-json\/wp\/v2\/product"}],"about":[{"href":"https:\/\/konpart.de\/fr\/wp-json\/wp\/v2\/types\/product"}],"wp:featuredmedia":[{"embeddable":true,"href":"https:\/\/konpart.de\/fr\/wp-json\/wp\/v2\/media\/3661"}],"wp:attachment":[{"href":"https:\/\/konpart.de\/fr\/wp-json\/wp\/v2\/media?parent=4124"}],"wp:term":[{"taxonomy":"product-type","embeddable":true,"href":"https:\/\/konpart.de\/fr\/wp-json\/wp\/v2\/product-type?post=4124"}],"curies":[{"name":"wp","href":"https:\/\/api.w.org\/{rel}","templated":true}]}}