{"id":4128,"date":"2024-11-22T11:04:00","date_gmt":"2024-11-22T10:04:00","guid":{"rendered":"https:\/\/konpart.de\/product\/optimal\/"},"modified":"2025-10-14T13:47:20","modified_gmt":"2025-10-14T11:47:20","slug":"optimal","status":"publish","type":"product","link":"https:\/\/konpart.de\/fr\/product\/optimal\/","title":{"rendered":"Optimal"},"excerpt":{"rendered":"<p>Depuis sa cr\u00e9ation en 1992, OPTIMAL KG fournit des pi\u00e8ces d\u00e9tach\u00e9es de qualit\u00e9 pour les essieux, les freins, les m\u00e9canismes de direction, les moteurs et d&rsquo;autres produits automobiles.<\/p>\n","protected":false},"featured_media":3657,"template":"","meta":{"_acf_changed":false},"product-type":[],"class_list":["post-4128","product","type-product","status-publish","has-post-thumbnail","hentry"],"acf":{"product-claim":"Produits optimaux","product-description":"Depuis sa cr\u00e9ation en 1992, OPTIMAL KG fournit des pi\u00e8ces d\u00e9tach\u00e9es de qualit\u00e9 pour les essieux, les freins, les m\u00e9canismes de direction, les moteurs et d'autres produits automobiles.\n\nLa forte croissance de notre entreprise montre que nos concepts de premi\u00e8re qualit\u00e9 ont \u00e9t\u00e9 approuv\u00e9s par les clients et les fournisseurs.\n\nLa coop\u00e9ration \u00e9troite et directe avec les clients est au centre de nos pr\u00e9occupations. La qualit\u00e9 de nos produits et notre niveau de service extr\u00eamement \u00e9lev\u00e9 sont essentiels \u00e0 la satisfaction de nos clients. La qualit\u00e9 est l'un de nos principaux objectifs commerciaux.  \n\nOPTIMAL KG fournit des pi\u00e8ces au march\u00e9 de l'apr\u00e8s-vente qui proviennent de partenaires de production du monde entier, d'\u00e9quipementiers et de fournisseurs de qualit\u00e9. Malgr\u00e9 sa forte croissance, OPTIMAL KG est rest\u00e9e une entreprise transparente, structur\u00e9e et accessible, qui jouit d'une grande flexibilit\u00e9 et de la fid\u00e9lit\u00e9 de ses employ\u00e9s. \n\nGr\u00e2ce \u00e0 des syst\u00e8mes de communication et de logistique modernes et \u00e0 un stock important, les produits sont livr\u00e9s \u00e0 temps et b\u00e9n\u00e9ficient d'un excellent service. Tous les produits sont de qualit\u00e9 sup\u00e9rieure et r\u00e9pondent aux normes europ\u00e9ennes et internationales pour le march\u00e9 des pi\u00e8ces d\u00e9tach\u00e9es, par exemple les normes du fabricant TS 16949, QS 9000, VDA 6.1, ISO 9001:2000 et, en particulier, le r\u00e8glement d'exemption par cat\u00e9gorie n\u00b0 1400\/2002. \n\n[ws-catalog]","catalog":[{"catalog-name":"Catalogue de capteurs ABS OPTIMAL","catalog-description":"","katalog-cover":1354,"katalog-file":1406},{"catalog-name":"Catalogue des kits de tension de courroie OPTIMAL","catalog-description":"","katalog-cover":1358,"katalog-file":1410},{"catalog-name":"Catalogue du syst\u00e8me de freinage OPTIMAL","catalog-description":"","katalog-cover":1362,"katalog-file":1414},{"catalog-name":"Catalogue Ressorts \u00e0 boudin OPTIMAL","catalog-description":"","katalog-cover":1366,"katalog-file":1418},{"catalog-name":"Catalogue des ressorts \u00e0 gaz OPTIMAL","catalog-description":"","katalog-cover":1370,"katalog-file":1422},{"catalog-name":"Catalogue de pi\u00e8ces m\u00e9talliques en caoutchouc OPTIMAL","catalog-description":"","katalog-cover":1374,"katalog-file":1426},{"catalog-name":"Catalogue des amortisseurs OPTIMAL","catalog-description":"","katalog-cover":1378,"katalog-file":1430},{"catalog-name":"Catalogue de pi\u00e8ces d\u00e9tach\u00e9es OPTIMAL pour v\u00e9hicules utilitaires l\u00e9gers","catalog-description":"","katalog-cover":1382,"katalog-file":1434},{"catalog-name":"Catalogue des pompes de direction OPTIMAL","catalog-description":"","katalog-cover":1386,"katalog-file":1438},{"catalog-name":"Catalogue de pi\u00e8ces de direction et de suspension OPTIMAL","catalog-description":"","katalog-cover":1390,"katalog-file":1442},{"catalog-name":"Catalogue des pompes \u00e0 eau OPTIMAL","catalog-description":"","katalog-cover":1394,"katalog-file":1446},{"catalog-name":"Catalogue des kits de roulements de roue OPTIMAL","catalog-description":"","katalog-cover":1398,"katalog-file":1450}],"logo-reihenfolge":"","spare-part-table":""},"_links":{"self":[{"href":"https:\/\/konpart.de\/fr\/wp-json\/wp\/v2\/product\/4128","targetHints":{"allow":["GET"]}}],"collection":[{"href":"https:\/\/konpart.de\/fr\/wp-json\/wp\/v2\/product"}],"about":[{"href":"https:\/\/konpart.de\/fr\/wp-json\/wp\/v2\/types\/product"}],"wp:featuredmedia":[{"embeddable":true,"href":"https:\/\/konpart.de\/fr\/wp-json\/wp\/v2\/media\/3657"}],"wp:attachment":[{"href":"https:\/\/konpart.de\/fr\/wp-json\/wp\/v2\/media?parent=4128"}],"wp:term":[{"taxonomy":"product-type","embeddable":true,"href":"https:\/\/konpart.de\/fr\/wp-json\/wp\/v2\/product-type?post=4128"}],"curies":[{"name":"wp","href":"https:\/\/api.w.org\/{rel}","templated":true}]}}