{"id":4130,"date":"2024-11-22T11:00:36","date_gmt":"2024-11-22T10:00:36","guid":{"rendered":"https:\/\/konpart.de\/product\/nural\/"},"modified":"2025-10-14T13:47:20","modified_gmt":"2025-10-14T11:47:20","slug":"nural","status":"publish","type":"product","link":"https:\/\/konpart.de\/fr\/product\/nural\/","title":{"rendered":"N\u00fcral"},"excerpt":{"rendered":"<p>N\u00fcral est \u00e0 la pointe de la technologie des pistons, gr\u00e2ce \u00e0 l&rsquo;engagement permanent de Federal-Mogul dans la recherche et le d\u00e9veloppement (R&amp;D). Les progr\u00e8s r\u00e9cents de la technologie des moteurs diesel \u00e0 injection directe auraient \u00e9t\u00e9 pratiquement impossibles sans les pistons N\u00fcral. <\/p>\n","protected":false},"featured_media":3653,"template":"","meta":{"_acf_changed":false},"product-type":[],"class_list":["post-4130","product","type-product","status-publish","has-post-thumbnail","hentry"],"acf":{"product-claim":"Produits Nural","product-description":"<h3>Promouvoir la performance et prot\u00e9ger l'environnement<\/h3>\nN\u00fcral est \u00e0 la pointe de la technologie des pistons, gr\u00e2ce \u00e0 l'engagement permanent de Federal-Mogul dans la recherche et le d\u00e9veloppement (R&D). Les progr\u00e8s r\u00e9cents de la technologie des moteurs diesel \u00e0 injection directe auraient \u00e9t\u00e9 pratiquement impossibles sans les pistons N\u00fcral. \n\n[ws-catalog]\n\nN\u00fcral poss\u00e8de des ann\u00e9es d'exp\u00e9rience en mati\u00e8re de d\u00e9veloppement rapide de produits, de technologie de production ultramoderne et de service flexible. Les pistons N\u00fcral ne se contentent pas de r\u00e9pondre \u00e0 des normes rigoureuses, ils contribuent \u00e9galement \u00e0 la protection de l'environnement. \n\nFederal-Mogul a combin\u00e9 les gammes de pistons AE\u00ae et N\u00fcral pour offrir une couverture in\u00e9gal\u00e9e des applications des moteurs \u00e0 gaz et diesel pour les secteurs des v\u00e9hicules commerciaux, de l'automobile, de l'agriculture, de la marine et de l'industrie.\n\nNotre expertise reconnue en mati\u00e8re d'ing\u00e9nierie et de fabrication de composants d'origine profite directement \u00e0 nos clients du march\u00e9 de la rechange. Nous proposons une gamme croissante de technologies innovantes con\u00e7ues pour r\u00e9soudre un probl\u00e8me, faciliter le travail ou am\u00e9liorer les performances du v\u00e9hicule. ","catalog":[{"catalog-name":"Catalogue 2013-2014 des pistons, chemises et assemblages NURAL","catalog-description":"","katalog-cover":1345,"katalog-file":1349}],"logo-reihenfolge":19,"spare-part-table":""},"_links":{"self":[{"href":"https:\/\/konpart.de\/fr\/wp-json\/wp\/v2\/product\/4130","targetHints":{"allow":["GET"]}}],"collection":[{"href":"https:\/\/konpart.de\/fr\/wp-json\/wp\/v2\/product"}],"about":[{"href":"https:\/\/konpart.de\/fr\/wp-json\/wp\/v2\/types\/product"}],"wp:featuredmedia":[{"embeddable":true,"href":"https:\/\/konpart.de\/fr\/wp-json\/wp\/v2\/media\/3653"}],"wp:attachment":[{"href":"https:\/\/konpart.de\/fr\/wp-json\/wp\/v2\/media?parent=4130"}],"wp:term":[{"taxonomy":"product-type","embeddable":true,"href":"https:\/\/konpart.de\/fr\/wp-json\/wp\/v2\/product-type?post=4130"}],"curies":[{"name":"wp","href":"https:\/\/api.w.org\/{rel}","templated":true}]}}