{"id":4131,"date":"2024-11-22T11:25:26","date_gmt":"2024-11-22T10:25:26","guid":{"rendered":"https:\/\/konpart.de\/product\/produits-pe\/"},"modified":"2025-10-14T13:58:31","modified_gmt":"2025-10-14T11:58:31","slug":"produits-pe","status":"publish","type":"product","link":"https:\/\/konpart.de\/fr\/product\/produits-pe\/","title":{"rendered":"Produits PE"},"excerpt":{"rendered":"<p>PE propose une gamme compl\u00e8te de pi\u00e8ces de rechange pour v\u00e9hicules utilitaires provenant de son propre d\u00e9partement de d\u00e9veloppement. Avec les normes de s\u00e9curit\u00e9, de qualit\u00e9 et de fabrication les plus \u00e9lev\u00e9es, l&rsquo;entreprise familiale fond\u00e9e en 1947 et dirig\u00e9e par son propri\u00e9taire est l&rsquo;un des principaux fournisseurs sur le march\u00e9 des pi\u00e8ces d\u00e9tach\u00e9es. <\/p>\n","protected":false},"featured_media":3665,"template":"","meta":{"_acf_changed":false},"product-type":[],"class_list":["post-4131","product","type-product","status-publish","has-post-thumbnail","hentry"],"acf":{"product-claim":"Produits PE","product-description":"PE propose une gamme compl\u00e8te de pi\u00e8ces de rechange pour v\u00e9hicules utilitaires provenant de son propre d\u00e9partement de d\u00e9veloppement. Avec les normes de s\u00e9curit\u00e9, de qualit\u00e9 et de fabrication les plus \u00e9lev\u00e9es, l'entreprise familiale fond\u00e9e en 1947 et dirig\u00e9e par son propri\u00e9taire est l'un des principaux fournisseurs sur le march\u00e9 des pi\u00e8ces d\u00e9tach\u00e9es. \n\nLa marque PE, enregistr\u00e9e au niveau international, fait partie de l'entreprise depuis 1979.\n\nPar cons\u00e9quent, les quelque 10 000 produits PE diff\u00e9rents suscitent une grande confiance dans le monde entier, dans les ateliers exigeants, qu'ils soient libres ou li\u00e9s. Gr\u00e2ce \u00e0 ses solutions orient\u00e9es vers les ateliers, PE est une option attrayante pour tous les ateliers qui souhaitent r\u00e9parer tous les types de remorques et de v\u00e9hicules commerciaux. \n\nLe puissant r\u00e9seau international de partenaires commerciaux PE assure une large distribution et une grande disponibilit\u00e9 des pi\u00e8ces de rechange PE.","catalog":null,"logo-reihenfolge":"","spare-part-table":""},"_links":{"self":[{"href":"https:\/\/konpart.de\/fr\/wp-json\/wp\/v2\/product\/4131","targetHints":{"allow":["GET"]}}],"collection":[{"href":"https:\/\/konpart.de\/fr\/wp-json\/wp\/v2\/product"}],"about":[{"href":"https:\/\/konpart.de\/fr\/wp-json\/wp\/v2\/types\/product"}],"wp:featuredmedia":[{"embeddable":true,"href":"https:\/\/konpart.de\/fr\/wp-json\/wp\/v2\/media\/3665"}],"wp:attachment":[{"href":"https:\/\/konpart.de\/fr\/wp-json\/wp\/v2\/media?parent=4131"}],"wp:term":[{"taxonomy":"product-type","embeddable":true,"href":"https:\/\/konpart.de\/fr\/wp-json\/wp\/v2\/product-type?post=4131"}],"curies":[{"name":"wp","href":"https:\/\/api.w.org\/{rel}","templated":true}]}}