{"id":4134,"date":"2024-11-21T16:28:18","date_gmt":"2024-11-21T15:28:18","guid":{"rendered":"https:\/\/konpart.de\/product\/moog\/"},"modified":"2025-10-14T13:58:32","modified_gmt":"2025-10-14T11:58:32","slug":"moog","status":"publish","type":"product","link":"https:\/\/konpart.de\/fr\/product\/moog\/","title":{"rendered":"Moog"},"excerpt":{"rendered":"<p>Moog &#8211; la marque sp\u00e9cialis\u00e9e de Federal Mogul pour les pi\u00e8ces de direction et de suspension &#8211; fabrique des pi\u00e8ces de ch\u00e2ssis, de direction et de suspension de haute qualit\u00e9 aux \u00c9tats-Unis depuis 1919.<\/p>\n","protected":false},"featured_media":3637,"template":"","meta":{"_acf_changed":false},"product-type":[],"class_list":["post-4134","product","type-product","status-publish","has-post-thumbnail","hentry"],"acf":{"product-claim":"Produits Moog","product-description":"<h3>Pi\u00e8ces de direction et de suspension de haute qualit\u00e9 de FEDERAL MOGUL<\/h3>\nMoog - la marque sp\u00e9cialis\u00e9e de Federal Mogul pour les pi\u00e8ces de direction et de suspension - fabrique des pi\u00e8ces de ch\u00e2ssis, de direction et de suspension de haute qualit\u00e9 aux \u00c9tats-Unis depuis 1919.\n\nGr\u00e2ce \u00e0 ses normes de qualit\u00e9 \u00e9lev\u00e9es et \u00e0 sa comp\u00e9titivit\u00e9, Moog est aujourd'hui l'un des leaders du march\u00e9 et offre une vaste gamme de pi\u00e8ces d\u00e9tach\u00e9es de direction et de suspension pour presque tous les types de voitures, de camions ou d'autobus europ\u00e9ens, am\u00e9ricains et japonais.\n\n[ws-catalog]\n\nLes produits Moog am\u00e9liorent les pi\u00e8ces d'origine et leurs conceptions sont adapt\u00e9es aux techniciens, offrant des solutions de direction qui facilitent la r\u00e9paration et am\u00e9liorent l'ensemble de la r\u00e9paration pour les techniciens automobiles.\n\nLes pi\u00e8ces de direction et de suspension Moog sont con\u00e7ues et fabriqu\u00e9es selon les exigences strictes de l'\u00e9quipement d'origine et test\u00e9es dans des installations d'essai d'\u00e9quipement d'origine de classe mondiale. Les produits Moog ne sont distribu\u00e9s qu'apr\u00e8s avoir \u00e9t\u00e9 soumis avec succ\u00e8s \u00e0 un certain nombre de tests rigoureux (fatigue, usure, ...). \n\nLes innovations de Moog permettent d'offrir des syst\u00e8mes de ch\u00e2ssis enti\u00e8rement int\u00e9gr\u00e9s, avec des pi\u00e8ces qui fournissent\n<ul>\n \t<li>am\u00e9lioration des performances<\/li>\n \t<li>meilleure tenue de route<\/li>\n \t<li>une durabilit\u00e9 accrue<\/li>\n \t<li>une qualit\u00e9 accrue.<\/li>\n<\/ul>\nLes pi\u00e8ces de ch\u00e2ssis Moog utilisent des mat\u00e9riaux l\u00e9gers pour r\u00e9duire le poids du v\u00e9hicule, augmenter la flexibilit\u00e9 et la durabilit\u00e9. En utilisant les bons mat\u00e9riaux et en tenant compte de toutes les caract\u00e9ristiques (s\u00e9curit\u00e9, rapport co\u00fbt-qualit\u00e9 des mat\u00e9riaux, etc.). La qualit\u00e9 du produit correspond aux normes de l'\u00e9quipement d'origine et les d\u00e9passe m\u00eame.  \n\nLes kits de r\u00e9paration Moog pour les directions et les suspensions rendent les r\u00e9parations de ch\u00e2ssis plus rapides et plus faciles que jamais. La quincaillerie et les guides d'installation sont inclus dans un pack comprenant toutes les pi\u00e8ces dont vous avez besoin. Les pi\u00e8ces et accessoires us\u00e9s peuvent \u00eatre remplac\u00e9s, ce qui permet d'am\u00e9liorer consid\u00e9rablement la s\u00e9curit\u00e9 et les performances du v\u00e9hicule.  \n\nLes techniciens professionnels font confiance et appr\u00e9cient la marque Federal Mogul. Les produits Moog sont devenus la r\u00e9f\u00e9rence en mati\u00e8re de direction et de suspension gr\u00e2ce aux am\u00e9liorations et aux tests constants de son d\u00e9partement de recherche et d\u00e9veloppement. Toutes les pi\u00e8ces d\u00e9tach\u00e9es Moog sont test\u00e9es et approuv\u00e9es \u00e0 100%.  ","catalog":[{"catalog-name":"Catalogue des pi\u00e8ces de direction et de suspension MOOG - Voitures","catalog-description":"Le catalogue de pi\u00e8ces de direction et de suspension de MOOG couvre les joints \u00e0 rotule, les embouts de biellette, les bras de contr\u00f4le, les stabilisateurs de biellette et de jambe de force, les supports de moteur pour toutes les voitures de tourisme et les v\u00e9hicules utilitaires l\u00e9gers courants. Le catalogue contient de nombreuses illustrations d\u00e9taill\u00e9es et une liste de r\u00e9f\u00e9rences crois\u00e9es \u00e0 la fin. Multilingue : anglais, espagnol, fran\u00e7ais, etc.  ","katalog-cover":1285,"katalog-file":1298},{"catalog-name":"MOOG Catalogue de pi\u00e8ces d\u00e9tach\u00e9es pour direction et suspension - Camions et bus","catalog-description":"Le catalogue de pi\u00e8ces de direction et de suspension MOOG pour tous les camions, bus et remorques courants couvre les joints \u00e0 rotule, les embouts de barres d'accouplement, les barres centrales, les barres de torsion, etc. Le catalogue est structur\u00e9 par fabricant d'\u00e9quipement d'origine, avec les num\u00e9ros de r\u00e9f\u00e9rence d'\u00e9quipement d'origine. En outre, une liste de r\u00e9f\u00e9rences crois\u00e9es figure \u00e0 la fin du catalogue. Multilingue : anglais, espagnol, fran\u00e7ais, portugais, etc.   ","katalog-cover":1289,"katalog-file":1302}],"logo-reihenfolge":16,"spare-part-table":""},"_links":{"self":[{"href":"https:\/\/konpart.de\/fr\/wp-json\/wp\/v2\/product\/4134","targetHints":{"allow":["GET"]}}],"collection":[{"href":"https:\/\/konpart.de\/fr\/wp-json\/wp\/v2\/product"}],"about":[{"href":"https:\/\/konpart.de\/fr\/wp-json\/wp\/v2\/types\/product"}],"wp:featuredmedia":[{"embeddable":true,"href":"https:\/\/konpart.de\/fr\/wp-json\/wp\/v2\/media\/3637"}],"wp:attachment":[{"href":"https:\/\/konpart.de\/fr\/wp-json\/wp\/v2\/media?parent=4134"}],"wp:term":[{"taxonomy":"product-type","embeddable":true,"href":"https:\/\/konpart.de\/fr\/wp-json\/wp\/v2\/product-type?post=4134"}],"curies":[{"name":"wp","href":"https:\/\/api.w.org\/{rel}","templated":true}]}}