{"id":4135,"date":"2024-11-22T10:59:35","date_gmt":"2024-11-22T09:59:35","guid":{"rendered":"https:\/\/konpart.de\/product\/nissens\/"},"modified":"2025-10-14T13:58:33","modified_gmt":"2025-10-14T11:58:33","slug":"nissens","status":"publish","type":"product","link":"https:\/\/konpart.de\/fr\/product\/nissens\/","title":{"rendered":"Nissens"},"excerpt":{"rendered":"<p>Depuis 1921, Nissens d\u00e9veloppe, fabrique et fournit une large gamme de pi\u00e8ces d\u00e9tach\u00e9es automobiles telles que des radiateurs, des produits de climatisation et des solutions thermiques pour le march\u00e9 de l&rsquo;apr\u00e8s-vente automobile.<\/p>\n","protected":false},"featured_media":3645,"template":"","meta":{"_acf_changed":false},"product-type":[],"class_list":["post-4135","product","type-product","status-publish","has-post-thumbnail","hentry"],"acf":{"product-claim":"Produits Nissens","product-description":"<h3>Pi\u00e8ces de rechange pour le refroidissement des moteurs, les \u00e9missions et le climat pour le march\u00e9 de la rechange automobile<\/h3>\nDepuis 1921, Nissens d\u00e9veloppe, fabrique et fournit une large gamme de pi\u00e8ces d\u00e9tach\u00e9es automobiles telles que des radiateurs, des produits de climatisation et des solutions thermiques pour le march\u00e9 de l'apr\u00e8s-vente automobile.\n<h3>Qualit\u00e9, gamme et expertise<\/h3>\nEn tant que leader sur le march\u00e9 des composants essentiels des syst\u00e8mes thermiques, Nissens propose une gamme compl\u00e8te de produits avec une couverture presque totale du parc automobile, couvrant tout, des pi\u00e8ces \u00e0 \u00e9volution rapide aux pi\u00e8ces plus exotiques des applications des v\u00e9hicules europ\u00e9ens, asiatiques et am\u00e9ricains. Avec plus de 10 000 articles, Nissens offre probablement la plus large gamme de pi\u00e8ces de refroidissement de moteur sur le march\u00e9 des pi\u00e8ces de rechange. \n\nTous les produits et services de Nissens d\u00e9coulent d'une volont\u00e9 de fournir la solution optimale \u00e0 chaque besoin. Pour ce faire, il faut non seulement une bonne connaissance de la technologie, des possibilit\u00e9s et des march\u00e9s, mais aussi une curiosit\u00e9 permanente. La curiosit\u00e9 signifie ne pas se contenter de ce qu'il y a de mieux, et donc toujours suivre de nouvelles voies, d\u00e9velopper des solutions efficaces et optimiser les produits existants. Chaque produit est le r\u00e9sultat d'un d\u00e9veloppement, d'un test et d'une \u00e9valuation, et le d\u00e9veloppement dans un domaine conduit souvent \u00e0 des r\u00e9sultats qui peuvent \u00eatre utilis\u00e9s dans d'autres domaines. Ainsi, le d\u00e9veloppement qui en r\u00e9sulte peut conduire \u00e0 l'optimisation des routines de travail, des m\u00e9thodes de production et du choix des mat\u00e9riaux, ce qui profitera bien s\u00fbr \u00e0 nos clients.    \n<h3>Exportateur agr\u00e9\u00e9 Nissens<\/h3>\nEn tant qu'exportateur agr\u00e9\u00e9, KonPart Import-Export GmbH fournit \u00e0 ses clients la gamme compl\u00e8te des produits Nissens, tels que les radiateurs, les refroidisseurs d'huile, les refroidisseurs interm\u00e9diaires, les ventilateurs et les soufflantes.\n\n[table id=\"14\" \/]","catalog":null,"logo-reihenfolge":23,"spare-part-table":"[table id=\"14\" \/]"},"_links":{"self":[{"href":"https:\/\/konpart.de\/fr\/wp-json\/wp\/v2\/product\/4135","targetHints":{"allow":["GET"]}}],"collection":[{"href":"https:\/\/konpart.de\/fr\/wp-json\/wp\/v2\/product"}],"about":[{"href":"https:\/\/konpart.de\/fr\/wp-json\/wp\/v2\/types\/product"}],"wp:featuredmedia":[{"embeddable":true,"href":"https:\/\/konpart.de\/fr\/wp-json\/wp\/v2\/media\/3645"}],"wp:attachment":[{"href":"https:\/\/konpart.de\/fr\/wp-json\/wp\/v2\/media?parent=4135"}],"wp:term":[{"taxonomy":"product-type","embeddable":true,"href":"https:\/\/konpart.de\/fr\/wp-json\/wp\/v2\/product-type?post=4135"}],"curies":[{"name":"wp","href":"https:\/\/api.w.org\/{rel}","templated":true}]}}