{"id":4136,"date":"2024-11-22T11:35:27","date_gmt":"2024-11-22T10:35:27","guid":{"rendered":"https:\/\/konpart.de\/product\/sm-motorenteile\/"},"modified":"2025-10-14T13:58:33","modified_gmt":"2025-10-14T11:58:33","slug":"sm-motorenteile","status":"publish","type":"product","link":"https:\/\/konpart.de\/fr\/product\/sm-motorenteile\/","title":{"rendered":"SM Motorenteile"},"excerpt":{"rendered":"<p>SM Motorenteile GmbH fournit des pi\u00e8ces de moteur de haute pr\u00e9cision pour l&rsquo;\u00e9quipement d&rsquo;origine et des syst\u00e8mes de moteur complets en qualit\u00e9 OE pour le march\u00e9 des pi\u00e8ces de rechange.<\/p>\n","protected":false},"featured_media":3681,"template":"","meta":{"_acf_changed":false},"product-type":[],"class_list":["post-4136","product","type-product","status-publish","has-post-thumbnail","hentry"],"acf":{"product-claim":"SM Motorenteile Produits","product-description":"<h3>Pi\u00e8ces de moteur de qualit\u00e9 OE<\/h3>\nSM Motorenteile GmbH fournit des pi\u00e8ces de moteur de haute pr\u00e9cision pour l'\u00e9quipement d'origine et des syst\u00e8mes de moteur complets en qualit\u00e9 OE pour le march\u00e9 des pi\u00e8ces de rechange.\n\n[ws-catalog]\n\nEn tant que fournisseur international de syst\u00e8mes pour les composants de moteur de haute pr\u00e9cision, SM Motorenteile est le partenaire de nombreuses entreprises industrielles du secteur automobile, de l'industrie m\u00e9tallurgique et du march\u00e9 des pi\u00e8ces d\u00e9tach\u00e9es.\n\nLes produits SM sont utilis\u00e9s dans le monde entier pour tous les types de moteurs, de compresseurs d'air, de syst\u00e8mes de transmission, de pompes et de pi\u00e8ces d\u00e9tach\u00e9es.\n<h3>Qualit\u00e9 des pi\u00e8ces du moteur SM<\/h3>\nLes pi\u00e8ces de moteur SM sont fabriqu\u00e9es selon les sp\u00e9cifications de l'\u00e9quipement d'origine, sans exception. Les m\u00e9thodes modernes de production de haute pr\u00e9cision garantissent une fabrication de composants d'une qualit\u00e9 constante et reproductible. Des inspections approfondies au cours du processus de production garantissent des produits de la plus haute qualit\u00e9. Tous les sites de production SM sont certifi\u00e9s ISO 9001 et QS 9000. Les pi\u00e8ces de moteur SM sont fabriqu\u00e9es \u00e0 partir de mat\u00e9riaux \u00e9quivalents \u00e0 ceux de l'\u00e9quipement d'origine. Gr\u00e2ce \u00e0 des contr\u00f4les complexes et \u00e0 une s\u00e9lection sans compromis, SM Motorenteile GmbH s'assure que seuls des mat\u00e9riaux parfaits sont utilis\u00e9s dans la production.     \n<h3>Gamme de produits SM Motorenteile<\/h3>\nLa gamme de produits de SM Motorenteile comprend des syst\u00e8mes de soupapes, des pistons et des segments de piston, des pi\u00e8ces fritt\u00e9es pour les moteurs, les transmissions et les pompes, des pi\u00e8ces tourn\u00e9es de haute pr\u00e9cision ainsi que des modules de moulage en aluminium simples et complexes pour les voitures particuli\u00e8res, les camions, les machines agricoles et les engins de construction. Tous les produits sont livr\u00e9s en conformit\u00e9 avec les normes internationales et selon les dessins des clients. ","catalog":[{"catalog-name":"Catalogue SM Motorenteile Pistons, segments de piston, cylindres, chemises","catalog-description":"Ce catalogue SM Motorenteile couvre les pistons, les cylindres, les chemises de cylindre et les segments de piston pour les voitures, les camions, les machines agricoles et les engins de chantier. Class\u00e9s par fabricants d'\u00e9quipements d'origine. Une liste de r\u00e9f\u00e9rences crois\u00e9es est disponible \u00e0 la fin du catalogue, permettant d'interchanger avec MAHLE, KS et GOETZE.  ","katalog-cover":1537,"katalog-file":1549},{"catalog-name":"SM Motorenteile Arbres \u00e0 cames, culasses, joints de culasse, soupapes Catalogue","catalog-description":"Ce catalogue SM Motorenteile couvre les soupapes, les guides de soupapes, les collets de soupapes, les joints de tiges de soupapes, les poussoirs de soupapes, les arbres \u00e0 cames, les culasses, les joints de culasses pour les voitures, les camions, les machines agricoles et les engins de chantier. Class\u00e9s par fabricants OEM. Liste de r\u00e9f\u00e9rences crois\u00e9es OEM et interchangeabilit\u00e9 avec TRW \/ KS et num\u00e9ros divers \u00e0 la fin du catalogue.  ","katalog-cover":1529,"katalog-file":1557},{"catalog-name":"Catalogue des joints universels et des but\u00e9es d'embrayage de SM Motorenteile","catalog-description":"Ce catalogue SM Motorenteile couvre les joints universels et les but\u00e9es d'embrayage pour les voitures et les camions. Class\u00e9s par dimensions des articles et fabricants OE. Liste de r\u00e9f\u00e9rences crois\u00e9es OEM et \u00e9changes avec GKN, SPICER, TRW, UC, LUK, SACHS \u00e0 la fin du catalogue.  ","katalog-cover":1541,"katalog-file":1553},{"catalog-name":"SM Motorenteile Engine Bearings Catalogue","catalog-description":"Catalogue de roulements de moteur SM Motorenteile pour voitures et camions. Class\u00e9 par fabricants d'\u00e9quipements d'origine. Liste de r\u00e9f\u00e9rences crois\u00e9es avec GLYCO, KS et MAHLE disponible.  ","katalog-cover":1533,"katalog-file":1545}],"logo-reihenfolge":"","spare-part-table":""},"_links":{"self":[{"href":"https:\/\/konpart.de\/fr\/wp-json\/wp\/v2\/product\/4136","targetHints":{"allow":["GET"]}}],"collection":[{"href":"https:\/\/konpart.de\/fr\/wp-json\/wp\/v2\/product"}],"about":[{"href":"https:\/\/konpart.de\/fr\/wp-json\/wp\/v2\/types\/product"}],"wp:featuredmedia":[{"embeddable":true,"href":"https:\/\/konpart.de\/fr\/wp-json\/wp\/v2\/media\/3681"}],"wp:attachment":[{"href":"https:\/\/konpart.de\/fr\/wp-json\/wp\/v2\/media?parent=4136"}],"wp:term":[{"taxonomy":"product-type","embeddable":true,"href":"https:\/\/konpart.de\/fr\/wp-json\/wp\/v2\/product-type?post=4136"}],"curies":[{"name":"wp","href":"https:\/\/api.w.org\/{rel}","templated":true}]}}