{"id":4140,"date":"2024-11-22T11:41:57","date_gmt":"2024-11-22T10:41:57","guid":{"rendered":"https:\/\/konpart.de\/product\/spicer\/"},"modified":"2025-10-14T13:58:37","modified_gmt":"2025-10-14T11:58:37","slug":"spicer","status":"publish","type":"product","link":"https:\/\/konpart.de\/fr\/product\/spicer\/","title":{"rendered":"Spicer"},"excerpt":{"rendered":"<p>SPICER est la marque sp\u00e9cialis\u00e9e du groupe DANA pour les transmissions, les arbres de transmission, les pi\u00e8ces de direction et les essieux, ainsi que les pi\u00e8ces de rechange correspondantes. En tant que l&rsquo;un des principaux fabricants d&rsquo;\u00e9quipements d&rsquo;origine dans le monde, les produits de rechange SPICER pour les essieux, les arbres de transmission, les pi\u00e8ces de direction et les transmissions offrent la qualit\u00e9 de l&rsquo;\u00e9quipement d&rsquo;origine au march\u00e9 des pi\u00e8ces de rechange. <\/p>\n","protected":false},"featured_media":3822,"template":"","meta":{"_acf_changed":false},"product-type":[],"class_list":["post-4140","product","type-product","status-publish","has-post-thumbnail","hentry"],"acf":{"product-claim":"Pi\u00e8ces d'origine SPICER pour le march\u00e9 de l'apr\u00e8s-vente","product-description":"<h3>Transmissions, arbres de transmission, pi\u00e8ces de direction et essieux SPICER<\/h3>\nSPICER est la marque sp\u00e9cialis\u00e9e du groupe DANA pour les transmissions, les arbres de transmission, les pi\u00e8ces de direction et les essieux, ainsi que les pi\u00e8ces de rechange correspondantes. En tant que l'un des principaux fabricants d'\u00e9quipements d'origine dans le monde, les produits de rechange SPICER pour les essieux, les arbres de transmission, les pi\u00e8ces de direction et les transmissions offrent la qualit\u00e9 de l'\u00e9quipement d'origine au march\u00e9 des pi\u00e8ces de rechange. \n\nSPICER est reconnu comme OEM par les grands constructeurs europ\u00e9ens et am\u00e9ricains de camions et de v\u00e9hicules hors route tels que MAN, IVECO, CATERPILLAR et JOHN DEERE. Tous les produits SPICER OEM et aftermarket sont fabriqu\u00e9s dans l'une des usines de production de SPICER, ce qui garantit une durabilit\u00e9 et une fiabilit\u00e9 \u00e9lev\u00e9es. \n\n[ws-catalog]\n<h3>La gamme compl\u00e8te de pi\u00e8ces d\u00e9tach\u00e9es SPICER pour les voitures et les camionnettes, les camions et les autobus, les v\u00e9hicules hors route et l'industrie<\/h3>\nLa vaste gamme de produits SPICER pour le march\u00e9 de l'apr\u00e8s-vente couvre :\n<ul>\n \t<li>Transmission et pi\u00e8ces de rechange<\/li>\n \t<li>Arbres de transmission et pi\u00e8ces de rechange<\/li>\n \t<li>Essieux, bo\u00eetes-ponts et pi\u00e8ces de rechange<\/li>\n \t<li>Pi\u00e8ces de direction<\/li>\n \t<li>Cas de transfert<\/li>\n \t<li>Lubrifiants<\/li>\n<\/ul>\n...pour de nombreuses <strong>applications europ\u00e9ennes, asiatiques, nord-am\u00e9ricaines et latino-am\u00e9ricaines<\/strong> telles que :\n<ul>\n \t<li><strong>Pick-ups et SUV :<\/strong> Toyota Land Cruiser\/Hi-Lux, Nissan Navara\/Pathfinder, Mitsubishi Pajero, Ford F-150\/F-250\/F-350, Jeep Wrangler\/Cherokee\/Willys etc.<\/li>\n \t<li><strong>V\u00e9hicules utilitaires l\u00e9gers :<\/strong> Mercedes-Benz\/Freightliner Sprinter, Volkswagen Crafter, Iveco Daily, Renault Master, etc.<\/li>\n \t<li><strong>Camions et bus :<\/strong> Mercedes-Benz, MAN, Scania, Iveco, DAF, Volvo, Evobus, VDL, VanHol, Meritor, Mack, Cummins, Navistar\/International, Freightliner, Detroit Diesel, Kenworth, Peterbilt, etc.<\/li>\n \t<li><strong>Hors route :<\/strong> Caterpillar, John Deere, JCB, Liebherr, Fendt, etc.<\/li>\n \t<li><strong>L'industrie<\/strong><\/li>\n<\/ul>\n<strong>Vous trouverez ci-dessous un petit extrait de la vaste gamme de produits SPICER pour le march\u00e9 de l'apr\u00e8s-vente que KonPart Import-Export GmbH propose \u00e0 l'exportation :<\/strong>\n\n[table id=\"13\" \/]","catalog":[{"catalog-name":"","catalog-description":"","katalog-cover":1574,"katalog-file":1658},{"catalog-name":"","catalog-description":"","katalog-cover":1590,"katalog-file":1642},{"catalog-name":"","catalog-description":"","katalog-cover":1594,"katalog-file":1646},{"catalog-name":"","catalog-description":"","katalog-cover":1598,"katalog-file":1650},{"catalog-name":"","catalog-description":"","katalog-cover":1606,"katalog-file":1658},{"catalog-name":"","catalog-description":"","katalog-cover":1578,"katalog-file":1630},{"catalog-name":"","catalog-description":"","katalog-cover":1602,"katalog-file":1654},{"catalog-name":"","catalog-description":"","katalog-cover":1586,"katalog-file":1638},{"catalog-name":"","catalog-description":"","katalog-cover":1582,"katalog-file":1634},{"catalog-name":"","catalog-description":"","katalog-cover":1610,"katalog-file":1614},{"catalog-name":"","catalog-description":"","katalog-cover":1566,"katalog-file":1618},{"catalog-name":"","catalog-description":"","katalog-cover":1570,"katalog-file":1622}],"logo-reihenfolge":"","spare-part-table":"[table id=\"13\" \/]"},"_links":{"self":[{"href":"https:\/\/konpart.de\/fr\/wp-json\/wp\/v2\/product\/4140","targetHints":{"allow":["GET"]}}],"collection":[{"href":"https:\/\/konpart.de\/fr\/wp-json\/wp\/v2\/product"}],"about":[{"href":"https:\/\/konpart.de\/fr\/wp-json\/wp\/v2\/types\/product"}],"wp:featuredmedia":[{"embeddable":true,"href":"https:\/\/konpart.de\/fr\/wp-json\/wp\/v2\/media\/3822"}],"wp:attachment":[{"href":"https:\/\/konpart.de\/fr\/wp-json\/wp\/v2\/media?parent=4140"}],"wp:term":[{"taxonomy":"product-type","embeddable":true,"href":"https:\/\/konpart.de\/fr\/wp-json\/wp\/v2\/product-type?post=4140"}],"curies":[{"name":"wp","href":"https:\/\/api.w.org\/{rel}","templated":true}]}}