{"id":4141,"date":"2025-05-16T11:39:33","date_gmt":"2025-05-16T09:39:33","guid":{"rendered":"https:\/\/konpart.de\/product\/trw\/"},"modified":"2025-10-14T13:58:39","modified_gmt":"2025-10-14T11:58:39","slug":"trw","status":"publish","type":"product","link":"https:\/\/konpart.de\/fr\/product\/trw\/","title":{"rendered":"TRW"},"excerpt":{"rendered":"<p>TRW, une marque de ZF Aftermarket, est un leader mondial des syst\u00e8mes de s\u00e9curit\u00e9 automobile, offrant des composants de freinage, de direction et de suspension de premier ordre. En tant qu&rsquo;exportateur allemand de confiance de pi\u00e8ces d\u00e9tach\u00e9es de qualit\u00e9 OE et d&rsquo;apr\u00e8s-vente, nous fournissons une gamme compl\u00e8te de produits TRW authentiques \u00e0 nos clients exportateurs qui exigent performance, fiabilit\u00e9 et s\u00e9curit\u00e9. <\/p>\n","protected":false},"featured_media":3693,"template":"","meta":{"_acf_changed":false},"product-type":[],"class_list":["post-4141","product","type-product","status-publish","has-post-thumbnail","hentry"],"acf":{"product-claim":"Une s\u00e9curit\u00e9 et des performances sur lesquelles vous pouvez compter","product-description":"<strong>Votre partenaire mondial pour les produits TRW d'origine et les pi\u00e8ces de rechange de qualit\u00e9 OE en provenance d'Allemagne<\/strong>\n\nTRW, une marque de ZF Aftermarket, est un leader mondial des syst\u00e8mes de s\u00e9curit\u00e9 automobile, offrant des composants de freinage, de direction et de suspension de premier ordre. En tant qu'exportateur allemand de confiance de pi\u00e8ces d\u00e9tach\u00e9es de qualit\u00e9 OE et d'apr\u00e8s-vente, nous fournissons une gamme compl\u00e8te de produits TRW authentiques \u00e0 nos clients exportateurs qui exigent performance, fiabilit\u00e9 et s\u00e9curit\u00e9. \n\nForts d'un riche h\u00e9ritage en mati\u00e8re d'innovation et d'ing\u00e9nierie de pr\u00e9cision, les produits TRW sont con\u00e7us pour r\u00e9pondre aux normes rigoureuses des fabricants d'\u00e9quipements d'origine. Que vous recherchiez des plaquettes de frein, des disques, des \u00e9triers, des bras de commande ou des composants de direction, TRW offre une qualit\u00e9 et une coh\u00e9rence in\u00e9gal\u00e9es. \n\n<strong>Pourquoi TRW ?<\/strong>\n<ul>\n \t<li><strong>Composants de qualit\u00e9 OE :<\/strong> Les pi\u00e8ces TRW sont fabriqu\u00e9es pour satisfaire ou d\u00e9passer les sp\u00e9cifications de l'\u00e9quipement d'origine pour une s\u00e9curit\u00e9 et une performance optimales.<\/li>\n \t<li><strong>L'expertise allemande en mati\u00e8re de pi\u00e8ces d\u00e9tach\u00e9es :<\/strong> Reconnus dans le monde entier, les produits TRW refl\u00e8tent l'excellence de l'ing\u00e9nierie et des normes de production allemandes.<\/li>\n \t<li><strong>Large gamme de produits :<\/strong> Nous exportons une gamme compl\u00e8te de produits TRW pour les v\u00e9hicules europ\u00e9ens, asiatiques et am\u00e9ricains.<\/li>\n \t<li><strong>Solutions pour le march\u00e9 de l'apr\u00e8s-vente :<\/strong> Id\u00e9ales pour les ateliers, les distributeurs et les op\u00e9rateurs de flottes qui recherchent des pi\u00e8ces de rechange fiables avec une garantie de niveau OE.<\/li>\n<\/ul>\nEn tant qu'<strong>exportateur allemand<\/strong> sp\u00e9cialis\u00e9, nous nous concentrons sur la livraison efficace et fiable des pi\u00e8ces d\u00e9tach\u00e9es TRW aux clients sur nos march\u00e9s d'exportation. Notre expertise en mati\u00e8re de logistique garantit un traitement rapide, des prix comp\u00e9titifs et des solutions d'exportation personnalis\u00e9es pour r\u00e9pondre \u00e0 vos besoins exacts. \n\n<strong>Exportez les produits TRW en toute confiance<\/strong>\n\nAvec des ann\u00e9es d'exp\u00e9rience dans la distribution internationale de pi\u00e8ces d\u00e9tach\u00e9es allemandes, nous garantissons des composants TRW authentiques provenant directement de TRW en Allemagne. Que vous cherchiez \u00e0 stocker des produits TRW essentiels ou \u00e0 vous procurer des composants difficiles \u00e0 trouver, nous sommes votre partenaire d'exportation privil\u00e9gi\u00e9. \n\n<strong>Choisissez la qualit\u00e9. Choisissez la s\u00e9curit\u00e9. Choisissez TRW - export\u00e9 directement d'Allemagne.  <\/strong>","catalog":null,"logo-reihenfolge":12,"spare-part-table":""},"_links":{"self":[{"href":"https:\/\/konpart.de\/fr\/wp-json\/wp\/v2\/product\/4141","targetHints":{"allow":["GET"]}}],"collection":[{"href":"https:\/\/konpart.de\/fr\/wp-json\/wp\/v2\/product"}],"about":[{"href":"https:\/\/konpart.de\/fr\/wp-json\/wp\/v2\/types\/product"}],"wp:featuredmedia":[{"embeddable":true,"href":"https:\/\/konpart.de\/fr\/wp-json\/wp\/v2\/media\/3693"}],"wp:attachment":[{"href":"https:\/\/konpart.de\/fr\/wp-json\/wp\/v2\/media?parent=4141"}],"wp:term":[{"taxonomy":"product-type","embeddable":true,"href":"https:\/\/konpart.de\/fr\/wp-json\/wp\/v2\/product-type?post=4141"}],"curies":[{"name":"wp","href":"https:\/\/api.w.org\/{rel}","templated":true}]}}