{"id":4142,"date":"2025-05-16T11:44:45","date_gmt":"2025-05-16T09:44:45","guid":{"rendered":"https:\/\/konpart.de\/product\/sachs\/"},"modified":"2025-10-14T13:58:40","modified_gmt":"2025-10-14T11:58:40","slug":"sachs","status":"publish","type":"product","link":"https:\/\/konpart.de\/fr\/product\/sachs\/","title":{"rendered":"Sachs"},"excerpt":{"rendered":"<p>Sachs est une marque mondialement reconnue pour ses pi\u00e8ces d\u00e9tach\u00e9es de haute performance et de qualit\u00e9 OE, auxquelles font confiance les professionnels de l&rsquo;automobile et les fabricants d&rsquo;\u00e9quipements d&rsquo;origine. En tant que membre du groupe ZF, Sachs d\u00e9veloppe et fabrique des amortisseurs, des embrayages et d&rsquo;autres pi\u00e8ces de rechange de classe mondiale qui sont con\u00e7us pour la durabilit\u00e9, le confort et la pr\u00e9cision de conduite. <\/p>\n","protected":false},"featured_media":3677,"template":"","meta":{"_acf_changed":false},"product-type":[],"class_list":["post-4142","product","type-product","status-publish","has-post-thumbnail","hentry"],"acf":{"product-claim":"Sachs - L'ing\u00e9nierie allemande pour un confort de conduite sup\u00e9rieur","product-description":"<em>Source fiable de produits Sachs authentiques provenant d'un exportateur allemand de confiance<\/em>\n\n<strong>Sachs<\/strong> est une marque mondialement reconnue pour ses <strong>pi\u00e8ces d\u00e9tach\u00e9es<\/strong> de haute performance et <strong>de qualit\u00e9 OE<\/strong>, auxquelles font confiance les professionnels de l'automobile et les fabricants d'\u00e9quipements d'origine. En tant que membre du groupe ZF, Sachs d\u00e9veloppe et fabrique des <strong>amortisseurs<\/strong>, des <strong>embrayages<\/strong> et d'autres <strong>pi\u00e8ces de rechange de<\/strong> classe mondiale qui sont con\u00e7us pour la durabilit\u00e9, le confort et la pr\u00e9cision de conduite. \n\nEn tant qu'<strong>exportateur allemand<\/strong> ayant une longue exp\u00e9rience dans le commerce international des pi\u00e8ces automobiles, nous fournissons une gamme compl\u00e8te de <strong>produits Sachs<\/strong> \u00e0 nos clients exportateurs. Toutes les pi\u00e8ces proviennent directement d'Allemagne, ce qui garantit l'authenticit\u00e9, une livraison rapide et une conformit\u00e9 totale avec les normes OE. \n\n<strong>Avantages du produit Sachs :<\/strong>\n<ul>\n \t<li><strong>Qualit\u00e9 et performances OE<\/strong> - utilis\u00e9es par les principaux constructeurs automobiles, notamment Mercedes-Benz, BMW, Audi, Volkswagen et bien d'autres.<\/li>\n \t<li><strong>Une large couverture de produits<\/strong> - des voitures particuli\u00e8res aux v\u00e9hicules utilitaires l\u00e9gers et aux poids lourds.<\/li>\n \t<li><strong>Durabilit\u00e9 et efficacit\u00e9 \u00e9lev\u00e9es<\/strong> - con\u00e7ues pour des performances optimales, m\u00eame dans des conditions extr\u00eames.<\/li>\n \t<li><strong>Priorit\u00e9 \u00e0 l'innovation<\/strong> - Sachs int\u00e8gre des technologies de pointe pour un meilleur contr\u00f4le de la conduite et une plus grande s\u00e9curit\u00e9.<\/li>\n<\/ul>\nNotre offre comprend toute la gamme de produits Sachs, tels que :\n<ul>\n \t<li>Amortisseurs et jambes de force<\/li>\n \t<li>Kits d'embrayage et volants moteurs<\/li>\n \t<li>Composants de la suspension<\/li>\n \t<li>Amortisseurs de vibrations torsionnelles<\/li>\n \t<li>Syst\u00e8mes de d\u00e9brayage<\/li>\n<\/ul>\n<strong>Exportation de pi\u00e8ces d\u00e9tach\u00e9es Sachs d'origine<\/strong>\n\nEn tant qu'<strong>exportateur allemand<\/strong> exp\u00e9riment\u00e9 <strong>de pi\u00e8ces d\u00e9tach\u00e9es Sachs<\/strong>, nous vous proposons :\n<ul>\n \t<li>Une logistique internationale fiable<\/li>\n \t<li>Des solutions d'exportation sur mesure<\/li>\n \t<li>Assistance technique et identification des pi\u00e8ces<\/li>\n \t<li>Prix comp\u00e9titifs pour les commandes en gros et les commandes r\u00e9guli\u00e8res<\/li>\n<\/ul>\nQue vous soyez un grossiste ou un distributeur \u00e0 la recherche de <strong>pi\u00e8ces d\u00e9tach\u00e9es allemandes<\/strong> provenant d'un partenaire fiable, notre programme d'exportation Sachs offre performance et confiance - en provenance directe d'<strong>Allemagne<\/strong>.\n\n<em>Prenez contact avec nous pour obtenir un devis personnalis\u00e9. Sachs - Qualit\u00e9. Performance. Fabrication allemande.   <\/em>","catalog":null,"logo-reihenfolge":18,"spare-part-table":""},"_links":{"self":[{"href":"https:\/\/konpart.de\/fr\/wp-json\/wp\/v2\/product\/4142","targetHints":{"allow":["GET"]}}],"collection":[{"href":"https:\/\/konpart.de\/fr\/wp-json\/wp\/v2\/product"}],"about":[{"href":"https:\/\/konpart.de\/fr\/wp-json\/wp\/v2\/types\/product"}],"wp:featuredmedia":[{"embeddable":true,"href":"https:\/\/konpart.de\/fr\/wp-json\/wp\/v2\/media\/3677"}],"wp:attachment":[{"href":"https:\/\/konpart.de\/fr\/wp-json\/wp\/v2\/media?parent=4142"}],"wp:term":[{"taxonomy":"product-type","embeddable":true,"href":"https:\/\/konpart.de\/fr\/wp-json\/wp\/v2\/product-type?post=4142"}],"curies":[{"name":"wp","href":"https:\/\/api.w.org\/{rel}","templated":true}]}}