{"id":4145,"date":"2025-05-16T11:40:52","date_gmt":"2025-05-16T09:40:52","guid":{"rendered":"https:\/\/konpart.de\/product\/lemforder\/"},"modified":"2025-10-14T13:58:42","modified_gmt":"2025-10-14T11:58:42","slug":"lemforder","status":"publish","type":"product","link":"https:\/\/konpart.de\/fr\/product\/lemforder\/","title":{"rendered":"Lemf\u00f6rder"},"excerpt":{"rendered":"<p>Lemf\u00f6rder est l&rsquo;une des marques les plus fiables du march\u00e9 mondial des pi\u00e8ces d\u00e9tach\u00e9es automobiles, r\u00e9put\u00e9e pour fournir des pi\u00e8ces de rechange de qualit\u00e9 d&rsquo;origine qui r\u00e9pondent aux normes d&rsquo;ing\u00e9nierie allemandes les plus strictes. Faisant partie du groupe ZF, Lemf\u00f6rder est sp\u00e9cialis\u00e9 dans les composants de pr\u00e9cision pour la direction et la suspension, offrant une technologie de pointe et une fiabilit\u00e9 reconnue par les principaux constructeurs automobiles du monde entier. <\/p>\n","protected":false},"featured_media":3625,"template":"","meta":{"_acf_changed":false},"product-type":[],"class_list":["post-4145","product","type-product","status-publish","has-post-thumbnail","hentry"],"acf":{"product-claim":"Lemf\u00f6rder - Precision in Motion, Engineered in Germany (La pr\u00e9cision en mouvement, con\u00e7ue en Allemagne)","product-description":"<em>Votre source de confiance pour les pi\u00e8ces d\u00e9tach\u00e9es Lemf\u00f6rder de qualit\u00e9 OE d'un exportateur allemand de premier plan.<\/em>\n\nLemf\u00f6rder est l'une des marques les plus fiables du march\u00e9 mondial des pi\u00e8ces d\u00e9tach\u00e9es automobiles, r\u00e9put\u00e9e pour fournir des <strong>pi\u00e8ces de rechange de qualit\u00e9 OE<\/strong> r\u00e9pondant aux normes d'ing\u00e9nierie allemandes les plus strictes. Faisant partie du groupe ZF, Lemf\u00f6rder est sp\u00e9cialis\u00e9 dans les composants de pr\u00e9cision pour la direction et la suspension, offrant une technologie de pointe et une fiabilit\u00e9 reconnue par les principaux constructeurs automobiles du monde entier. \n\nEn tant qu'<strong>exportateur allemand de pi\u00e8ces d\u00e9tach\u00e9es<\/strong>, nous sommes fiers de fournir une large gamme de <strong>produits Lemf\u00f6rder<\/strong> \u00e0 nos partenaires internationaux. Notre service d'exportation garantit un acc\u00e8s rapide et fiable aux <strong>pi\u00e8ces d\u00e9tach\u00e9es Lemf\u00f6rder<\/strong> d'origine - directement depuis l'Allemagne. \n\n<strong>Pourquoi choisir les produits Lemf\u00f6rder ?<\/strong>\n<ul>\n \t<li><strong>Qualit\u00e9 de l'\u00e9quipement d'origine (OE<\/strong> ) - fabriqu\u00e9 pour satisfaire ou d\u00e9passer les normes des constructeurs automobiles.<\/li>\n \t<li><strong>Pr\u00e9cision de l'ing\u00e9nierie allemande<\/strong> - la durabilit\u00e9, la s\u00e9curit\u00e9 et la performance sont garanties.<\/li>\n \t<li><strong>Large gamme de produits<\/strong> - y compris bras de contr\u00f4le, coussinets, barres d'accouplement, joints \u00e0 rotule, stabilisateurs, et plus encore.<\/li>\n \t<li><strong>Champ d'application<\/strong> - convient aux marques europ\u00e9ennes haut de gamme telles que BMW, Mercedes-Benz, Audi, VW, Porsche et autres.<\/li>\n<\/ul>\nLemf\u00f6rder est synonyme d'innovation et de qualit\u00e9 durable, ce qui en fait le choix privil\u00e9gi\u00e9 des ateliers et des distributeurs \u00e0 la recherche de <strong>pi\u00e8ces d\u00e9tach\u00e9es allemandes<\/strong> qui garantissent la satisfaction du client et r\u00e9duisent les taux de retour.\n\n<strong>Votre source mondiale de produits Lemf\u00f6rder<\/strong>\n\nEn tant qu'<strong>exportateur allemand<\/strong> exp\u00e9riment\u00e9 <strong>de pi\u00e8ces d\u00e9tach\u00e9es Lemf\u00f6rder<\/strong>, nous apportons notre soutien \u00e0 nos clients internationaux :\n<ul>\n \t<li>Pi\u00e8ces originales de Lemf\u00f6rder<\/li>\n \t<li>Livraison rapide<\/li>\n \t<li>Emballage et documentation personnalis\u00e9s<\/li>\n \t<li>Consultation d'experts et soutien technique<\/li>\n \t<li>Prix comp\u00e9titifs \u00e0 l'exportation<\/li>\n<\/ul>\nQue vous recherchiez des <strong>pi\u00e8ces de rechange Lemf\u00f6rder<\/strong> pour des voitures particuli\u00e8res ou des v\u00e9hicules utilitaires, nous vous garantissons efficacit\u00e9, fiabilit\u00e9 et tranquillit\u00e9 d'esprit.\n\n<em>Contactez-nous d\u00e8s aujourd'hui pour un devis ou une demande de partenariat. Faites confiance \u00e0 Lemf\u00f6rder - faites confiance \u00e0 la qualit\u00e9. <\/em>","catalog":null,"logo-reihenfolge":14,"spare-part-table":""},"_links":{"self":[{"href":"https:\/\/konpart.de\/fr\/wp-json\/wp\/v2\/product\/4145","targetHints":{"allow":["GET"]}}],"collection":[{"href":"https:\/\/konpart.de\/fr\/wp-json\/wp\/v2\/product"}],"about":[{"href":"https:\/\/konpart.de\/fr\/wp-json\/wp\/v2\/types\/product"}],"wp:featuredmedia":[{"embeddable":true,"href":"https:\/\/konpart.de\/fr\/wp-json\/wp\/v2\/media\/3625"}],"wp:attachment":[{"href":"https:\/\/konpart.de\/fr\/wp-json\/wp\/v2\/media?parent=4145"}],"wp:term":[{"taxonomy":"product-type","embeddable":true,"href":"https:\/\/konpart.de\/fr\/wp-json\/wp\/v2\/product-type?post=4145"}],"curies":[{"name":"wp","href":"https:\/\/api.w.org\/{rel}","templated":true}]}}