{"id":4155,"date":"2024-11-12T10:54:41","date_gmt":"2024-11-12T09:54:41","guid":{"rendered":"https:\/\/konpart.de\/product\/ate\/"},"modified":"2025-10-14T14:11:30","modified_gmt":"2025-10-14T12:11:30","slug":"ate","status":"publish","type":"product","link":"https:\/\/konpart.de\/fr\/product\/ate\/","title":{"rendered":"ATE"},"excerpt":{"rendered":"<p>Faisant partie de Continental AG, la gamme de produits ATE pour le march\u00e9 de l&rsquo;apr\u00e8s-vente couvre un large \u00e9ventail de pi\u00e8ces hydrauliques et de freinage de qualit\u00e9 d&rsquo;origine, adapt\u00e9es \u00e0 de nombreuses applications automobiles :<\/p>\n","protected":false},"featured_media":3528,"template":"","meta":{"_acf_changed":false},"product-type":[],"class_list":["post-4155","product","type-product","status-publish","has-post-thumbnail","hentry"],"acf":{"product-claim":"Pi\u00e8ces hydrauliques et de freinage ATE, qualit\u00e9 OE pour le march\u00e9 de l'apr\u00e8s-vente.","product-description":"Faisant partie de Continental AG, la gamme de produits ATE pour le march\u00e9 de l'apr\u00e8s-vente couvre un large \u00e9ventail de pi\u00e8ces hydrauliques et de freinage de qualit\u00e9 d'origine, adapt\u00e9es \u00e0 de nombreuses applications automobiles :\n<ul>\n \t<li>plaquettes de frein<\/li>\n \t<li>disques de frein<\/li>\n \t<li>cylindres de roue<\/li>\n \t<li>ma\u00eetres-cylindres<\/li>\n \t<li>amplificateurs de freinage<\/li>\n \t<li>tuyaux de frein<\/li>\n \t<li>liquide de frein<\/li>\n<\/ul>\nLa qualit\u00e9 des produits d'ATE convainc les constructeurs automobiles, les garages et les clients finaux. Les produits ATE sont souvent choisis comme \u00e9quipement d'origine, ce qui fait d'ATE le leader du march\u00e9 dans le domaine du contr\u00f4le des freins et des freins de roue dans l'industrie automobile. Une qualit\u00e9 objective, par exemple en utilisant 160 m\u00e9langes de mat\u00e9riaux diff\u00e9rents pour les plaquettes de frein, toujours en conformit\u00e9 avec les qualit\u00e9s de s\u00e9rie.  \n\nQuiconque souhaite remplacer les pi\u00e8ces d'usure des freins dans la qualit\u00e9 du fabricant du v\u00e9hicule d'origine se tourne vers les produits de la marque ATE. Par cons\u00e9quent, ATE occupe \u00e9galement une position de premier plan sur le march\u00e9 des pi\u00e8ces de rechange : Num\u00e9ro 1 en Allemagne avec une part de march\u00e9 de plus de 30 %, num\u00e9ro 2 dans toute l'Europe et dans le Top 10 mondial. \n\nEn tant qu'exportateur agr\u00e9\u00e9, KonPart Import-Export GmbH fournit des pi\u00e8ces ATE principalement pour les applications de voitures de tourisme, avec un grand succ\u00e8s.","catalog":[{"catalog-name":"","catalog-description":"","katalog-cover":410,"katalog-file":422},{"catalog-name":"","catalog-description":"","katalog-cover":414,"katalog-file":426},{"catalog-name":"","catalog-description":"","katalog-cover":406,"katalog-file":418}],"logo-reihenfolge":3,"spare-part-table":""},"_links":{"self":[{"href":"https:\/\/konpart.de\/fr\/wp-json\/wp\/v2\/product\/4155","targetHints":{"allow":["GET"]}}],"collection":[{"href":"https:\/\/konpart.de\/fr\/wp-json\/wp\/v2\/product"}],"about":[{"href":"https:\/\/konpart.de\/fr\/wp-json\/wp\/v2\/types\/product"}],"wp:featuredmedia":[{"embeddable":true,"href":"https:\/\/konpart.de\/fr\/wp-json\/wp\/v2\/media\/3528"}],"wp:attachment":[{"href":"https:\/\/konpart.de\/fr\/wp-json\/wp\/v2\/media?parent=4155"}],"wp:term":[{"taxonomy":"product-type","embeddable":true,"href":"https:\/\/konpart.de\/fr\/wp-json\/wp\/v2\/product-type?post=4155"}],"curies":[{"name":"wp","href":"https:\/\/api.w.org\/{rel}","templated":true}]}}