{"id":4157,"date":"2024-11-12T17:15:57","date_gmt":"2024-11-12T16:15:57","guid":{"rendered":"https:\/\/konpart.de\/product\/borgwarner\/"},"modified":"2025-10-14T14:11:31","modified_gmt":"2025-10-14T12:11:31","slug":"borgwarner","status":"publish","type":"product","link":"https:\/\/konpart.de\/fr\/product\/borgwarner\/","title":{"rendered":"BorgWarner"},"excerpt":{"rendered":"<p>BorgWarner est un fournisseur de premier plan de syst\u00e8mes de turbocompression innovants et un partenaire comp\u00e9tent de l&rsquo;industrie automobile et du march\u00e9 des pi\u00e8ces d\u00e9tach\u00e9es dans le monde entier. BorgWarner propose une large gamme de turbocompresseurs pour les voitures particuli\u00e8res et les v\u00e9hicules utilitaires, ainsi que pour les moteurs industriels, les locomotives et les moteurs marins. <\/p>\n","protected":false},"featured_media":3545,"template":"","meta":{"_acf_changed":false},"product-type":[],"class_list":["post-4157","product","type-product","status-publish","has-post-thumbnail","hentry"],"acf":{"product-claim":"Turbocompresseurs de qualit\u00e9 OE pour le march\u00e9 de la rechange","product-description":"BorgWarner est un fournisseur de premier plan de syst\u00e8mes de turbocompression innovants et un partenaire comp\u00e9tent de l'industrie automobile et du march\u00e9 des pi\u00e8ces d\u00e9tach\u00e9es dans le monde entier. BorgWarner propose une large gamme de turbocompresseurs pour les voitures particuli\u00e8res et les v\u00e9hicules utilitaires, ainsi que pour les moteurs industriels, les locomotives et les moteurs marins. \n<h3>KonPart Import-Export GmbH Exportateur agr\u00e9\u00e9 de turbocompresseurs BorgWarner, Schwitzer et KKK<\/h3>\nEn tant qu'exportateur autoris\u00e9 et client direct de BorgWarner, KonPart Import-Export GmbH est en mesure de fournir des gammes compl\u00e8tes de produits des 3 marques de turbocompresseurs BorgWarner :\n<ul>\n \t<li>Turbocompresseurs BorgWarner<\/li>\n \t<li>Turbocompresseurs Schwitzer<\/li>\n \t<li>Turbocompresseurs KKK<\/li>\n<\/ul>\nBorgWarner Turbo Systems est une division de l'\u00e9quipementier automobile international BorgWarner, Inc. Depuis sa cr\u00e9ation lors de la fusion des fabricants de turbocompresseurs KKK et Schwitzer, le progr\u00e8s technologique dans le domaine de la turbocompression est \u00e9troitement li\u00e9 \u00e0 l'histoire de BorgWarner Turbo Systems. KKK et Schwitzer ont commenc\u00e9 \u00e0 d\u00e9velopper et \u00e0 produire des turbocompresseurs d\u00e8s 1952, et aujourd'hui BorgWarner Turbo & Emissions Systems continue \u00e0 \u00e9tablir de nouvelles normes technologiques dans ce domaine.  \n\n\u00a0\n\n<strong>Turbocompresseurs BorgWarner, KKK et Schwitzer et pi\u00e8ces de rechange<\/strong>\n\n[table id=\"10\" \/]","catalog":null,"logo-reihenfolge":10,"spare-part-table":"[table id=\"10\" \/]"},"_links":{"self":[{"href":"https:\/\/konpart.de\/fr\/wp-json\/wp\/v2\/product\/4157","targetHints":{"allow":["GET"]}}],"collection":[{"href":"https:\/\/konpart.de\/fr\/wp-json\/wp\/v2\/product"}],"about":[{"href":"https:\/\/konpart.de\/fr\/wp-json\/wp\/v2\/types\/product"}],"wp:featuredmedia":[{"embeddable":true,"href":"https:\/\/konpart.de\/fr\/wp-json\/wp\/v2\/media\/3545"}],"wp:attachment":[{"href":"https:\/\/konpart.de\/fr\/wp-json\/wp\/v2\/media?parent=4157"}],"wp:term":[{"taxonomy":"product-type","embeddable":true,"href":"https:\/\/konpart.de\/fr\/wp-json\/wp\/v2\/product-type?post=4157"}],"curies":[{"name":"wp","href":"https:\/\/api.w.org\/{rel}","templated":true}]}}