{"id":4159,"date":"2024-11-12T11:24:20","date_gmt":"2024-11-12T10:24:20","guid":{"rendered":"https:\/\/konpart.de\/product\/behr\/"},"modified":"2025-10-14T14:11:33","modified_gmt":"2025-10-14T12:11:33","slug":"behr","status":"publish","type":"product","link":"https:\/\/konpart.de\/fr\/product\/behr\/","title":{"rendered":"Behr"},"excerpt":{"rendered":"<p>Behr GmbH &amp; Co. KG, Stuttgart, est un partenaire syst\u00e8me de l&rsquo;industrie automobile internationale. Sp\u00e9cialiste des syst\u00e8mes de climatisation automobile et de refroidissement du moteur, le groupe Behr est l&rsquo;un des principaux fabricants et fournisseurs mondiaux d&rsquo;\u00e9quipements d&rsquo;origine pour les v\u00e9hicules l\u00e9gers et les camions. <\/p>\n","protected":false},"featured_media":3532,"template":"","meta":{"_acf_changed":false},"product-type":[],"class_list":["post-4159","product","type-product","status-publish","has-post-thumbnail","hentry"],"acf":{"product-claim":"","product-description":"Behr GmbH & Co. KG, Stuttgart, est un partenaire syst\u00e8me de l'industrie automobile internationale. Sp\u00e9cialiste des syst\u00e8mes de climatisation automobile et de refroidissement du moteur, le groupe Behr est l'un des principaux fabricants et fournisseurs mondiaux d'\u00e9quipements d'origine pour les v\u00e9hicules l\u00e9gers et les camions. \n\nLe chiffre d'affaires du groupe pour l'exercice 2010 s'est \u00e9lev\u00e9 \u00e0 environ 3,3 milliards d'euros. Actuellement, Behr emploie quelque 16 500 personnes sur 9 sites de d\u00e9veloppement, 22 sites de production et 10 coentreprises dans le monde entier. ","catalog":[{"catalog-name":"","catalog-description":"","katalog-cover":445,"katalog-file":461},{"catalog-name":"","catalog-description":"","katalog-cover":449,"katalog-file":465},{"catalog-name":"","catalog-description":"","katalog-cover":453,"katalog-file":469},{"catalog-name":"","catalog-description":"","katalog-cover":457,"katalog-file":473}],"logo-reihenfolge":"","spare-part-table":""},"_links":{"self":[{"href":"https:\/\/konpart.de\/fr\/wp-json\/wp\/v2\/product\/4159","targetHints":{"allow":["GET"]}}],"collection":[{"href":"https:\/\/konpart.de\/fr\/wp-json\/wp\/v2\/product"}],"about":[{"href":"https:\/\/konpart.de\/fr\/wp-json\/wp\/v2\/types\/product"}],"wp:featuredmedia":[{"embeddable":true,"href":"https:\/\/konpart.de\/fr\/wp-json\/wp\/v2\/media\/3532"}],"wp:attachment":[{"href":"https:\/\/konpart.de\/fr\/wp-json\/wp\/v2\/media?parent=4159"}],"wp:term":[{"taxonomy":"product-type","embeddable":true,"href":"https:\/\/konpart.de\/fr\/wp-json\/wp\/v2\/product-type?post=4159"}],"curies":[{"name":"wp","href":"https:\/\/api.w.org\/{rel}","templated":true}]}}