{"id":4162,"date":"2024-11-20T18:05:07","date_gmt":"2024-11-20T17:05:07","guid":{"rendered":"https:\/\/konpart.de\/product\/dtp\/"},"modified":"2025-10-14T14:11:37","modified_gmt":"2025-10-14T12:11:37","slug":"dtp","status":"publish","type":"product","link":"https:\/\/konpart.de\/fr\/product\/dtp\/","title":{"rendered":"DTP"},"excerpt":{"rendered":"<p>DTP Motorteile GmbH est un fabricant allemand de pi\u00e8ces de rechange de haute qualit\u00e9 pour moteurs diesel. La vaste gamme de produits de DTP comprend des pi\u00e8ces de rampe commune, des pi\u00e8ces de pompe, des soupapes de d\u00e9charge, des pompes de levage, des joints et bien d&rsquo;autres pi\u00e8ces de pompe d&rsquo;injection et de moteur diesel pour la plupart des camions courants. <\/p>\n","protected":false},"featured_media":3565,"template":"","meta":{"_acf_changed":false},"product-type":[],"class_list":["post-4162","product","type-product","status-publish","has-post-thumbnail","hentry"],"acf":{"product-claim":"Produits DTP","product-description":"<h3>DTP - Pi\u00e8ces d\u00e9tach\u00e9es pour camions diesel<\/h3>\nDTP Motorteile GmbH est un fabricant allemand de pi\u00e8ces de rechange de haute qualit\u00e9 pour moteurs diesel. La vaste gamme de produits de DTP comprend des pi\u00e8ces de rampe commune, des pi\u00e8ces de pompe, des soupapes de d\u00e9charge, des pompes de levage, des joints et bien d'autres pi\u00e8ces de pompe d'injection et de moteur diesel pour la plupart des camions courants.  Les produits DTP constituent une alternative \u00e9conomique aux pi\u00e8ces de rechange OE ou OEM et peuvent \u00eatre utilis\u00e9s comme pi\u00e8ces de rechange sans aucune restriction.\n\nLes pi\u00e8ces d'injection diesel DTP sont fabriqu\u00e9es \u00e0 partir des meilleures mati\u00e8res premi\u00e8res, conform\u00e9ment aux normes de production les plus r\u00e9centes et \u00e0 des contr\u00f4les de qualit\u00e9 stricts. La haute qualit\u00e9 uniforme des pi\u00e8ces DTP garantit un fonctionnement fiable et \u00e9conomique des moteurs de nos clients. \n\nTous les processus de travail de DTP Motorteile GmbH sont soumis \u00e0 un syst\u00e8me de gestion de la qualit\u00e9 et sont certifi\u00e9s par le T\u00dcV selon la norme DIN EN ISO 9001.\n<h3>Produits DTP<\/h3>\n<ul>\n \t<li>Vannes de refoulement<\/li>\n \t<li>\u00c9l\u00e9ments de la pompe<\/li>\n \t<li>Pompes d'alimentation pour pompes \u00e0 injection<\/li>\n \t<li>Sol\u00e9no\u00efdes de coupure de carburant<\/li>\n \t<li>Buses<\/li>\n \t<li>Joints et garnitures<\/li>\n \t<li>Joints d'huile d'arbre f. Syst\u00e8mes d'injection <\/li>\n \t<li>Rondelles pour pompes \u00e0 injection<\/li>\n \t<li>plus...<\/li>\n<\/ul>\n<a href=\"https:\/\/konpart.de\/wp-content\/uploads\/2024\/11\/DTP-Cross-Reference-List.pdf\" target=\"_blank\" rel=\"noopener\">Liste de r\u00e9f\u00e9rences crois\u00e9es DTP<\/a>","catalog":null,"logo-reihenfolge":24,"spare-part-table":""},"_links":{"self":[{"href":"https:\/\/konpart.de\/fr\/wp-json\/wp\/v2\/product\/4162","targetHints":{"allow":["GET"]}}],"collection":[{"href":"https:\/\/konpart.de\/fr\/wp-json\/wp\/v2\/product"}],"about":[{"href":"https:\/\/konpart.de\/fr\/wp-json\/wp\/v2\/types\/product"}],"wp:featuredmedia":[{"embeddable":true,"href":"https:\/\/konpart.de\/fr\/wp-json\/wp\/v2\/media\/3565"}],"wp:attachment":[{"href":"https:\/\/konpart.de\/fr\/wp-json\/wp\/v2\/media?parent=4162"}],"wp:term":[{"taxonomy":"product-type","embeddable":true,"href":"https:\/\/konpart.de\/fr\/wp-json\/wp\/v2\/product-type?post=4162"}],"curies":[{"name":"wp","href":"https:\/\/api.w.org\/{rel}","templated":true}]}}