{"id":4164,"date":"2024-11-20T16:37:55","date_gmt":"2024-11-20T15:37:55","guid":{"rendered":"https:\/\/konpart.de\/product\/continental\/"},"modified":"2025-10-14T14:11:38","modified_gmt":"2025-10-14T12:11:38","slug":"continental","status":"publish","type":"product","link":"https:\/\/konpart.de\/fr\/product\/continental\/","title":{"rendered":"Continental"},"excerpt":{"rendered":"<p>Faisant partie de Continental AG, ContiTech est l&rsquo;un des principaux fournisseurs OEM et aftermarket de pi\u00e8ces en plastique et en caoutchouc de la plus haute qualit\u00e9, telles que les courroies de transmission, les ressorts pneumatiques, les freins et les tuyaux pour l&rsquo;industrie automobile.<\/p>\n","protected":false},"featured_media":3553,"template":"","meta":{"_acf_changed":false},"product-type":[],"class_list":["post-4164","product","type-product","status-publish","has-post-thumbnail","hentry"],"acf":{"product-claim":"Courroies et ressorts pneumatiques d'origine pour le march\u00e9 de la rechange","product-description":"Faisant partie de Continental AG, ContiTech est l'un des principaux fournisseurs OEM et aftermarket de pi\u00e8ces en plastique et en caoutchouc de la plus haute qualit\u00e9, telles que les courroies de transmission, les ressorts pneumatiques, les freins et les tuyaux pour l'industrie automobile.\n\nLes courroies de distribution, les courroies trap\u00e9zo\u00efdales, les courroies stri\u00e9es et les ressorts pneumatiques ContiTech, qui sont mont\u00e9s d'origine dans de nombreux v\u00e9hicules, camions, autobus et remorques, constituent le premier choix lorsqu'il s'agit de pi\u00e8ces de rechange de haute qualit\u00e9 pour le march\u00e9 de l'apr\u00e8s-vente.\n\nEn tant que partenaire de d\u00e9veloppement et fabricant d'\u00e9quipements d'origine de composants et de syst\u00e8mes disposant d'une vaste comp\u00e9tence en mati\u00e8re de mat\u00e9riaux et de processus dans l'industrie automobile, ContiTech fournit, avec ses quelque 40 000 employ\u00e9s et ses sites de production dans plus de 40 pays, des solutions techniques innovantes aux constructeurs de voitures, de camions, d'autobus et de remorques du monde entier.\n<h3>ContiTech Spare & Service Parts for Automotive Aftermarket - Qualit\u00e9 d'origine \u00e9prouv\u00e9e<\/h3>\nLa position de leader de ContiTech en tant qu'\u00e9quipementier automobile est \u00e0 la base de ses activit\u00e9s internationales dans le domaine des pi\u00e8ces d\u00e9tach\u00e9es. ContiTech propose une vaste gamme de pi\u00e8ces de rechange et d'entretien en plastique et en caoutchouc pour les voitures, les camions, les autobus et les remorques, en qualit\u00e9 d'\u00e9quipement d'origine pour de nombreuses marques et de nombreux mod\u00e8les. En choisissant les \u00e9l\u00e9ments de transmission de ContiTech, vous optez pour la qualit\u00e9 que les principaux constructeurs automobiles pr\u00e9f\u00e8rent \u00e9galement en tant qu'\u00e9quipement d'origine.  \n<h4>Ceintures Contitech<\/h4>\n<ul>\n \t<li>Courroies de distribution : Courroies de distribution pour l'entra\u00eenement des arbres \u00e0 cames, des arbres d'\u00e9quilibrage, des pompes d'injection de carburant ou des pompes \u00e0 eau.<\/li>\n \t<li>Courroies stri\u00e9es : Courroies stri\u00e9es pour l'entra\u00eenement de composants auxiliaires dans les voitures et les v\u00e9hicules utilitaires<\/li>\n \t<li>Courroies stri\u00e9es ELAST : Courroies trap\u00e9zo\u00efdales \u00e9lastiques pour entra\u00eenements auxiliaires sans poulie de tension<\/li>\n \t<li>Courroies trap\u00e9zo\u00efdales : Courroies trap\u00e9zo\u00efdales pour l'entra\u00eenement de composants auxiliaires dans les voitures et les v\u00e9hicules commerciaux<\/li>\n<\/ul>\nToutes les courroies de transmission ContiTech r\u00e9pondent \u00e0 toutes les exigences de l'industrie automobile :\n<ul>\n \t<li>D\u00e9marrage \u00e0 froid jusqu'\u00e0 -40\u00b0 C<\/li>\n \t<li>R\u00e9sistance \u00e9lev\u00e9e aux temp\u00e9ratures dynamiques et statiques jusqu'\u00e0 140\u00b0 C<\/li>\n \t<li>Conception compacteR\u00e9sistance \u00e0 l'usure<\/li>\n \t<li>R\u00e9duction du bruit<\/li>\n \t<li>R\u00e9duction des \u00e9missions<\/li>\n \t<li>Enti\u00e8rement fonctionnel pendant toute la dur\u00e9e de vie du moteur<\/li>\n<\/ul>\n<h4>Kits de courroies Contitech<\/h4>\nTous les composants des kits ContiTech sont parfaitement adapt\u00e9s les uns aux autres. ContiTech propose des kits dans diff\u00e9rentes configurations pour presque tous les v\u00e9hicules en qualit\u00e9 OEM. \n\nAvantages :\n<ul>\n \t<li>Qualit\u00e9 OEM<\/li>\n \t<li>Pas besoin de commander des pi\u00e8ces individuelles<\/li>\n \t<li>Adaptation pr\u00e9cise des composants au v\u00e9hicule<\/li>\n<\/ul>\n<img class=\"alignnone size-full wp-image-593\" src=\"https:\/\/konpart.de\/wp-content\/uploads\/2024\/11\/ContiTech-Belt-Kit.webp\" alt=\"\" width=\"650\" height=\"367\">\n<h5>Kits de courroies de distribution<\/h5>\nLes kits de courroie de distribution ContiTech contiennent les courroies de distribution, les poulies de tension et les galets tendeurs ainsi que les consommables n\u00e9cessaires. En plus de la courroie de distribution, les kits ContiTech contiennent tous les composants n\u00e9cessaires pour remplacer correctement la courroie. \n\nLa haute qualit\u00e9 des composants du kit ContiTech, parfaitement adapt\u00e9s les uns aux autres, garantit des performances parfaites :\n<ul>\n \t<li>Courroie dent\u00e9e<\/li>\n \t<li>Poulies de tension, galets tendeurs ou poulies de guidage<\/li>\n \t<li>Consommables tels que vis, \u00e9crous ou ressorts<\/li>\n \t<li>Autocollant de changement de courroie<\/li>\n \t<li>En option avec pompe \u00e0 eau<\/li>\n<\/ul>\n<h5>Kits de courroies stri\u00e9es<\/h5>\nLes kits de courroies stri\u00e9es ContiTech contiennent des courroies stri\u00e9es et, selon l'application du v\u00e9hicule, tous les composants n\u00e9cessaires tels que les poulies de tension et de renvoi, les amortisseurs de tension ou le mat\u00e9riel de montage :\n<ul>\n \t<li>Courroies stri\u00e9es<\/li>\n \t<li>Poulies de tension et de renvoi<\/li>\n \t<li>Amortisseurs de tension<\/li>\n \t<li>Mat\u00e9riau de montage<\/li>\n<\/ul>\n<h4>Ressorts pneumatiques Contitech pour v\u00e9hicules utilitaires<\/h4>\n<img class=\"alignleft wp-image-589\" src=\"https:\/\/konpart.de\/wp-content\/uploads\/2024\/11\/ContiTech-Air-Springs-149x300.webp\" alt=\"\" width=\"200\" height=\"403\">\n\nContiTech est un partenaire de d\u00e9veloppement reconnu et un fabricant d'\u00e9quipement d'origine pour l'industrie des v\u00e9hicules utilitaires. Il produit des composants d'\u00e9quipement d'origine et des syst\u00e8mes complets pour la suspension pneumatique autor\u00e9glable dans les v\u00e9hicules utilitaires, les autobus et les remorques.\n\nContitech propose au march\u00e9 des pi\u00e8ces d\u00e9tach\u00e9es une large gamme de ressorts pneumatiques de qualit\u00e9 OE :\n<ul>\n \t<li>Ressorts pneumatiques ContiTech pour essieux<\/li>\n \t<li>Ressorts pneumatiques ContiTech pour suspensions de cabine<\/li>\n \t<li>Ressorts pneumatiques ContiTech pour si\u00e8ges de conducteur<\/li>\n<\/ul>\n\u00a0\n\n\u00a0\n\n\u00a0\n\n\u00a0\n\n\u00a0","catalog":null,"logo-reihenfolge":4,"spare-part-table":""},"_links":{"self":[{"href":"https:\/\/konpart.de\/fr\/wp-json\/wp\/v2\/product\/4164","targetHints":{"allow":["GET"]}}],"collection":[{"href":"https:\/\/konpart.de\/fr\/wp-json\/wp\/v2\/product"}],"about":[{"href":"https:\/\/konpart.de\/fr\/wp-json\/wp\/v2\/types\/product"}],"wp:featuredmedia":[{"embeddable":true,"href":"https:\/\/konpart.de\/fr\/wp-json\/wp\/v2\/media\/3553"}],"wp:attachment":[{"href":"https:\/\/konpart.de\/fr\/wp-json\/wp\/v2\/media?parent=4164"}],"wp:term":[{"taxonomy":"product-type","embeddable":true,"href":"https:\/\/konpart.de\/fr\/wp-json\/wp\/v2\/product-type?post=4164"}],"curies":[{"name":"wp","href":"https:\/\/api.w.org\/{rel}","templated":true}]}}