{"id":4165,"date":"2024-11-20T18:08:20","date_gmt":"2024-11-20T17:08:20","guid":{"rendered":"https:\/\/konpart.de\/product\/elring\/"},"modified":"2025-10-14T14:11:40","modified_gmt":"2025-10-14T12:11:40","slug":"elring","status":"publish","type":"product","link":"https:\/\/konpart.de\/fr\/product\/elring\/","title":{"rendered":"Elring"},"excerpt":{"rendered":"<p>En tant que premier fournisseur d&rsquo;\u00e9quipements automobiles d&rsquo;origine, ELRING propose des joints standard, des jeux de joints et des pi\u00e8ces de rechange pour le march\u00e9 de l&rsquo;apr\u00e8s-vente.<\/p>\n","protected":false},"featured_media":3569,"template":"","meta":{"_acf_changed":false},"product-type":[],"class_list":["post-4165","product","type-product","status-publish","has-post-thumbnail","hentry"],"acf":{"product-claim":"Joints et garnitures d'origine pour le march\u00e9 de la rechange","product-description":"En tant que premier fournisseur d'\u00e9quipements automobiles d'origine, ELRING propose des joints standard, des jeux de joints et des pi\u00e8ces de rechange pour le march\u00e9 de l'apr\u00e8s-vente.\n\nAvec sa gamme compl\u00e8te de pi\u00e8ces d\u00e9tach\u00e9es de qualit\u00e9 d'origine pour de nombreuses voitures particuli\u00e8res et v\u00e9hicules utilitaires, ELRING est un fournisseur complet pour les r\u00e9parations professionnelles lorsqu'il s'agit de r\u00e9viser les moteurs, de travailler sur les culasses et les vilebrequins, ou d'inspecter les essieux et les bo\u00eetes de vitesses et de remplacer les joints individuels.\n\nDans 41 usines r\u00e9parties dans 19 pays, ELRING d\u00e9veloppe et produit des composants pour les moteurs, les bo\u00eetes de vitesses, les syst\u00e8mes d'\u00e9chappement et les technologies d'entra\u00eenement alternatives pour la majorit\u00e9 des constructeurs de v\u00e9hicules et de moteurs.\n\n[ws-catalog]\n<h3>Les joints ELRING couvrent la plupart des applications<\/h3>\nLa vaste gamme de produits Elring couvre la plupart des constructeurs europ\u00e9ens et asiatiques de camions, d'autobus et de voitures tels que Alfa Romeo, Audi, BMW, Citro\u00ebn, Chevrolet, Chrysler, Dacia, Daewoo, DAF, Daihatsu, Deutz, Dodge, Fiat, Ford, Honda, Hyundai, IHC, IVECO, KIA, Lada, Lancia, Land Rover, MAN, Mazda, Mercedes-Benz, Mini, Mitsubishi, MWM, Nissan, Opel, Peugeot, Porsche, Renault, Rover, RVI, Saab, Scania, Seat, Skoda, Smart, Ssangyong, Subaru, Suzuki, Toyota, Vauxhall, Volkswagen, Volvo.\n<h3>Le programme de pi\u00e8ces d\u00e9tach\u00e9es ELRING comprend<\/h3>\n<ul>\n \t<li>\n<h4>Jeux de joints<\/h4>\nElring propose une gamme compl\u00e8te pour l'inspection compl\u00e8te et partielle des moteurs, des bo\u00eetes de vitesses et des assemblages :\n<ul>\n \t<li>Sets complets<\/li>\n \t<li>Ensembles de culasses<\/li>\n \t<li>Jeux de conversion pour les carters<\/li>\n \t<li>Jeux de joints pour collecteurs d'admission et d'\u00e9chappement<\/li>\n \t<li>Jeux de joints pour transmissions manuelles<\/li>\n \t<li>Groupes de compresseurs d'air<\/li>\n \t<li>Refroidisseurs d'huile<\/li>\n \t<li>Sets de carter d'huile<\/li>\n \t<li>Ensembles de moyeux de roue<\/li>\n \t<li>Ensembles de montage pour turbocompresseurs<\/li>\n \t<li>Jeux de joints de tige de soupape<\/li>\n \t<li>Jeux de pompes \u00e0 eau<\/li>\n \t<li>Jeux de joints de culasse<\/li>\n \t<li>Jeux de joints de couvercle de soupapes<\/li>\n \t<li>Jeux de joints de chemises de cylindres<\/li>\n<\/ul>\n<\/li>\n \t<li>\n<h4>Joints de culasse<\/h4>\nELRING produit chaque ann\u00e9e environ 30 000 000 de joints de culasse de tous types r\u00e9pondant aux exigences sp\u00e9cifiques de chaque moteur : joints \u00e0 couche m\u00e9tallique, m\u00e9tal-\u00e9lastom\u00e8re et m\u00e9tal-souple. \n\nLa qualit\u00e9 des joints de culasse devient de plus en plus importante pour les moteurs diesel \u00e0 haute performance et les moteurs \u00e0 essence \u00e0 injection directe.<\/li>\n \t<li>\n<h4>Boulons de culasse<\/h4>\nLes r\u00e9parations professionnelles de culasse n\u00e9cessitent un nouveau joint de culasse et de nouveaux boulons de culasse. C'est pourquoi ELRING fournit \u00e9galement des jeux de boulons de culasse de qualit\u00e9 sup\u00e9rieure approuv\u00e9s. ELRING propose une gamme compl\u00e8te de boulons de culasse pour toutes les voitures particuli\u00e8res et les v\u00e9hicules utilitaires - emball\u00e9s dans une bo\u00eete sp\u00e9ciale avec protection du filetage.  <\/li>\n \t<li>\n<h4>Compos\u00e9s d'\u00e9tanch\u00e9it\u00e9<\/h4>\nLes compos\u00e9s d'\u00e9tanch\u00e9it\u00e9 haute performance d'ELRINGS, tels que Dirko, Curil et AFD, sont largement \u00e9prouv\u00e9s en termes de fiabilit\u00e9, de stabilit\u00e9 thermique, de r\u00e9sistance aux fluides et d'utilisation pratique pour les r\u00e9parations.<\/li>\n \t<li>\n<h4>Joints d'huile et de tige de soupape<\/h4>\nELRING fournit des joints dynamiques pour les moteurs, les bo\u00eetes de vitesses et les essieux dans des normes de qualit\u00e9 sup\u00e9rieure, tels que de nombreux types de joints d'huile et de joints de tige de soupape dans une vari\u00e9t\u00e9 de mat\u00e9riaux et de tailles :\n<ul>\n \t<li>Joints de tige d'huile<\/li>\n \t<li>Joints de tige de soupape<\/li>\n<\/ul>\n<\/li>\n<\/ul>\n<strong>KonPart - Exportateur autoris\u00e9 de la gamme compl\u00e8te d'Elring pour le march\u00e9 de l'apr\u00e8s-vente<\/strong>\n\n[table id=\"11\" \/]","catalog":[{"catalog-name":"","catalog-description":"","katalog-cover":705,"katalog-file":721},{"catalog-name":"","catalog-description":"","katalog-cover":709,"katalog-file":725},{"catalog-name":"","catalog-description":"","katalog-cover":713,"katalog-file":729}],"logo-reihenfolge":"","spare-part-table":"[table id=\"11\" \/]"},"_links":{"self":[{"href":"https:\/\/konpart.de\/fr\/wp-json\/wp\/v2\/product\/4165","targetHints":{"allow":["GET"]}}],"collection":[{"href":"https:\/\/konpart.de\/fr\/wp-json\/wp\/v2\/product"}],"about":[{"href":"https:\/\/konpart.de\/fr\/wp-json\/wp\/v2\/types\/product"}],"wp:featuredmedia":[{"embeddable":true,"href":"https:\/\/konpart.de\/fr\/wp-json\/wp\/v2\/media\/3569"}],"wp:attachment":[{"href":"https:\/\/konpart.de\/fr\/wp-json\/wp\/v2\/media?parent=4165"}],"wp:term":[{"taxonomy":"product-type","embeddable":true,"href":"https:\/\/konpart.de\/fr\/wp-json\/wp\/v2\/product-type?post=4165"}],"curies":[{"name":"wp","href":"https:\/\/api.w.org\/{rel}","templated":true}]}}