{"id":4168,"date":"2024-11-20T16:44:54","date_gmt":"2024-11-20T15:44:54","guid":{"rendered":"https:\/\/konpart.de\/product\/dph\/"},"modified":"2025-10-14T14:11:43","modified_gmt":"2025-10-14T12:11:43","slug":"dph","status":"publish","type":"product","link":"https:\/\/konpart.de\/fr\/product\/dph\/","title":{"rendered":"dph"},"excerpt":{"rendered":"<p>DPH &#8211; Fabricant de caoutchoucs, de joints et de garnitures de haute qualit\u00e9 pour l&rsquo;industrie automobile, la construction et la marine. La soci\u00e9t\u00e9 DPH est bas\u00e9e en Allemagne et propose une large gamme de plus de 20 000 produits d&rsquo;\u00e9tanch\u00e9it\u00e9 fabriqu\u00e9s selon les normes de qualit\u00e9 les plus strictes. <\/p>\n","protected":false},"featured_media":3561,"template":"","meta":{"_acf_changed":false},"product-type":[],"class_list":["post-4168","product","type-product","status-publish","has-post-thumbnail","hentry"],"acf":{"product-claim":"Produits DPH","product-description":"DPH - Fabricant de caoutchoucs, de joints et de garnitures de haute qualit\u00e9 pour l'industrie automobile, la construction et la marine. La soci\u00e9t\u00e9 DPH est bas\u00e9e en Allemagne et propose une large gamme de plus de 20 000 produits d'\u00e9tanch\u00e9it\u00e9 fabriqu\u00e9s selon les normes de qualit\u00e9 les plus strictes. \n\nEn tant que fournisseur officiel de DPH, KonPart Import-Export GmbH exporte la gamme compl\u00e8te de produits DPH tels que les joints d'huile, les joints de culasse, les joints de couvercle de soupape, les joints de carter d'huile, les joints de tige de soupape, les bagues d'\u00e9tanch\u00e9it\u00e9, les joints plats, les pi\u00e8ces moul\u00e9es, les jeux de joints et les kits de r\u00e9paration.\n\nLes caoutchoucs, joints et garnitures DPH s'appliquent \u00e0 :\n<ul>\n \t<li>Voitures : MERCEDES-BENZ, VW, BMW, FORD, OPEL, MAZDA, MITSUBISHI, NISSAN, SUBARU, SUZUKI, TOYOTA, KIA, VOLVO, SAAB, LADA, ROVER, LANCIA, FIAT, ALFA, RENAULT, PEUGEOT, CITROEN, PORSCHE, FERRARI<\/li>\n \t<li>Camions, bus : MERCEDES-BENZ, VOLVO, SCANIA, DAF, MAN, IVECO, RVI, EVOBUS, FRUEHAUF, STEYR<\/li>\n \t<li>Construction, agriculture, marine : CATERPILLAR, DEUTZ, KHD, MWM, CUMMINS, NEW HOLLAND, PERKINS<\/li>\n<\/ul>\n[ws-catalog]","catalog":[{"catalog-name":"Catalogue DPH - MERCEDES BENZ","catalog-description":"Ce catalogue DPH MERCEDES BENZ couvre les jeux de joints, les joints de culasse, les bagues d'\u00e9tanch\u00e9it\u00e9 de chemise de cylindre, les joints de carter d'huile, les joints de tige de soupape, les rondelles, les joints toriques, les guides de soupape, les soupapes, etc. pour les camions MERCEDES BENZ courants. Le catalogue contient une liste de r\u00e9f\u00e9rences crois\u00e9es au d\u00e9but du catalogue. ","katalog-cover":616,"katalog-file":660},{"catalog-name":"Catalogue DPH - SCANIA","catalog-description":"Ce catalogue DPH SCANIA couvre les jeux de joints, les joints de culasse, les bagues d'\u00e9tanch\u00e9it\u00e9 de chemise de cylindre, les joints de carter d'huile, les joints de tige de soupape, les rondelles, les joints toriques, les guides de soupape, les soupapes, etc. pour les camions SCANIA les plus courants. Le catalogue contient une liste de r\u00e9f\u00e9rences crois\u00e9es au d\u00e9but du catalogue. ","katalog-cover":628,"katalog-file":672},{"catalog-name":"Catalogue DPH - VOLVO","catalog-description":"Ce catalogue DPH VOLVO couvre les jeux de joints, les joints de culasse, les bagues d'\u00e9tanch\u00e9it\u00e9 de chemise de cylindre, les joints de carter d'huile, les joints de tige de soupape, les rondelles, les joints toriques, les guides de soupape, les soupapes, etc. pour les camions VOLVO courants. Le catalogue contient une liste de r\u00e9f\u00e9rences crois\u00e9es au d\u00e9but du catalogue. ","katalog-cover":632,"katalog-file":676},{"catalog-name":"Catalogue DPH - DAF","catalog-description":"Ce catalogue DPH DAF couvre les jeux de joints, les joints de culasse, les bagues d'\u00e9tanch\u00e9it\u00e9 de chemise de cylindre, les joints de carter d'huile, les joints de tige de soupape, les rondelles, les joints toriques, les guides de soupape, les soupapes, etc. pour les camions DAF courants. Le catalogue contient une liste de r\u00e9f\u00e9rences crois\u00e9es au d\u00e9but du catalogue. ","katalog-cover":608,"katalog-file":652},{"catalog-name":"Catalogue DPH - MAN","catalog-description":"Ce catalogue DPH MAN couvre les jeux de joints, les joints de culasse, les bagues d'\u00e9tanch\u00e9it\u00e9 de chemise de cylindre, les joints de carter d'huile, les joints de tige de soupape, les rondelles, les joints toriques, les guides de soupape, les soupapes, etc. pour les camions MAN courants. Le catalogue contient une liste de r\u00e9f\u00e9rences crois\u00e9es au d\u00e9but du catalogue. ","katalog-cover":612,"katalog-file":656},{"catalog-name":"Catalogue DPH - BMW","catalog-description":"Ce catalogue DPH BMW couvre les jeux de joints, les joints de culasse, les bagues d'\u00e9tanch\u00e9it\u00e9 de chemise de cylindre, les joints de carter d'huile, les joints de tige de soupape, les rondelles, les joints toriques, les guides de soupape, les soupapes, etc. pour les voitures BMW. Le catalogue contient une liste de r\u00e9f\u00e9rences crois\u00e9es au d\u00e9but du catalogue. ","katalog-cover":604,"katalog-file":648},{"catalog-name":"Catalogue DPH - OPEL","catalog-description":"Ce catalogue DPH OPEL couvre les jeux de joints, les joints de culasse, les bagues d'\u00e9tanch\u00e9it\u00e9 de chemise de cylindre, les joints de carter d'huile, les joints de tige de soupape, les rondelles, les joints toriques, les guides de soupape, les soupapes, etc. pour les voitures OPEL courantes. Le catalogue contient une liste de r\u00e9f\u00e9rences crois\u00e9es au d\u00e9but du catalogue. ","katalog-cover":620,"katalog-file":664},{"catalog-name":"Catalogue DPH - PEUGEOT","catalog-description":"Ce catalogue DPH PEUGEOT couvre les jeux de joints, les joints de culasse, les bagues d'\u00e9tanch\u00e9it\u00e9 de chemise de cylindre, les joints de carter d'huile, les joints de tige de soupape, les rondelles, les joints toriques, les guides de soupape, les soupapes, etc. pour les applications PEUGEOT courantes. Le catalogue contient une liste de r\u00e9f\u00e9rences crois\u00e9es au d\u00e9but du catalogue. ","katalog-cover":624,"katalog-file":668},{"catalog-name":"Catalogue DPH - VW","catalog-description":"Ce catalogue DPH VW couvre les jeux de joints, les joints de culasse, les bagues d'\u00e9tanch\u00e9it\u00e9 de chemise de cylindre, les joints de carter d'huile, les joints de tige de soupape, les rondelles, les joints toriques, les guides de soupape, les soupapes, etc. pour la plupart des voitures VW et des v\u00e9hicules utilitaires l\u00e9gers. Ce catalogue contient une liste de r\u00e9f\u00e9rences crois\u00e9es au d\u00e9but du catalogue. ","katalog-cover":636,"katalog-file":680},{"catalog-name":"Catalogue DPH - ZF","catalog-description":"Ce catalogue DPH ZF couvre de nombreux joints et garnitures de rechange pour les pi\u00e8ces ZF. Le catalogue contient une liste de r\u00e9f\u00e9rences crois\u00e9es avec les num\u00e9ros d'articles ZF. ","katalog-cover":644,"katalog-file":689},{"catalog-name":"Catalogue DPH - Joints d'\u00e9tanch\u00e9it\u00e9","catalog-description":"Ce catalogue contient tous les joints d'huile DPH convenant \u00e0 toutes les marques et applications actuellement prises en charge par DPH. Le catalogue contient une liste de r\u00e9f\u00e9rences crois\u00e9es comprenant les num\u00e9ros d'articles OE correspondants. ","katalog-cover":640,"katalog-file":685}],"logo-reihenfolge":"","spare-part-table":""},"_links":{"self":[{"href":"https:\/\/konpart.de\/fr\/wp-json\/wp\/v2\/product\/4168","targetHints":{"allow":["GET"]}}],"collection":[{"href":"https:\/\/konpart.de\/fr\/wp-json\/wp\/v2\/product"}],"about":[{"href":"https:\/\/konpart.de\/fr\/wp-json\/wp\/v2\/types\/product"}],"wp:featuredmedia":[{"embeddable":true,"href":"https:\/\/konpart.de\/fr\/wp-json\/wp\/v2\/media\/3561"}],"wp:attachment":[{"href":"https:\/\/konpart.de\/fr\/wp-json\/wp\/v2\/media?parent=4168"}],"wp:term":[{"taxonomy":"product-type","embeddable":true,"href":"https:\/\/konpart.de\/fr\/wp-json\/wp\/v2\/product-type?post=4168"}],"curies":[{"name":"wp","href":"https:\/\/api.w.org\/{rel}","templated":true}]}}