{"id":4169,"date":"2024-11-20T18:22:08","date_gmt":"2024-11-20T17:22:08","guid":{"rendered":"https:\/\/konpart.de\/product\/febi\/"},"modified":"2025-10-14T14:11:45","modified_gmt":"2025-10-14T12:11:45","slug":"febi","status":"publish","type":"product","link":"https:\/\/konpart.de\/fr\/product\/febi\/","title":{"rendered":"febi"},"excerpt":{"rendered":"<p>Febi (Ferdinand Bilstein GmbH + Co. KG), qui fait partie du groupe Bilstein, est l&rsquo;un des principaux fabricants allemands de pi\u00e8ces d\u00e9tach\u00e9es automobiles ind\u00e9pendantes (IAM). Outre Febi, le groupe Bilstein poss\u00e8de d&rsquo;autres marques de pi\u00e8ces d\u00e9tach\u00e9es automobiles telles que SWAG, KM Germany et Blue Print. <\/p>\n","protected":false},"featured_media":3573,"template":"","meta":{"_acf_changed":false},"product-type":[],"class_list":["post-4169","product","type-product","status-publish","has-post-thumbnail","hentry"],"acf":{"product-claim":"Produits Febi","product-description":"Febi (Ferdinand Bilstein GmbH + Co. KG), qui fait partie du groupe Bilstein, est l'un des principaux fabricants allemands de pi\u00e8ces d\u00e9tach\u00e9es automobiles ind\u00e9pendantes (IAM). Outre Febi, le groupe Bilstein poss\u00e8de d'autres marques de pi\u00e8ces d\u00e9tach\u00e9es automobiles telles que SWAG, KM Germany et Blue Print.  Febi est synonyme de continuit\u00e9, de qualit\u00e9, de service, de fiabilit\u00e9 et d'innovation depuis plus de 160 ans.\n\nFebi offre au march\u00e9 de la rechange une gamme compl\u00e8te de pi\u00e8ces d\u00e9tach\u00e9es IAM de haute qualit\u00e9 avec une approche de gamme compl\u00e8te : Une gamme de plus de 34.000 pi\u00e8ces de rechange et d'usure pour la plupart des voitures particuli\u00e8res et des v\u00e9hicules utilitaires europ\u00e9ens, en croissance constante gr\u00e2ce \u00e0 l'objectif de Febi de mettre les nouveaux produits \u00e0 la disposition du march\u00e9 des pi\u00e8ces de rechange le plus rapidement possible.\n\n<img class=\"alignnone size-full wp-image-734\" src=\"https:\/\/konpart.de\/wp-content\/uploads\/2024\/11\/bilstein-group-logo_small.webp\" alt=\"\" width=\"595\" height=\"333\">\n\nOutre la gamme compl\u00e8te de pi\u00e8ces Febi, des pi\u00e8ces de direction aux pi\u00e8ces de frein, en passant par l'alimentation en carburant, les capteurs, les filtres, etc., son excellent rapport qualit\u00e9-prix et la bonne disponibilit\u00e9 des articles sont les principales raisons de l'acceptation de Febi sur le march\u00e9 et de son succ\u00e8s.\n\nEn tant qu'exportateur officiel du groupe Bilstein, KonPart Import-Export GmbH fournit des gammes compl\u00e8tes de pi\u00e8ces d\u00e9tach\u00e9es de Febi, Blue Print, KM Germany et SWAG.\n\n[ws-catalog]","catalog":[{"catalog-name":"Catalogue complet FEBI DAF 2014","catalog-description":"","katalog-cover":743,"katalog-file":804},{"catalog-name":"Catalogue FEBI DAF XF 2011-2012","catalog-description":"","katalog-cover":747,"katalog-file":808},{"catalog-name":"Catalogue complet FEBI IVECO 2013-2014","catalog-description":"","katalog-cover":751,"katalog-file":812},{"catalog-name":"Catalogue FEBI IVECO Stralis 2012-2013","catalog-description":"","katalog-cover":755,"katalog-file":816},{"catalog-name":"Catalogue complet FEBI MAN 2013-2014","catalog-description":"","katalog-cover":759,"katalog-file":820},{"catalog-name":"Catalogue FEBI MAN TGA 2008-2009","catalog-description":"","katalog-cover":763,"katalog-file":824},{"catalog-name":"Catalogue FEBI MAN TGS TGX 2010-2011","catalog-description":"","katalog-cover":767,"katalog-file":828},{"catalog-name":"Catalogue complet FEBI MERCEDES-BENZ Truck 2014-2015","catalog-description":"","katalog-cover":779,"katalog-file":840},{"catalog-name":"Catalogue FEBI MERCEDES-BENZ Actros Axor 2011-2012","catalog-description":"","katalog-cover":771,"katalog-file":832},{"catalog-name":"Catalogue FEBI MERCEDES-BENZ Atego 2011-2012","catalog-description":"","katalog-cover":775,"katalog-file":836},{"catalog-name":"FEBI RENAULT TRUCKS RVI Catalogue complet 2014-2015","catalog-description":"","katalog-cover":783,"katalog-file":844},{"catalog-name":"FEBI SCANIA Catalogue complet 2014-2015","catalog-description":"","katalog-cover":787,"katalog-file":848},{"catalog-name":"FEBI SCANIA S\u00e9rie P-G-R-T Catalogue 2012-2013","catalog-description":"","katalog-cover":791,"katalog-file":852},{"catalog-name":"FEBI VOLVO Truck Catalogue complet 2014-2015","catalog-description":"","katalog-cover":799,"katalog-file":860},{"catalog-name":"Catalogue FEBI VOLVO FH 2011-2012","catalog-description":"","katalog-cover":795,"katalog-file":856}],"logo-reihenfolge":8,"spare-part-table":""},"_links":{"self":[{"href":"https:\/\/konpart.de\/fr\/wp-json\/wp\/v2\/product\/4169","targetHints":{"allow":["GET"]}}],"collection":[{"href":"https:\/\/konpart.de\/fr\/wp-json\/wp\/v2\/product"}],"about":[{"href":"https:\/\/konpart.de\/fr\/wp-json\/wp\/v2\/types\/product"}],"wp:featuredmedia":[{"embeddable":true,"href":"https:\/\/konpart.de\/fr\/wp-json\/wp\/v2\/media\/3573"}],"wp:attachment":[{"href":"https:\/\/konpart.de\/fr\/wp-json\/wp\/v2\/media?parent=4169"}],"wp:term":[{"taxonomy":"product-type","embeddable":true,"href":"https:\/\/konpart.de\/fr\/wp-json\/wp\/v2\/product-type?post=4169"}],"curies":[{"name":"wp","href":"https:\/\/api.w.org\/{rel}","templated":true}]}}