{"id":4171,"date":"2024-11-21T13:19:35","date_gmt":"2024-11-21T12:19:35","guid":{"rendered":"https:\/\/konpart.de\/product\/drapeau-allemagne\/"},"modified":"2025-10-14T14:11:48","modified_gmt":"2025-10-14T12:11:48","slug":"drapeau-allemagne","status":"publish","type":"product","link":"https:\/\/konpart.de\/fr\/product\/drapeau-allemagne\/","title":{"rendered":"Drapeau Allemagne"},"excerpt":{"rendered":"<p>FLAG GERMANY est la marque de qualit\u00e9 d\u00e9pos\u00e9e par Portex au niveau mondial, sp\u00e9cialis\u00e9e dans l&rsquo;injection diesel et les pi\u00e8ces \u00e9lectroniques pour l&rsquo;industrie automobile. Portex affirme avec fiert\u00e9 qu&rsquo;au cours des 24 derni\u00e8res ann\u00e9es, l&rsquo;entreprise a pris la t\u00eate du march\u00e9 des pi\u00e8ces d\u00e9tach\u00e9es automobiles. <\/p>\n","protected":false},"featured_media":3585,"template":"","meta":{"_acf_changed":false},"product-type":[],"class_list":["post-4171","product","type-product","status-publish","has-post-thumbnail","hentry"],"acf":{"product-claim":"Drapeau Allemagne - Portex Products","product-description":"FLAG GERMANY est la marque de qualit\u00e9 d\u00e9pos\u00e9e par Portex au niveau mondial, sp\u00e9cialis\u00e9e dans l'injection diesel et les pi\u00e8ces \u00e9lectroniques pour l'industrie automobile. Portex affirme avec fiert\u00e9 qu'au cours des 24 derni\u00e8res ann\u00e9es, l'entreprise a pris la t\u00eate du march\u00e9 des pi\u00e8ces d\u00e9tach\u00e9es automobiles.  Les clients de Portex appr\u00e9cient le prestige mondial de la marque FLAG GERMANY et la r\u00e9compensent par leur confiance et leur fid\u00e9lit\u00e9 de longue date. Des fabricants d'\u00e9quipements d'origine de renom consid\u00e8rent \u00e9galement Portex comme un partenaire comp\u00e9tent. \n\n[ws-catalog]\n\nAu cours de son histoire, l'entreprise est pass\u00e9e d'une soci\u00e9t\u00e9 commerciale \u00e0 un producteur innovant. Les moteurs de d\u00e9marrage et les g\u00e9n\u00e9rateurs, les pompes d'alimentation et les kits de r\u00e9paration de FLAG GERMANY sont produits dans l'usine de la soci\u00e9t\u00e9 en Allemagne. Portex est donc en mesure d'offrir \u00e0 ses clients une flexibilit\u00e9 et une individualit\u00e9 maximales. En outre, Portex dispose d'installations de production externes \u00e0 l'\u00e9tranger qui sont soutenues sur place par ses techniciens exp\u00e9riment\u00e9s. Portex est ainsi en mesure de r\u00e9pondre aux besoins toujours croissants de ses clients et aux normes \u00e9lev\u00e9es des produits FLAG GERMANY. Depuis le d\u00e9but, la philosophie de Portex associe les valeurs traditionnelles acquises au cours de 25 ann\u00e9es d'exp\u00e9rience \u00e0 des technologies de pointe et \u00e0 des comp\u00e9tences de haut niveau.     \n\nPortex s'est sp\u00e9cialis\u00e9 dans le secteur de la technologie d'injection diesel. Avec sa gamme de produits standard, Portex a prouv\u00e9 son efficacit\u00e9 et sa comp\u00e9titivit\u00e9 sur le march\u00e9 mondial. \n\nLe programme diesel du drapeau allemand comprend\n<ul>\n \t<li>Pi\u00e8ces de rechange et kits de r\u00e9paration pour tous les syst\u00e8mes d'injection<\/li>\n \t<li>Pompes d'alimentation<\/li>\n \t<li>Fixations des buses<\/li>\n<\/ul>\nA la demande de ses clients, Portex a \u00e9largi sa gamme de produits en y ajoutant :\n<ul>\n \t<li>Buses d'injecteurs<\/li>\n \t<li>Pi\u00e8ces de la pompe<\/li>\n \t<li>Vannes de pression<\/li>\n<\/ul>\nIl y a plusieurs ann\u00e9es, Portex a commenc\u00e9 \u00e0 \u00e9largir sa gamme de produits pour y inclure les v\u00e9hicules \u00e9lectriques.\n\nLe programme \u00e9lectrique du drapeau allemand comprend :\n<ul>\n \t<li>D\u00e9butants<\/li>\n \t<li>G\u00e9n\u00e9rateurs (complets et pi\u00e8ces d\u00e9tach\u00e9es)<\/li>\n \t<li>Clignotants<\/li>\n \t<li>Interrupteurs<\/li>\n \t<li>Gouverneurs<\/li>\n \t<li>Convertisseurs de tension<\/li>\n \t<li>Capteurs<\/li>\n \t<li>Bougies d'allumage<\/li>\n \t<li>Pompes \u00e0 carburant et bien plus encore.<\/li>\n<\/ul>\nEn outre, vous trouverez \u00e9galement des pi\u00e8ces pour l'ing\u00e9nierie automobile dans la gamme de produits Portex :\n<ul>\n \t<li>Jeux de joints pour essieux arri\u00e8re et bo\u00eetiers de direction<\/li>\n \t<li>Bagues d'\u00e9tanch\u00e9it\u00e9 d'arbre<\/li>\n \t<li>Outils<\/li>\n<\/ul>","catalog":[{"catalog-name":"FLAG GERMANY Common Rail Spare Parts Catalogue 2014","catalog-description":"Catalogue 2014 de pi\u00e8ces de rechange common rail FLAG GERMANY couvrant les kits de r\u00e9paration, les buses et les plongeurs pour DENSO et BOSCH, les kits de r\u00e9paration pour les pompes haute pression DENSO HP 2 \/ 3 et 4, les kits de r\u00e9paration pour les pompes haute pression BOSCH CR\/CP et les injecteurs DELPHI, les soupapes, les entretoises et les buses. Le catalogue est tr\u00e8s bien illustr\u00e9 et pr\u00e9sente chaque pi\u00e8ce de chaque kit. Interchangeables avec DENSO, BOSCH et DELPHI.  ","katalog-cover":921,"katalog-file":893},{"catalog-name":"FLAG GERMANY Catalogue de pi\u00e8ces d\u00e9tach\u00e9es pour l'injection diesel 2014 - Partie 1","catalog-description":"Le catalogue de pi\u00e8ces d'injection diesel FLAG GERMANY couvre les pompes d'injection, les injecteurs, les rails communs, les pompes d'alimentation pour tous les camions et autobus courants. L'index du catalogue et la liste des r\u00e9f\u00e9rences crois\u00e9es permettent d'effectuer une recherche par fabricant d'\u00e9quipement d'origine BOSCH, DELPHI, DENSO, ZEXEL, STANADYNE, etc. ","katalog-cover":925,"katalog-file":897},{"catalog-name":"FLAG GERMANY Catalogue de pi\u00e8ces d\u00e9tach\u00e9es pour l'injection diesel 2014 - Partie 2","catalog-description":"Le catalogue de pi\u00e8ces d'injection diesel FLAG GERMANY couvre les pompes d'injection, les injecteurs, les rails communs, les pompes d'alimentation pour tous les camions et autobus courants. L'index du catalogue et la liste des r\u00e9f\u00e9rences crois\u00e9es permettent d'effectuer une recherche par fabricant d'\u00e9quipement d'origine BOSCH, DELPHI, DENSO, ZEXEL, STANADYNE, etc. ","katalog-cover":925,"katalog-file":901},{"catalog-name":"FLAG GERMANY Catalogue des pi\u00e8ces d\u00e9tach\u00e9es \u00e9lectriques","catalog-description":"Le catalogue de pi\u00e8ces \u00e9lectriques FLAG GERMANY couvre les d\u00e9marreurs, les pi\u00e8ces de rechange pour d\u00e9marreurs, les alternateurs, les r\u00e9gulateurs et les poulies, etc. pour tous les camions et autobus courants. La liste des r\u00e9f\u00e9rences crois\u00e9es du catalogue permet d'effectuer une recherche par fabricant d'\u00e9quipement d'origine BOSCH, DAF, IVECO, KHD, MAN, MERCEDES BENZ, RENAULT, SCANIA et VOLVO. Les num\u00e9ros de r\u00e9f\u00e9rence sont indiqu\u00e9s.  ","katalog-cover":929,"katalog-file":905},{"catalog-name":"Catalogue des composants hydrauliques FLAG 2014","catalog-description":"","katalog-cover":933,"katalog-file":909},{"catalog-name":"Catalogue 2014 des syst\u00e8mes de pompes unitaires FLAG","catalog-description":"","katalog-cover":937,"katalog-file":913}],"logo-reihenfolge":"","spare-part-table":""},"_links":{"self":[{"href":"https:\/\/konpart.de\/fr\/wp-json\/wp\/v2\/product\/4171","targetHints":{"allow":["GET"]}}],"collection":[{"href":"https:\/\/konpart.de\/fr\/wp-json\/wp\/v2\/product"}],"about":[{"href":"https:\/\/konpart.de\/fr\/wp-json\/wp\/v2\/types\/product"}],"wp:featuredmedia":[{"embeddable":true,"href":"https:\/\/konpart.de\/fr\/wp-json\/wp\/v2\/media\/3585"}],"wp:attachment":[{"href":"https:\/\/konpart.de\/fr\/wp-json\/wp\/v2\/media?parent=4171"}],"wp:term":[{"taxonomy":"product-type","embeddable":true,"href":"https:\/\/konpart.de\/fr\/wp-json\/wp\/v2\/product-type?post=4171"}],"curies":[{"name":"wp","href":"https:\/\/api.w.org\/{rel}","templated":true}]}}