{"id":4173,"date":"2024-11-21T13:08:37","date_gmt":"2024-11-21T12:08:37","guid":{"rendered":"https:\/\/konpart.de\/product\/le-nabab-federal\/"},"modified":"2025-10-14T14:11:49","modified_gmt":"2025-10-14T12:11:49","slug":"le-nabab-federal","status":"publish","type":"product","link":"https:\/\/konpart.de\/fr\/product\/le-nabab-federal\/","title":{"rendered":"Le nabab f\u00e9d\u00e9ral"},"excerpt":{"rendered":"<p>Federal-Mogul est l&rsquo;un des leaders mondiaux dans le domaine des pi\u00e8ces d\u00e9tach\u00e9es d&rsquo;origine et de rechange.<\/p>\n","protected":false},"featured_media":3577,"template":"","meta":{"_acf_changed":false},"product-type":[],"class_list":["post-4173","product","type-product","status-publish","has-post-thumbnail","hentry"],"acf":{"product-claim":"Produits Federal-Mogul","product-description":"<h3>Meilleur portefeuille de marques de pi\u00e8ces de rechange<\/h3>\nFederal-Mogul est l'un des leaders mondiaux dans le domaine des pi\u00e8ces d\u00e9tach\u00e9es d'origine et de rechange.\n\nAvec le portefeuille de marques et de produits le plus connu de l'industrie, Federal Mogul Corporation offre des solutions de rechange pour les r\u00e9parations du moteur, de l'\u00e9tanch\u00e9it\u00e9, de la direction, du freinage et de l'entretien courant pour des millions de voitures, de camionnettes et de v\u00e9hicules commerciaux sur tous les continents :\n<ul>\n \t<li><a href=\"https:\/\/konpart.de\/product\/ferodo\/\" hreflang=\"en\">FERODO, JURID & BERAL Pi\u00e8ces de frein<\/a><\/li>\n \t<li><a href=\"https:\/\/konpart.de\/product\/glyco\/\" hreflang=\"en\">Roulements GLYCO<\/a><\/li>\n \t<li><a href=\"https:\/\/konpart.de\/product\/goetze\/\" hreflang=\"en\">GOETZE Segments de piston et chemises de cylindre<\/a><\/li>\n \t<li><a href=\"https:\/\/konpart.de\/product\/nural\/\" hreflang=\"en\">Pistons et assemblages N\u00dcRAL<\/a><\/li>\n \t<li><a href=\"https:\/\/konpart.de\/product\/payen\/\" hreflang=\"en\">Joints, boulons de t\u00eate et joints d'huile PAYEN<\/a><\/li>\n \t<li>Bougies d'allumage et filtres CHAMPION<\/li>\n \t<li><a href=\"https:\/\/konpart.de\/product\/moog\/\" hreflang=\"en\">Pi\u00e8ces de direction et de suspension MOOG<\/a><\/li>\n \t<li><a href=\"https:\/\/konpart.de\/product\/fp-diesel\/\" hreflang=\"en\">FP DIESEL Pi\u00e8ces d\u00e9tach\u00e9es pour machines am\u00e9ricaines<\/a><\/li>\n<\/ul>\nAucun autre fabricant de pi\u00e8ces n'arrive \u00e0 la cheville des marques pr\u00e9f\u00e9r\u00e9es des installateurs de Federal-Moguls en termes de r\u00e9putation et de fid\u00e9lit\u00e9 !\n<h3>LEADERSHIP EN MATI\u00c8RE DE TECHNOLOGIE ET DE FABRICATION DE L'OE<\/h3>\nLes clients du march\u00e9 de l'apr\u00e8s-vente du monde entier b\u00e9n\u00e9ficient de l'expertise de Federal-Mogul en mati\u00e8re d'ing\u00e9nierie et de fabrication, en tant que fournisseur de premier plan de technologies d'\u00e9quipement d'origine (OE) pour les principaux constructeurs automobiles mondiaux. Federal-Mogul propose une gamme compl\u00e8te de produits innovants con\u00e7us pour r\u00e9soudre les probl\u00e8mes, faciliter les r\u00e9parations et am\u00e9liorer les performances des v\u00e9hicules. Federal-Mogul vous offre l'excellence en mati\u00e8re de solutions moteur avanc\u00e9es, qui r\u00e9pondent aux normes \u00e9lev\u00e9es fix\u00e9es par les constructeurs de v\u00e9hicules et de moteurs. Les produits de Federal-Mogul destin\u00e9s au march\u00e9 de la rechange sont con\u00e7us et fabriqu\u00e9s pour r\u00e9pondre aux exigences de remplacement de l'\u00e9quipement d'origine et sont certifi\u00e9s dans des installations d'essai de classe mondiale.   \n<h3>LEADERSHIP EN MATI\u00c8RE DE R&D<\/h3>\nLes usines de Federal-Mogul sont soutenues par un r\u00e9seau mondial de centres de recherche et de d\u00e9veloppement. Ces centres techniques ont \u00e9t\u00e9 \u00e9quip\u00e9s de processus et d'\u00e9quipements d'essai et de d\u00e9veloppement de pointe afin de permettre \u00e0 Federal-Mogul de conserver une longueur d'avance sur ses concurrents et de d\u00e9velopper des pi\u00e8ces et des mat\u00e9riaux adapt\u00e9s aux besoins des v\u00e9hicules et des groupes motopropulseurs d'aujourd'hui. Pour Federal-Mogul, la coop\u00e9ration au stade de la conception est essentielle. C'est pourquoi les ing\u00e9nieurs de Federal-Mogul travaillent aux c\u00f4t\u00e9s des fabricants d'\u00e9quipements d'origine pour d\u00e9velopper de nouvelles technologies, am\u00e9liorer le rendement \u00e9nerg\u00e9tique et contribuer \u00e0 r\u00e9duire les \u00e9missions de CO2. Avec environ 200 scientifiques et ing\u00e9nieurs travaillant sur les d\u00e9veloppements technologiques, et 26 bancs d'essai pour les moteurs de v\u00e9hicules l\u00e9gers (VL) et de v\u00e9hicules commerciaux (VC) afin d'analyser les r\u00e9sultats de leurs recherches, il est facile de comprendre pourquoi Federal-Mogul est un leader dans la fourniture de l'ad\u00e9quation parfaite entre l'application et le produit.    \n<h3>UNE EXPERTISE COMPL\u00c8TE DU MOTEUR<\/h3>\nFederal-Mogul propose des solutions compl\u00e8tes pour la r\u00e9paration des moteurs de v\u00e9hicules l\u00e9gers, de v\u00e9hicules utilitaires et de v\u00e9hicules de tourisme - y compris toutes les pi\u00e8ces principales du moteur, les joints et les boulons de t\u00eate - gr\u00e2ce \u00e0 un groupe de marques mondialement reconnues et d\u00e9velopp\u00e9es par des experts dans chaque cat\u00e9gorie de produits. Les marques de moteurs et de joints de Federal-Mogul b\u00e9n\u00e9ficient de ce r\u00e9seau mondial de R&D et de ce savoir-faire en mati\u00e8re de fabrication. ","catalog":null,"logo-reihenfolge":"","spare-part-table":""},"_links":{"self":[{"href":"https:\/\/konpart.de\/fr\/wp-json\/wp\/v2\/product\/4173","targetHints":{"allow":["GET"]}}],"collection":[{"href":"https:\/\/konpart.de\/fr\/wp-json\/wp\/v2\/product"}],"about":[{"href":"https:\/\/konpart.de\/fr\/wp-json\/wp\/v2\/types\/product"}],"wp:featuredmedia":[{"embeddable":true,"href":"https:\/\/konpart.de\/fr\/wp-json\/wp\/v2\/media\/3577"}],"wp:attachment":[{"href":"https:\/\/konpart.de\/fr\/wp-json\/wp\/v2\/media?parent=4173"}],"wp:term":[{"taxonomy":"product-type","embeddable":true,"href":"https:\/\/konpart.de\/fr\/wp-json\/wp\/v2\/product-type?post=4173"}],"curies":[{"name":"wp","href":"https:\/\/api.w.org\/{rel}","templated":true}]}}