{"id":4176,"date":"2024-11-21T13:11:34","date_gmt":"2024-11-21T12:11:34","guid":{"rendered":"https:\/\/konpart.de\/product\/ferodo\/"},"modified":"2025-10-14T14:11:51","modified_gmt":"2025-10-14T12:11:51","slug":"ferodo","status":"publish","type":"product","link":"https:\/\/konpart.de\/fr\/product\/ferodo\/","title":{"rendered":"Ferodo"},"excerpt":{"rendered":"<p>Ferodo, le premier nom en mati\u00e8re de freins, a \u00e9t\u00e9 fond\u00e9 en Angleterre en 1897 et a men\u00e9 le d\u00e9veloppement des mat\u00e9riaux de friction sous leur forme moderne.<\/p>\n","protected":false},"featured_media":3581,"template":"","meta":{"_acf_changed":false},"product-type":[],"class_list":["post-4176","product","type-product","status-publish","has-post-thumbnail","hentry"],"acf":{"product-claim":"Produits Ferodo","product-description":"<h3>Le premier nom des freins<\/h3>\nFerodo, <em>le premier nom en mati\u00e8re de freins<\/em>, a \u00e9t\u00e9 fond\u00e9 en Angleterre en 1897 et a men\u00e9 le d\u00e9veloppement des mat\u00e9riaux de friction sous leur forme moderne.\n\n[ws-catalog]\n\nAujourd'hui, nos produits de freinage Ferodo sont con\u00e7us pour satisfaire ou d\u00e9passer les sp\u00e9cifications de l'\u00e9quipement d'origine et offrent les avantages suivants :\n<ul>\n \t<li>Des performances de freinage s\u00fbres et fiables<\/li>\n \t<li>Dur\u00e9e de vie prolong\u00e9e<\/li>\n \t<li>Technologies de premi\u00e8re monte et solutions innovantes pour le march\u00e9 des pi\u00e8ces d\u00e9tach\u00e9es<\/li>\n<\/ul>\nLa marque de produits de freinage Ferodo offre \u00e9galement des performances sup\u00e9rieures sur les circuits de course et de rallye, ce qui permet \u00e0 nos ing\u00e9nieurs d'acqu\u00e9rir l'exp\u00e9rience et les connaissances n\u00e9cessaires pour d\u00e9velopper des solutions de friction pour les situations de freinage les plus exigeantes. Ferodo offre le nec plus ultra en mati\u00e8re de freinage \u00e0 ceux qui n'acceptent rien de moins que le meilleur. \n\nLes clients du march\u00e9 de la rechange de Federal-Mogul b\u00e9n\u00e9ficient de l'expertise \u00e9prouv\u00e9e de Ferodo en mati\u00e8re d'ing\u00e9nierie et de fabrication de composants d'origine. Nous proposons une gamme croissante de technologies innovantes con\u00e7ues pour r\u00e9soudre un probl\u00e8me, faciliter le travail ou am\u00e9liorer les performances du v\u00e9hicule. ","catalog":[{"catalog-name":"FERODO Brake Pads Discs & Accessories Car Catalog 2011","catalog-description":"","katalog-cover":874,"katalog-file":882},{"catalog-name":"FERODO Brake Pads Discs & Accessories Truck Catalog 2013","catalog-description":"","katalog-cover":878,"katalog-file":886}],"logo-reihenfolge":"","spare-part-table":""},"_links":{"self":[{"href":"https:\/\/konpart.de\/fr\/wp-json\/wp\/v2\/product\/4176","targetHints":{"allow":["GET"]}}],"collection":[{"href":"https:\/\/konpart.de\/fr\/wp-json\/wp\/v2\/product"}],"about":[{"href":"https:\/\/konpart.de\/fr\/wp-json\/wp\/v2\/types\/product"}],"wp:featuredmedia":[{"embeddable":true,"href":"https:\/\/konpart.de\/fr\/wp-json\/wp\/v2\/media\/3581"}],"wp:attachment":[{"href":"https:\/\/konpart.de\/fr\/wp-json\/wp\/v2\/media?parent=4176"}],"wp:term":[{"taxonomy":"product-type","embeddable":true,"href":"https:\/\/konpart.de\/fr\/wp-json\/wp\/v2\/product-type?post=4176"}],"curies":[{"name":"wp","href":"https:\/\/api.w.org\/{rel}","templated":true}]}}