{"id":4180,"date":"2024-11-21T15:33:12","date_gmt":"2024-11-21T14:33:12","guid":{"rendered":"https:\/\/konpart.de\/product\/glyco\/"},"modified":"2025-10-14T14:11:55","modified_gmt":"2025-10-14T12:11:55","slug":"glyco","status":"publish","type":"product","link":"https:\/\/konpart.de\/fr\/product\/glyco\/","title":{"rendered":"Glyco"},"excerpt":{"rendered":"<p>Federal-Mogul est un leader mondial de la technologie des coussinets de moteur, et l&rsquo;une de nos marques de coussinets de moteur les plus appr\u00e9ci\u00e9es est Glyco\u00ae.<\/p>\n","protected":false},"featured_media":3597,"template":"","meta":{"_acf_changed":false},"product-type":[],"class_list":["post-4180","product","type-product","status-publish","has-post-thumbnail","hentry"],"acf":{"product-claim":"Produits Glyco","product-description":"<h3>Plus de 100 ans de leadership mondial<\/h3>\nFederal-Mogul est un leader mondial de la technologie des coussinets de moteur, et l'une de nos marques de coussinets de moteur les plus appr\u00e9ci\u00e9es est Glyco\u00ae.\n\n[ws-catalog]\n\nDepuis plus de 100 ans, notre marque Glyco propose une gamme in\u00e9gal\u00e9e de roulements et de mat\u00e9riaux pour le march\u00e9 des pi\u00e8ces d\u00e9tach\u00e9es automobiles, soutenue par deux des centres de recherche sur les roulements les mieux \u00e9quip\u00e9s au monde.\n\nChaque ann\u00e9e, les roulements Glyco OE sont install\u00e9s sur plus de 10 millions de moteurs automobiles, maritimes et stationnaires, ainsi que sur des \u00e9quipements agricoles et de construction. Notre expertise \u00e9prouv\u00e9e en mati\u00e8re d'\u00e9quipement d'origine est l'une des raisons pour lesquelles Glyco est devenu le premier choix en mati\u00e8re de roulements pour le march\u00e9 des pi\u00e8ces de rechange. \n\nLa gamme Glyco Engine Solutions comprend \u00e0 la fois des roulements et des kits moteur (bagues et rondelles de but\u00e9e).","catalog":[{"catalog-name":"Catalogue GLYCO Roulements 2013-2014","catalog-description":"","katalog-cover":1053,"katalog-file":1057}],"logo-reihenfolge":15,"spare-part-table":""},"_links":{"self":[{"href":"https:\/\/konpart.de\/fr\/wp-json\/wp\/v2\/product\/4180","targetHints":{"allow":["GET"]}}],"collection":[{"href":"https:\/\/konpart.de\/fr\/wp-json\/wp\/v2\/product"}],"about":[{"href":"https:\/\/konpart.de\/fr\/wp-json\/wp\/v2\/types\/product"}],"wp:featuredmedia":[{"embeddable":true,"href":"https:\/\/konpart.de\/fr\/wp-json\/wp\/v2\/media\/3597"}],"wp:attachment":[{"href":"https:\/\/konpart.de\/fr\/wp-json\/wp\/v2\/media?parent=4180"}],"wp:term":[{"taxonomy":"product-type","embeddable":true,"href":"https:\/\/konpart.de\/fr\/wp-json\/wp\/v2\/product-type?post=4180"}],"curies":[{"name":"wp","href":"https:\/\/api.w.org\/{rel}","templated":true}]}}