{"id":4182,"date":"2024-11-21T15:50:57","date_gmt":"2024-11-21T14:50:57","guid":{"rendered":"https:\/\/konpart.de\/product\/gebe\/"},"modified":"2025-10-14T14:11:58","modified_gmt":"2025-10-14T12:11:58","slug":"gebe","status":"publish","type":"product","link":"https:\/\/konpart.de\/fr\/product\/gebe\/","title":{"rendered":"GeBe"},"excerpt":{"rendered":"<p>IKA est une entreprise commerciale de pi\u00e8ces d\u00e9tach\u00e9es \u00e9lectriques pour d\u00e9marreurs, alternateurs et compresseurs CA, fond\u00e9e en 1983. Au cours des 28 derni\u00e8res ann\u00e9es, l&rsquo;entreprise a constamment augment\u00e9 son stock et ses services. Aujourd&rsquo;hui, IKA distribue plus de 7 000 composants et pi\u00e8ces.  <\/p>\n","protected":false},"featured_media":3593,"template":"","meta":{"_acf_changed":false},"product-type":[],"class_list":["post-4182","product","type-product","status-publish","has-post-thumbnail","hentry"],"acf":{"product-claim":"Produits IKA GeBe","product-description":"IKA est une entreprise commerciale de pi\u00e8ces d\u00e9tach\u00e9es \u00e9lectriques pour d\u00e9marreurs, alternateurs et compresseurs CA, fond\u00e9e en 1983. Au cours des 28 derni\u00e8res ann\u00e9es, l'entreprise a constamment augment\u00e9 son stock et ses services. Aujourd'hui, IKA distribue plus de 7 000 composants et pi\u00e8ces.   IKA fournit plus de 500 clients dans plus de 70 pays, y compris tous les reconstructeurs et grossistes renomm\u00e9s.\n\n[ws-catalog]\n\nLa longue exp\u00e9rience sur diff\u00e9rents march\u00e9s dans le monde entier fait d'IKA un partenaire fiable avec une qualit\u00e9 \u00e9lev\u00e9e pour les produits \u00e9tablis et innovants.\n\nEn tant que fournisseur d'IKA Ge Be, KonPart Import-Export GmbH exporte des produits IKA Ge Be tels que des balais de carbone IKA Ge Be, des pi\u00e8ces d'alternateur IKA Ge Be, des poulies IKA Ge Be, des bagues \/ pi\u00e8ces de d\u00e9marreur IKA Ge Be, des douilles de d\u00e9marreur IKA Ge Be, des pi\u00e8ces de d\u00e9marreur IKA Ge Be, des porte-balais IKA Ge Be, des roulements IKA Ge Be, des kits de r\u00e9paration IKA Ge Be.","catalog":[{"catalog-name":"Catalogue 2014 des poulies d'alternateur IKA-GEBE","catalog-description":"","katalog-cover":1153,"katalog-file":1137},{"catalog-name":"Catalogue de gestion de moteur IKA-GEBE 2014-2015","catalog-description":"","katalog-cover":1157,"katalog-file":1141},{"catalog-name":"Catalogue d\u00e9marreurs et alternateurs IKA-GEBE 2014-2015","catalog-description":"","katalog-cover":1161,"katalog-file":1145},{"catalog-name":"Catalogue de pi\u00e8ces de rechange pour d\u00e9marreurs IKA-GEBE 2014-2015","catalog-description":"","katalog-cover":1165,"katalog-file":1149}],"logo-reihenfolge":"","spare-part-table":""},"_links":{"self":[{"href":"https:\/\/konpart.de\/fr\/wp-json\/wp\/v2\/product\/4182","targetHints":{"allow":["GET"]}}],"collection":[{"href":"https:\/\/konpart.de\/fr\/wp-json\/wp\/v2\/product"}],"about":[{"href":"https:\/\/konpart.de\/fr\/wp-json\/wp\/v2\/types\/product"}],"wp:featuredmedia":[{"embeddable":true,"href":"https:\/\/konpart.de\/fr\/wp-json\/wp\/v2\/media\/3593"}],"wp:attachment":[{"href":"https:\/\/konpart.de\/fr\/wp-json\/wp\/v2\/media?parent=4182"}],"wp:term":[{"taxonomy":"product-type","embeddable":true,"href":"https:\/\/konpart.de\/fr\/wp-json\/wp\/v2\/product-type?post=4182"}],"curies":[{"name":"wp","href":"https:\/\/api.w.org\/{rel}","templated":true}]}}