{"id":4183,"date":"2024-11-21T15:38:18","date_gmt":"2024-11-21T14:38:18","guid":{"rendered":"https:\/\/konpart.de\/product\/goetze\/"},"modified":"2025-10-14T14:11:59","modified_gmt":"2025-10-14T12:11:59","slug":"goetze","status":"publish","type":"product","link":"https:\/\/konpart.de\/fr\/product\/goetze\/","title":{"rendered":"Goetze"},"excerpt":{"rendered":"<p>La marque Goetze de Federal-Mogul est un nom de premier plan dans le secteur automobile, offrant des segments de piston et des chemises de cylindre de qualit\u00e9, ainsi qu&rsquo;une gamme de solutions d&rsquo;\u00e9tanch\u00e9it\u00e9.<\/p>\n","protected":false},"featured_media":3601,"template":"","meta":{"_acf_changed":false},"product-type":[],"class_list":["post-4183","product","type-product","status-publish","has-post-thumbnail","hentry"],"acf":{"product-claim":"Produits Goetze","product-description":"<h3>D\u00e9di\u00e9 aux essais, \u00e0 la recherche et au d\u00e9veloppement<\/h3>\nLa marque Goetze de Federal-Mogul est un nom de premier plan dans le secteur automobile, offrant des segments de piston et des chemises de cylindre de qualit\u00e9, ainsi qu'une gamme de solutions d'\u00e9tanch\u00e9it\u00e9.\n\n[ws-catalog]\n\nLes produits Goetze sont reconnus dans le monde entier comme les meilleurs exemples de la technologie allemande de premi\u00e8re monte. Nos clients b\u00e9n\u00e9ficient de la technologie et de l'expertise de Goetze en mati\u00e8re de fabrication dans chacun des principaux domaines de produits : composants m\u00e9talliques pour moteurs, joints et \u00e9lastom\u00e8res. \n\nNotre engagement en mati\u00e8re de recherche est in\u00e9gal\u00e9, avec plus de 200 scientifiques, ing\u00e9nieurs et techniciens qui se consacrent aux essais et au d\u00e9veloppement des produits. Nous soumettons nos segments de piston et nos chemises de cylindre \u00e0 des processus de conception et de d\u00e9veloppement rigoureux afin d'adapter parfaitement nos produits \u00e0 vos applications. ","catalog":[{"catalog-name":"Catalogue des segments de piston GOETZE 2015-2016","catalog-description":"","katalog-cover":1071,"katalog-file":1067}],"logo-reihenfolge":17,"spare-part-table":""},"_links":{"self":[{"href":"https:\/\/konpart.de\/fr\/wp-json\/wp\/v2\/product\/4183","targetHints":{"allow":["GET"]}}],"collection":[{"href":"https:\/\/konpart.de\/fr\/wp-json\/wp\/v2\/product"}],"about":[{"href":"https:\/\/konpart.de\/fr\/wp-json\/wp\/v2\/types\/product"}],"wp:featuredmedia":[{"embeddable":true,"href":"https:\/\/konpart.de\/fr\/wp-json\/wp\/v2\/media\/3601"}],"wp:attachment":[{"href":"https:\/\/konpart.de\/fr\/wp-json\/wp\/v2\/media?parent=4183"}],"wp:term":[{"taxonomy":"product-type","embeddable":true,"href":"https:\/\/konpart.de\/fr\/wp-json\/wp\/v2\/product-type?post=4183"}],"curies":[{"name":"wp","href":"https:\/\/api.w.org\/{rel}","templated":true}]}}