{"id":4186,"date":"2024-11-21T15:56:27","date_gmt":"2024-11-21T14:56:27","guid":{"rendered":"https:\/\/konpart.de\/product\/kp-allemagne\/"},"modified":"2025-10-14T14:12:00","modified_gmt":"2025-10-14T12:12:00","slug":"kp-allemagne","status":"publish","type":"product","link":"https:\/\/konpart.de\/fr\/product\/kp-allemagne\/","title":{"rendered":"KP Allemagne"},"excerpt":{"rendered":"<p>KonPart Import-Export GmbH propose sous sa propre marque KP GERMANY une gamme \u00e9tendue de vilebrequins forg\u00e9s en qualit\u00e9 d&rsquo;\u00e9quipement d&rsquo;origine (OE).<\/p>\n","protected":false},"featured_media":3617,"template":"","meta":{"_acf_changed":false},"product-type":[],"class_list":["post-4186","product","type-product","status-publish","has-post-thumbnail","hentry"],"acf":{"product-claim":"KP GERMANY Vilebrequins","product-description":"<h3>Vilebrequins forg\u00e9s de qualit\u00e9 OE fabriqu\u00e9s dans l'UE<\/h3>\nKonPart Import-Export GmbH propose sous sa propre marque KP GERMANY une gamme \u00e9tendue de vilebrequins forg\u00e9s en qualit\u00e9 d'\u00e9quipement d'origine (OE).\n\nLa gamme de vilebrequins de KP GERMANY couvre la plupart des applications europ\u00e9ennes, am\u00e9ricaines et asiatiques courantes pour les camions, les autobus et les poids lourds, telles que\n<ul>\n \t<li>MERCEDES<\/li>\n \t<li>MAN<\/li>\n \t<li>IVECO<\/li>\n \t<li>VOLVO<\/li>\n \t<li>SCANIA<\/li>\n \t<li>DAF<\/li>\n \t<li>MACK<\/li>\n \t<li>CATERPILLAR<\/li>\n \t<li>PERKINS<\/li>\n \t<li>CUMMINS<\/li>\n \t<li>INTERNATIONAL<\/li>\n \t<li>JOHN DEERE<\/li>\n \t<li>KOMATSU<\/li>\n \t<li>etc.<\/li>\n<\/ul>\n[ws-catalog]\n\nTous les vilebrequins KP GERMANY sont produits dans l'Union europ\u00e9enne conform\u00e9ment \u00e0 la certification ISO 9001:2000. Une alternative fiable et rentable aux vilebrequins d'origine gr\u00e2ce \u00e0 des normes de qualit\u00e9 strictes et \u00e0 un d\u00e9veloppement continu. ","catalog":[{"catalog-name":"KP GERMANY Vilebrequin Liste de r\u00e9f\u00e9rences","catalog-description":"","katalog-cover":"","katalog-file":1174}],"logo-reihenfolge":"","spare-part-table":""},"_links":{"self":[{"href":"https:\/\/konpart.de\/fr\/wp-json\/wp\/v2\/product\/4186","targetHints":{"allow":["GET"]}}],"collection":[{"href":"https:\/\/konpart.de\/fr\/wp-json\/wp\/v2\/product"}],"about":[{"href":"https:\/\/konpart.de\/fr\/wp-json\/wp\/v2\/types\/product"}],"wp:featuredmedia":[{"embeddable":true,"href":"https:\/\/konpart.de\/fr\/wp-json\/wp\/v2\/media\/3617"}],"wp:attachment":[{"href":"https:\/\/konpart.de\/fr\/wp-json\/wp\/v2\/media?parent=4186"}],"wp:term":[{"taxonomy":"product-type","embeddable":true,"href":"https:\/\/konpart.de\/fr\/wp-json\/wp\/v2\/product-type?post=4186"}],"curies":[{"name":"wp","href":"https:\/\/api.w.org\/{rel}","templated":true}]}}