{"id":4188,"date":"2024-11-21T15:41:20","date_gmt":"2024-11-21T14:41:20","guid":{"rendered":"https:\/\/konpart.de\/product\/hella\/"},"modified":"2025-10-14T14:12:03","modified_gmt":"2025-10-14T12:12:03","slug":"hella","status":"publish","type":"product","link":"https:\/\/konpart.de\/fr\/product\/hella\/","title":{"rendered":"Hella"},"excerpt":{"rendered":"<p>Figurant parmi les 50 premiers fournisseurs de pi\u00e8ces d\u00e9tach\u00e9es automobiles au monde, HELLA d\u00e9veloppe et fabrique des composants et des syst\u00e8mes d&rsquo;\u00e9clairage et \u00e9lectroniques de haute qualit\u00e9 pour l&rsquo;industrie automobile. Des modules complets pour v\u00e9hicules, des syst\u00e8mes de climatisation et des syst\u00e8mes \u00e9lectriques pour v\u00e9hicules sont produits dans des entreprises communes. <\/p>\n","protected":false},"featured_media":3605,"template":"","meta":{"_acf_changed":false},"product-type":[],"class_list":["post-4188","product","type-product","status-publish","has-post-thumbnail","hentry"],"acf":{"product-claim":"Produits Hella","product-description":"Comptant parmi les 50 premiers fournisseurs de pi\u00e8ces d\u00e9tach\u00e9es automobiles au monde, HELLA d\u00e9veloppe et fabrique des composants et des syst\u00e8mes d'\u00e9clairage et \u00e9lectroniques de haute qualit\u00e9 pour l'industrie automobile. Des modules complets pour v\u00e9hicules, des syst\u00e8mes de climatisation et des syst\u00e8mes \u00e9lectriques pour v\u00e9hicules sont produits dans des entreprises communes. \n\n[ws-catalog]\n\nHELLA est une entreprise familiale ind\u00e9pendante qui emploie plus de 30 700 personnes sur 100 sites dans plus de 35 pays. Avec plus de 5 800 personnes travaillant dans la recherche et le d\u00e9veloppement, HELLA est l'un des principaux moteurs de l'innovation sur le march\u00e9. \n\nEn tant que fournisseur de pi\u00e8ces de rechange, HELLA d\u00e9veloppe, produit et commercialise une vaste gamme de produits d'\u00e9clairage, d'\u00e9lectricit\u00e9, d'\u00e9lectronique et de gestion thermique de plus de 38 000 articles - un portefeuille puissant qui couvre un grand nombre d'applications. Les pi\u00e8ces de rechange HELLA proviennent de nos propres usines de production de pi\u00e8ces de rechange, de coentreprises avec d'autres fabricants de pi\u00e8ces de haute qualit\u00e9 ainsi que de la production OEM de HELLA. ","catalog":[{"catalog-name":"HELLA Catalogue Principal \u00c9lectricit\u00e9 et \u00c9lectronique 2012-2013","catalog-description":"","katalog-cover":1088,"katalog-file":1112},{"catalog-name":"HELLA Catalogue Principal Eclairage 2010-2011","catalog-description":"","katalog-cover":1092,"katalog-file":1116},{"catalog-name":"Catalogue HELLA des relais, avertisseurs et interrupteurs 2012","catalog-description":"","katalog-cover":1096,"katalog-file":1120},{"catalog-name":"Catalogue HELLA Signals","catalog-description":"","katalog-cover":1100,"katalog-file":1124},{"catalog-name":"HELLA D\u00e9marreurs et Alternateurs 2013-2014","catalog-description":"","katalog-cover":1104,"katalog-file":1128},{"catalog-name":"HELLA Heavy Duty Engine Cooling & Air Condition Catalog 2012","catalog-description":"","katalog-cover":1084,"katalog-file":1108}],"logo-reihenfolge":21,"spare-part-table":""},"_links":{"self":[{"href":"https:\/\/konpart.de\/fr\/wp-json\/wp\/v2\/product\/4188","targetHints":{"allow":["GET"]}}],"collection":[{"href":"https:\/\/konpart.de\/fr\/wp-json\/wp\/v2\/product"}],"about":[{"href":"https:\/\/konpart.de\/fr\/wp-json\/wp\/v2\/types\/product"}],"wp:featuredmedia":[{"embeddable":true,"href":"https:\/\/konpart.de\/fr\/wp-json\/wp\/v2\/media\/3605"}],"wp:attachment":[{"href":"https:\/\/konpart.de\/fr\/wp-json\/wp\/v2\/media?parent=4188"}],"wp:term":[{"taxonomy":"product-type","embeddable":true,"href":"https:\/\/konpart.de\/fr\/wp-json\/wp\/v2\/product-type?post=4188"}],"curies":[{"name":"wp","href":"https:\/\/api.w.org\/{rel}","templated":true}]}}