{"id":4189,"date":"2024-11-21T15:59:17","date_gmt":"2024-11-21T14:59:17","guid":{"rendered":"https:\/\/konpart.de\/product\/laso\/"},"modified":"2025-10-14T14:12:04","modified_gmt":"2025-10-14T12:12:04","slug":"laso","status":"publish","type":"product","link":"https:\/\/konpart.de\/fr\/product\/laso\/","title":{"rendered":"Laso"},"excerpt":{"rendered":"<p>Depuis plus de 40 ans, LASO produit des pi\u00e8ces d\u00e9tach\u00e9es pour voitures, bus et camions \u00e0 Olpe, en Allemagne. Le savoir-faire artisanal et les lignes de production modernes sont la cl\u00e9 d&rsquo;une qualit\u00e9 et d&rsquo;une pr\u00e9cision optimales. <\/p>\n","protected":false},"featured_media":3621,"template":"","meta":{"_acf_changed":false},"product-type":[],"class_list":["post-4189","product","type-product","status-publish","has-post-thumbnail","hentry"],"acf":{"product-claim":"Produits Laso","product-description":"Depuis plus de 40 ans, LASO produit des pi\u00e8ces d\u00e9tach\u00e9es pour voitures, bus et camions \u00e0 Olpe, en Allemagne. Le savoir-faire artisanal et les lignes de production modernes sont la cl\u00e9 d'une qualit\u00e9 et d'une pr\u00e9cision optimales. \n\n[ws-catalog]\n\nEn tant qu'acteur de niche, LASO se concentre sur les composants de moteur sophistiqu\u00e9s tels que les pompes \u00e0 huile et \u00e0 eau. Nous produisons principalement pour les camions et les voitures europ\u00e9ennes. Notre philosophie est de produire une gamme de produits pour une large s\u00e9lection de marques - dans une qualit\u00e9 aussi bonne que l'original, de \"A\" pour Audi \u00e0 \"V\" pour Volvo.  ","catalog":[{"catalog-name":"Catalogue principal des pi\u00e8ces d\u00e9tach\u00e9es LASO Cars 2009","catalog-description":"","katalog-cover":1205,"katalog-file":1185},{"catalog-name":"Catalogue principal des pi\u00e8ces d\u00e9tach\u00e9es LASO Trucks 2011","catalog-description":"","katalog-cover":1209,"katalog-file":1189},{"catalog-name":"LASO Pi\u00e8ces d\u00e9tach\u00e9es Porsche Catalogue 2014","catalog-description":"","katalog-cover":1217,"katalog-file":1197},{"catalog-name":"LASO Pi\u00e8ces d\u00e9tach\u00e9es Mercedes-Benz Trucks Catalogue 2012","catalog-description":"","katalog-cover":1213,"katalog-file":1193},{"catalog-name":"LASO Pi\u00e8ces d\u00e9tach\u00e9es Volvo Trucks Catalogue 2014","catalog-description":"","katalog-cover":1221,"katalog-file":1201}],"logo-reihenfolge":"","spare-part-table":""},"_links":{"self":[{"href":"https:\/\/konpart.de\/fr\/wp-json\/wp\/v2\/product\/4189","targetHints":{"allow":["GET"]}}],"collection":[{"href":"https:\/\/konpart.de\/fr\/wp-json\/wp\/v2\/product"}],"about":[{"href":"https:\/\/konpart.de\/fr\/wp-json\/wp\/v2\/types\/product"}],"wp:featuredmedia":[{"embeddable":true,"href":"https:\/\/konpart.de\/fr\/wp-json\/wp\/v2\/media\/3621"}],"wp:attachment":[{"href":"https:\/\/konpart.de\/fr\/wp-json\/wp\/v2\/media?parent=4189"}],"wp:term":[{"taxonomy":"product-type","embeddable":true,"href":"https:\/\/konpart.de\/fr\/wp-json\/wp\/v2\/product-type?post=4189"}],"curies":[{"name":"wp","href":"https:\/\/api.w.org\/{rel}","templated":true}]}}