{"id":4192,"date":"2024-11-21T16:20:08","date_gmt":"2024-11-21T15:20:08","guid":{"rendered":"https:\/\/konpart.de\/product\/produits-mahle\/"},"modified":"2025-10-14T14:12:08","modified_gmt":"2025-10-14T12:12:08","slug":"produits-mahle","status":"publish","type":"product","link":"https:\/\/konpart.de\/fr\/product\/produits-mahle\/","title":{"rendered":"Produits Mahle"},"excerpt":{"rendered":"<p>En tant que partenaire de d\u00e9veloppement mondial de premier plan pour l&rsquo;industrie automobile et des moteurs, MAHLE offre une comp\u00e9tence unique en mati\u00e8re de syst\u00e8mes dans le domaine du moteur \u00e0 combustion interne et des p\u00e9riph\u00e9riques de moteur. Avec ses deux unit\u00e9s commerciales Syst\u00e8mes et composants de moteur et Filtration et p\u00e9riph\u00e9riques de moteur, le groupe MAHLE se classe parmi les trois plus grands fournisseurs de syst\u00e8mes. <\/p>\n","protected":false},"featured_media":3629,"template":"","meta":{"_acf_changed":false},"product-type":[],"class_list":["post-4192","product","type-product","status-publish","has-post-thumbnail","hentry"],"acf":{"product-claim":"Produits Mahle","product-description":"En tant que partenaire de d\u00e9veloppement mondial de premier plan pour l'industrie automobile et des moteurs, MAHLE offre une comp\u00e9tence unique en mati\u00e8re de syst\u00e8mes pour le moteur \u00e0 combustion interne et les p\u00e9riph\u00e9riques de moteur. Avec ses deux unit\u00e9s commerciales Syst\u00e8mes et composants de moteurs et Filtration et p\u00e9riph\u00e9riques de moteurs, le groupe MAHLE se classe parmi les trois premiers fournisseurs mondiaux de syst\u00e8mes de pistons, de composants de cylindres, ainsi que de syst\u00e8mes de commande de soupapes, de gestion de l'air et de gestion des liquides. Presque tous les constructeurs d'automobiles et de moteurs du monde entier sont des clients de MAHLE.  \n\nDepuis plus de 90 ans, MAHLE joue un r\u00f4le d\u00e9cisif dans le d\u00e9veloppement de la technologie automobile et des moteurs, \u00e9tablissant sans cesse de nouvelles normes. Chaque employ\u00e9 de MAHLE fait preuve d'un enthousiasme d\u00e9bordant pour la performance, la pr\u00e9cision et la perfection. \n\nMAHLE est pr\u00e9sent localement sur tous les principaux march\u00e9s mondiaux. Environ 49 000 employ\u00e9s travaillent dans plus de 100 usines de production et huit centres de recherche et de d\u00e9veloppement \u00e0 Stuttgart, Northampton, Detroit (Farmington Hills, Novi), Tokyo (Kawagoe, Okegawa), Shanghai et S\u00e3o Paulo (Jundia\u00ed). Dans le monde entier, environ 3 000 ing\u00e9nieurs et techniciens de d\u00e9veloppement travaillent sur des concepts, des produits et des syst\u00e8mes d'avenir pour le d\u00e9veloppement continu des groupes motopropulseurs des v\u00e9hicules.  \n\nL'unit\u00e9 commerciale Industrie regroupe les activit\u00e9s industrielles du groupe MAHLE. Il s'agit notamment des secteurs des gros moteurs, de la filtration industrielle, ainsi que des syst\u00e8mes de refroidissement et de climatisation pour les v\u00e9hicules ferroviaires et sp\u00e9ciaux, les autobus, les navires, les machines de construction et agricoles, l'industrie a\u00e9rospatiale et les gros moteurs stationnaires pour la production d'\u00e9nergie. L'unit\u00e9 commerciale Aftermarket approvisionne le march\u00e9 ind\u00e9pendant des pi\u00e8ces d\u00e9tach\u00e9es en produits MAHLE de qualit\u00e9 OE.  ","catalog":null,"logo-reihenfolge":7,"spare-part-table":""},"_links":{"self":[{"href":"https:\/\/konpart.de\/fr\/wp-json\/wp\/v2\/product\/4192","targetHints":{"allow":["GET"]}}],"collection":[{"href":"https:\/\/konpart.de\/fr\/wp-json\/wp\/v2\/product"}],"about":[{"href":"https:\/\/konpart.de\/fr\/wp-json\/wp\/v2\/types\/product"}],"wp:featuredmedia":[{"embeddable":true,"href":"https:\/\/konpart.de\/fr\/wp-json\/wp\/v2\/media\/3629"}],"wp:attachment":[{"href":"https:\/\/konpart.de\/fr\/wp-json\/wp\/v2\/media?parent=4192"}],"wp:term":[{"taxonomy":"product-type","embeddable":true,"href":"https:\/\/konpart.de\/fr\/wp-json\/wp\/v2\/product-type?post=4192"}],"curies":[{"name":"wp","href":"https:\/\/api.w.org\/{rel}","templated":true}]}}