{"id":4194,"date":"2024-11-21T16:22:46","date_gmt":"2024-11-21T15:22:46","guid":{"rendered":"https:\/\/konpart.de\/product\/monark\/"},"modified":"2025-10-14T14:12:11","modified_gmt":"2025-10-14T12:12:11","slug":"monark","status":"publish","type":"product","link":"https:\/\/konpart.de\/fr\/product\/monark\/","title":{"rendered":"Monark"},"excerpt":{"rendered":"<p>Depuis des d\u00e9cennies, MONARK est un fabricant allemand reconnu de pi\u00e8ces d&rsquo;injection, de d\u00e9marreurs, d&rsquo;alternateurs et d&rsquo;autres pi\u00e8ces d\u00e9tach\u00e9es automobiles. Les pi\u00e8ces de rechange de qualit\u00e9 OE de MONARK sont fournies aux fabricants de l&rsquo;industrie automobile internationale ainsi qu&rsquo;au march\u00e9 de l&rsquo;apr\u00e8s-vente. <\/p>\n","protected":false},"featured_media":3633,"template":"","meta":{"_acf_changed":false},"product-type":[],"class_list":["post-4194","product","type-product","status-publish","has-post-thumbnail","hentry"],"acf":{"product-claim":"Produits MONARK","product-description":"<h3>Pi\u00e8ces d'injection, d\u00e9marreurs et alternateurs de qualit\u00e9 OE<\/h3>\nDepuis des d\u00e9cennies, MONARK est un fabricant allemand reconnu de pi\u00e8ces d'injection, de d\u00e9marreurs, d'alternateurs et d'autres pi\u00e8ces d\u00e9tach\u00e9es automobiles. Les pi\u00e8ces de rechange de qualit\u00e9 OE de MONARK sont fournies aux fabricants de l'industrie automobile internationale ainsi qu'au march\u00e9 de l'apr\u00e8s-vente. \n\n<strong>Pi\u00e8ces pour l'injection<\/strong>\n<ul>\n \t<li><a href=\"https:\/\/konpart.de\/products\/monark\/monark-injectors\/\" hreflang=\"en\">Injecteurs MONARK<\/a><\/li>\n \t<li><a href=\"https:\/\/konpart.de\/products\/monark\/monark-injection-pumps\/\" hreflang=\"en\">Pompes \u00e0 injection MONARK<\/a><\/li>\n \t<li><a href=\"https:\/\/konpart.de\/products\/monark\/monark-remanufactured-injection-pumps\/\" hreflang=\"en\">Pompes \u00e0 injection MONARK remises \u00e0 neuf<\/a><\/li>\n \t<li><a href=\"https:\/\/konpart.de\/products\/monark\/monark-injector-nozzles\/\" hreflang=\"en\">Buses d'injecteurs MONARK<\/a><\/li>\n \t<li><a href=\"https:\/\/konpart.de\/products\/monark\/monark-pins\/\" hreflang=\"en\">\u00c9pingles MONARK<\/a><\/li>\n \t<li><a href=\"https:\/\/konpart.de\/products\/monark\/monark-pump-elements\/\" hreflang=\"en\">\u00c9l\u00e9ments de pompe MONARK<\/a><\/li>\n \t<li><a href=\"https:\/\/konpart.de\/products\/monark\/monark-fuel-pumps\/\" hreflang=\"en\">Pompes \u00e0 carburant MONARK<\/a><\/li>\n \t<li><a href=\"https:\/\/konpart.de\/products\/monark\/monark-feed-pumps\/\" hreflang=\"en\">Pompes d'alimentation MONARK<\/a><\/li>\n \t<li><a href=\"https:\/\/konpart.de\/products\/monark\/monark-hand-feed-pumps\/\" hreflang=\"en\">Pompes \u00e0 main MONARK<\/a><\/li>\n \t<li><a href=\"https:\/\/konpart.de\/products\/monark\/monark-high-pressure-pumps-common-rail\/\" hreflang=\"en\">Pompes haute pression MONARK (Common Rail)<\/a><\/li>\n \t<li><a href=\"https:\/\/konpart.de\/products\/monark\/monark-sender-units\/\" hreflang=\"en\">Unit\u00e9s \u00e9mettrices MONARK<\/a><\/li>\n \t<li><a href=\"https:\/\/konpart.de\/products\/monark\/monark-switches-ignition-system\/\" hreflang=\"en\">Interrupteurs MONARK, syst\u00e8me d'allumage<\/a><\/li>\n \t<li><a href=\"https:\/\/konpart.de\/products\/monark\/monark-membranes\/\" hreflang=\"en\">Membranes MONARK<\/a><\/li>\n \t<li><a href=\"https:\/\/konpart.de\/products\/monark\/monark-glow-plugs\/\" hreflang=\"en\">Bougies phosphorescentes MONARK<\/a><\/li>\n<\/ul>\n<strong>D\u00e9marreurs et alternateurs<\/strong>\n<ul>\n \t<li><a href=\"https:\/\/konpart.de\/products\/monark\/monark-starters\/\" hreflang=\"en\">D\u00e9butants MONARK<\/a><\/li>\n \t<li><a href=\"https:\/\/konpart.de\/products\/monark\/monark-remanufactured-starters\/\" hreflang=\"en\">D\u00e9marreurs MONARK remanufactur\u00e9s<\/a><\/li>\n \t<li><a href=\"https:\/\/konpart.de\/products\/monark\/monark-armatures\/\" hreflang=\"en\">Armatures MONARK<\/a><\/li>\n \t<li><a href=\"https:\/\/konpart.de\/products\/monark\/monark-carbon-brushes\/\" hreflang=\"en\">Balais de carbone MONARK<\/a><\/li>\n \t<li><a href=\"https:\/\/konpart.de\/products\/monark\/monark-collector-end-shield-bushes\/\" hreflang=\"en\">Douilles d'extr\u00e9mit\u00e9 de collecteur MONARK<\/a><\/li>\n \t<li><a href=\"https:\/\/konpart.de\/products\/monark\/monark-communator-end-shields\/\" hreflang=\"en\">Boucliers d'extr\u00e9mit\u00e9 du collecteur MONARK<\/a><\/li>\n \t<li><a href=\"https:\/\/konpart.de\/products\/monark\/monark-field-windings\/\" hreflang=\"en\">Enroulements de champ MONARK<\/a><\/li>\n \t<li><a href=\"https:\/\/konpart.de\/products\/monark\/monark-ignition-coils\/\" hreflang=\"en\">Bobines d'allumage MONARK<\/a><\/li>\n \t<li><a href=\"https:\/\/konpart.de\/products\/monark\/monark-ignition-starter-switches\/\" hreflang=\"en\">Commutateurs d'allumage et de d\u00e9marrage MONARK<\/a><\/li>\n \t<li><a href=\"https:\/\/konpart.de\/products\/monark\/monark-levers\/\" hreflang=\"en\">Levier MONARK<\/a><\/li>\n \t<li><a href=\"https:\/\/konpart.de\/products\/monark\/monark-multiple-disc-clutches\/\" hreflang=\"en\">Embrayages \u00e0 disques multiples MONARK<\/a><\/li>\n \t<li><a href=\"https:\/\/konpart.de\/products\/monark\/monark-planetary-gears\/\" hreflang=\"en\">Engrenages plan\u00e9taires MONARK<\/a><\/li>\n \t<li><a href=\"https:\/\/konpart.de\/products\/monark\/monark-solenoid-switches\/\" hreflang=\"en\">Interrupteurs sol\u00e9no\u00efdes MONARK<\/a><\/li>\n \t<li><a href=\"https:\/\/konpart.de\/products\/monark\/monark-alternators\/\" hreflang=\"en\">Alternateurs MONARK<\/a><\/li>\n \t<li><a href=\"https:\/\/konpart.de\/products\/monark\/monark-drive-bearings\/\" hreflang=\"en\">Roulements d'entra\u00eenement MONARK<\/a><\/li>\n \t<li><a href=\"https:\/\/konpart.de\/products\/monark\/monark-rectifiers\/\" hreflang=\"en\">Rectificateurs MONARK<\/a><\/li>\n \t<li><a href=\"https:\/\/konpart.de\/products\/monark\/monark-stators\/\" hreflang=\"en\">Stators MONARK<\/a><\/li>\n<\/ul>\n<strong>Eclairage<\/strong>\n<ul>\n \t<li><a href=\"https:\/\/konpart.de\/products\/monark\/monark-flasher-units\/\" hreflang=\"en\">Feux de signalisation MONARK<\/a><\/li>\n \t<li><a href=\"https:\/\/konpart.de\/products\/monark\/monark-control-stalks\/\" hreflang=\"en\">Les tiges de contr\u00f4le MONARK<\/a><\/li>\n<\/ul>\n<strong>Pi\u00e8ces de frein<\/strong>\n<ul>\n \t<li><a href=\"https:\/\/konpart.de\/products\/monark\/monark-brake-cylinders\/\" hreflang=\"en\">Cylindres de frein MONARK<\/a><\/li>\n \t<li><a href=\"https:\/\/konpart.de\/products\/monark\/monark-brake-power-regulators\/\" hreflang=\"en\">R\u00e9gulateurs de puissance de freinage MONARK<\/a><\/li>\n \t<li><a href=\"https:\/\/konpart.de\/products\/monark\/monark-coupling-heads\/\" hreflang=\"en\">T\u00eates d'accouplement MONARK<\/a><\/li>\n \t<li><a href=\"https:\/\/konpart.de\/products\/monark\/monark-pressure-control-valves\/\" hreflang=\"en\">Vannes de contr\u00f4le de pression MONARK<\/a><\/li>\n \t<li><a href=\"https:\/\/konpart.de\/products\/monark\/monark-pressure-converters\/\" hreflang=\"en\">Convertisseurs de pression MONARK<\/a><\/li>\n<\/ul>\n<strong>Autres pi\u00e8ces<\/strong>\n<ul>\n \t<li><a href=\"https:\/\/konpart.de\/products\/monark\/monark-valves\/\" hreflang=\"en\">Vannes MONARK<\/a><\/li>\n \t<li><a href=\"https:\/\/konpart.de\/products\/monark\/monark-switches\/\" hreflang=\"en\">Interrupteurs MONARK<\/a><\/li>\n \t<li><a href=\"https:\/\/konpart.de\/products\/monark\/monark-temperatur-switches\/\" hreflang=\"en\">Interrupteurs de temp\u00e9rature MONARK<\/a><\/li>\n \t<li><a href=\"https:\/\/konpart.de\/products\/monark\/monark-oil-pressures-switches\/\" hreflang=\"en\">Pressostats d'huile MONARK<\/a><\/li>\n \t<li><a href=\"https:\/\/konpart.de\/products\/monark\/monark-control-units\/\" hreflang=\"en\">Unit\u00e9s de contr\u00f4le MONARK<\/a><\/li>\n \t<li><a href=\"https:\/\/konpart.de\/products\/monark\/monark-relays\/\" hreflang=\"en\">Relais MONARK<\/a><\/li>\n \t<li><a href=\"https:\/\/konpart.de\/products\/monark\/monark-bearings\/\" hreflang=\"en\">Roulements MONARK<\/a><\/li>\n \t<li><a href=\"https:\/\/konpart.de\/products\/monark\/monark-rotors\/\" hreflang=\"en\">Rotors MONARK<\/a><\/li>\n \t<li><a href=\"https:\/\/konpart.de\/products\/monark\/monark-adapters\/\" hreflang=\"en\">Adaptateurs MONARK<\/a><\/li>\n \t<li><a href=\"https:\/\/konpart.de\/products\/monark\/monark-compressors\/\" hreflang=\"en\">Compresseurs MONARK<\/a><\/li>\n \t<li><a href=\"https:\/\/konpart.de\/products\/monark\/monark-repair-kits\/\" hreflang=\"en\">Kits de r\u00e9paration MONARK<\/a><\/li>\n<\/ul>\n\u00a0\n\nEn tant qu'OEM, les normes de qualit\u00e9 les plus \u00e9lev\u00e9es sont cruciales pour MONARK. C'est pourquoi tous les processus de fabrication de MONARK sont conformes aux normes ISO 9001:2008. \n<h3>MONARK Pi\u00e8ces d'injection de qualit\u00e9 OE - neuves et remises \u00e0 neuf<\/h3>\nOutre la fabrication de nouvelles pi\u00e8ces d'injection, Monark poss\u00e8de un site de reconditionnement automobile avec une longue tradition pour la r\u00e9g\u00e9n\u00e9ration des pompes d'injection. Son usine moderne, avec des sp\u00e9cialistes exp\u00e9riment\u00e9s et des processus bien \u00e9tablis, fait des pi\u00e8ces d'injection remises \u00e0 neuf de MONARK un choix de premier ordre pour les fabricants d'\u00e9quipement d'origine et le march\u00e9 de l'apr\u00e8s-vente. \n\nActuellement, MONARK offre un service de r\u00e9paration pour les marques de pi\u00e8ces d'injection suivantes :\n<ul>\n \t<li>Bosch<\/li>\n \t<li>Delphi<\/li>\n \t<li>Denso<\/li>\n \t<li>VDO\/Continental<\/li>\n<\/ul>\nTous les processus de reconditionnement de MONARK sont conformes aux normes ISO 9001:2008 et ISO\/TS 16949:2009.\n\n[ws-catalog]","catalog":[{"catalog-name":"MONARK Injection Parts, Starters & Alternators Cars Catalog 2014","catalog-description":"","katalog-cover":1272,"katalog-file":1256},{"catalog-name":"MONARK Injection Parts, Starters & Alternators Trucks Catalog 2014","catalog-description":"","katalog-cover":1276,"katalog-file":1260},{"catalog-name":"Catalogue Common Rail MONARK 2014","catalog-description":"","katalog-cover":1264,"katalog-file":1248},{"catalog-name":"MONARK Rebuild Fuel Injection Pumps Catalog 2014","catalog-description":"","katalog-cover":1268,"katalog-file":1252}],"logo-reihenfolge":"","spare-part-table":""},"_links":{"self":[{"href":"https:\/\/konpart.de\/fr\/wp-json\/wp\/v2\/product\/4194","targetHints":{"allow":["GET"]}}],"collection":[{"href":"https:\/\/konpart.de\/fr\/wp-json\/wp\/v2\/product"}],"about":[{"href":"https:\/\/konpart.de\/fr\/wp-json\/wp\/v2\/types\/product"}],"wp:featuredmedia":[{"embeddable":true,"href":"https:\/\/konpart.de\/fr\/wp-json\/wp\/v2\/media\/3633"}],"wp:attachment":[{"href":"https:\/\/konpart.de\/fr\/wp-json\/wp\/v2\/media?parent=4194"}],"wp:term":[{"taxonomy":"product-type","embeddable":true,"href":"https:\/\/konpart.de\/fr\/wp-json\/wp\/v2\/product-type?post=4194"}],"curies":[{"name":"wp","href":"https:\/\/api.w.org\/{rel}","templated":true}]}}