{"id":579,"date":"2024-11-12T17:18:05","date_gmt":"2024-11-12T16:18:05","guid":{"rendered":"https:\/\/konpart.de\/product\/bosch\/"},"modified":"2025-10-14T14:11:33","modified_gmt":"2025-10-14T12:11:33","slug":"bosch","status":"publish","type":"product","link":"https:\/\/konpart.de\/fr\/product\/bosch\/","title":{"rendered":"Bosch"},"excerpt":{"rendered":"<p>Bosch (Robert Bosch GmbH) est le premier fournisseur mondial de pi\u00e8ces d\u00e9tach\u00e9es automobiles. Faisant partie du groupe Bosch, Robert Bosch GmbH compte plus de 450 filiales et soci\u00e9t\u00e9s r\u00e9gionales dans plus de 60 pays. <\/p>\n","protected":false},"featured_media":558,"template":"","meta":{"_acf_changed":false},"product-type":[],"class_list":["post-579","product","type-product","status-publish","has-post-thumbnail","hentry"],"acf":{"product-claim":"Le premier \u00e9quipementier mondial","product-description":"Bosch (Robert Bosch GmbH) est le premier fournisseur mondial de pi\u00e8ces d\u00e9tach\u00e9es automobiles. Faisant partie du groupe Bosch, Robert Bosch GmbH compte plus de 450 filiales et soci\u00e9t\u00e9s r\u00e9gionales dans plus de 60 pays. Le r\u00e9seau mondial de d\u00e9veloppement, de fabrication et de vente constitue la base de la croissance de Bosch. Avec sa gamme compl\u00e8te de produits, Bosch am\u00e9liore la qualit\u00e9 de vie en fournissant des pi\u00e8ces de rechange et d'usure de la plus haute qualit\u00e9, \u00e0 la fois innovantes et durables.   \n\nAvec environ 450 000 articles dans la gamme de pi\u00e8ces d\u00e9tach\u00e9es Bosch, Bosch fournit une gamme compl\u00e8te de produits de qualit\u00e9 OE :\n<ul>\n \t<li>Injection diesel<\/li>\n \t<li>Approvisionnement en carburant<\/li>\n \t<li>Moteurs \u00e9lectroniques<\/li>\n \t<li>D\u00e9marreurs et alternateurs<\/li>\n \t<li>Capteurs<\/li>\n \t<li>Relais et sol\u00e9no\u00efdes<\/li>\n \t<li>Cornes<\/li>\n \t<li>Eclairage<\/li>\n \t<li>Courroies d'entra\u00eenement<\/li>\n \t<li>Freins<\/li>\n \t<li>Bougies d'allumage<\/li>\n \t<li>Filtres<\/li>\n \t<li>Ampoules<\/li>\n \t<li>Piles<\/li>\n \t<li>Pare-brise<\/li>\n<\/ul>\nKonPart Import-Export GmbH est en mesure de fournir la gamme compl\u00e8te des produits Bosch.\n\n\u00a0\n\n<img class=\"alignnone wp-image-561 size-full\" title=\"Produits Bosch\" src=\"https:\/\/konpart.de\/wp-content\/uploads\/2024\/11\/bosch_small.webp\" alt=\"Image de Bosch Products\" width=\"600\" height=\"396\">","catalog":null,"logo-reihenfolge":22,"spare-part-table":""},"_links":{"self":[{"href":"https:\/\/konpart.de\/fr\/wp-json\/wp\/v2\/product\/579","targetHints":{"allow":["GET"]}}],"collection":[{"href":"https:\/\/konpart.de\/fr\/wp-json\/wp\/v2\/product"}],"about":[{"href":"https:\/\/konpart.de\/fr\/wp-json\/wp\/v2\/types\/product"}],"wp:featuredmedia":[{"embeddable":true,"href":"https:\/\/konpart.de\/fr\/wp-json\/wp\/v2\/media\/558"}],"wp:attachment":[{"href":"https:\/\/konpart.de\/fr\/wp-json\/wp\/v2\/media?parent=579"}],"wp:term":[{"taxonomy":"product-type","embeddable":true,"href":"https:\/\/konpart.de\/fr\/wp-json\/wp\/v2\/product-type?post=579"}],"curies":[{"name":"wp","href":"https:\/\/api.w.org\/{rel}","templated":true}]}}